{"id":7764,"date":"2017-02-27T15:40:52","date_gmt":"2017-02-27T18:40:52","guid":{"rendered":"http:\/\/www.ve-global.org\/?page_id=7764\/"},"modified":"2017-10-20T10:37:34","modified_gmt":"2017-10-20T13:37:34","slug":"donde-trabajamos-2","status":"publish","type":"page","link":"http:\/\/www.ve-global.org\/es\/quienes-somos\/donde-trabajamos-2\/","title":{"rendered":"D\u00f3nde Trabajamos"},"content":{"rendered":"<p>&nbsp;<\/p>\n<h1><img loading=\"lazy\" decoding=\"async\" class=\"alignleft size-full wp-image-7765\" src=\"http:\/\/www.ve-global.org\/wp-content\/uploads\/2017\/02\/D\u00f3nde-trabajamos.png\" alt=\"\" width=\"900\" height=\"240\" srcset=\"http:\/\/www.ve-global.org\/wp-content\/uploads\/2017\/02\/D\u00f3nde-trabajamos.png 900w, http:\/\/www.ve-global.org\/wp-content\/uploads\/2017\/02\/D\u00f3nde-trabajamos-300x80.png 300w, http:\/\/www.ve-global.org\/wp-content\/uploads\/2017\/02\/D\u00f3nde-trabajamos-768x205.png 768w, http:\/\/www.ve-global.org\/wp-content\/uploads\/2017\/02\/D\u00f3nde-trabajamos-620x165.png 620w, http:\/\/www.ve-global.org\/wp-content\/uploads\/2017\/02\/D\u00f3nde-trabajamos-195x52.png 195w\" sizes=\"auto, (max-width: 900px) 100vw, 900px\" \/><\/h1>\n<h1><\/h1>\n<p style=\"text-align: justify;\">Las residencias que cuidan a ni\u00f1os quienes han sido retirados de sus casas debido a abusos o negligencias y puestos en los hogares por el gobierno chileno. Los centros comunitarios asisten a ni\u00f1os de los barrios m\u00e1s vulnerables, d\u00e1ndoles apoyo post escolar, ayuda familiar y gu\u00eda emocional. VE tambi\u00e9n trabaja con una escuela que educa a ni\u00f1os con necesidades especiales y una guarder\u00eda para ni\u00f1os que viven en uno de los \u201ccampamentos\u201d de Santiago.<br \/>\n<div class=\"divider divider-shadow\"><\/div><\/p>\n<div id=\"attachment_6709\" style=\"width: 415px\" class=\"wp-caption aligncenter\"><img loading=\"lazy\" decoding=\"async\" aria-describedby=\"caption-attachment-6709\" class=\"wp-image-6709\" src=\"http:\/\/www.ve-global.org\/wp-content\/uploads\/2016\/08\/map-intervencion.pptx.jpg\" alt=\"map intervencion\" width=\"405\" height=\"408\" srcset=\"http:\/\/www.ve-global.org\/wp-content\/uploads\/2016\/08\/map-intervencion.pptx.jpg 716w, http:\/\/www.ve-global.org\/wp-content\/uploads\/2016\/08\/map-intervencion.pptx-150x150.jpg 150w, http:\/\/www.ve-global.org\/wp-content\/uploads\/2016\/08\/map-intervencion.pptx-298x300.jpg 298w, http:\/\/www.ve-global.org\/wp-content\/uploads\/2016\/08\/map-intervencion.pptx-620x623.jpg 620w, http:\/\/www.ve-global.org\/wp-content\/uploads\/2016\/08\/map-intervencion.pptx-195x195.jpg 195w, http:\/\/www.ve-global.org\/wp-content\/uploads\/2016\/08\/map-intervencion.pptx-130x130.jpg 130w, http:\/\/www.ve-global.org\/wp-content\/uploads\/2016\/08\/map-intervencion.pptx-70x70.jpg 70w, http:\/\/www.ve-global.org\/wp-content\/uploads\/2016\/08\/map-intervencion.pptx-45x45.jpg 45w\" sizes=\"auto, (max-width: 405px) 100vw, 405px\" \/><p id=\"caption-attachment-6709\" class=\"wp-caption-text\">Trabajamos en 13 comunas de Santiago<\/p><\/div>\n<p>&nbsp;<\/p>\n<p>&nbsp;<\/p>\n <div class=\"column grid_6\"><p>\u00bfTe interesa que tu hogar participe en nuestro programa de voluntariado y de Vida Independiente gratuitamente?<\/p>\n<p><img loading=\"lazy\" decoding=\"async\" class=\"wp-image-7766 aligncenter\" src=\"http:\/\/www.ve-global.org\/wp-content\/uploads\/2017\/02\/POSTULA-YA-BOTON-AZUL.png\" alt=\"\" width=\"145\" height=\"93\" srcset=\"http:\/\/www.ve-global.org\/wp-content\/uploads\/2017\/02\/POSTULA-YA-BOTON-AZUL.png 280w, http:\/\/www.ve-global.org\/wp-content\/uploads\/2017\/02\/POSTULA-YA-BOTON-AZUL-195x125.png 195w\" sizes=\"auto, (max-width: 145px) 100vw, 145px\" \/><\/p>\n<h2 style=\"text-align: justify;\"><\/h2>\n<p style=\"text-align: justify;\"><span style=\"font-size: 16px;\"><\/p>\n<\/div><div class=\"column grid_6 last\"><p>\u00a0<\/span>Capacitaciones y entrenamientos para equipos t\u00e9cnicos. Muy pronto.<\/p>\n<p><img loading=\"lazy\" decoding=\"async\" class=\"wp-image-7768 aligncenter\" src=\"http:\/\/www.ve-global.org\/wp-content\/uploads\/2017\/02\/Capacitaciones-boton.png\" alt=\"\" width=\"147\" height=\"94\" srcset=\"http:\/\/www.ve-global.org\/wp-content\/uploads\/2017\/02\/Capacitaciones-boton.png 280w, http:\/\/www.ve-global.org\/wp-content\/uploads\/2017\/02\/Capacitaciones-boton-195x125.png 195w\" sizes=\"auto, (max-width: 147px) 100vw, 147px\" \/><\/p>\n<\/div><div class=\"clear\"><\/div><div class=\"clear\"><\/div><p>&nbsp;<\/p>\n<p>Estas son las residencias en las que actualmente participan nuestros voluntarios:<\/p>\n<p style=\"text-align: justify;\">\n<div class=\"divider divider-shadow\"><\/div>\n<h2><em>Casa Fundaci\u00f3n Acompa\u00f1a<\/em><\/h2>\n<p><span style=\"font-weight: 400;\">Casa Fundaci\u00f3n Acompa\u00f1a, es una nueva residencia que trabaja para restaurar los derechos de las ni\u00f1as que han sufrido negligencia o abuso. Actualmente, Casa Acompa\u00f1a tiene a su cuidado a 12 ni\u00f1as de 6 a 17 a\u00f1os. Los voluntarios de VE \u00a0ofrecen ayuda con tareas del colegio, talleres entretenidos, apoyo emocional y ayuda con las tareas cotidiana, apoyando tambi\u00e9n el trabajo de las t\u00edas.<\/span><\/p>\n<div class=\"divider divider-shadow\"><\/div>\n<h2><em>Nuestra Se\u00f1ora de la Paz<\/em><\/h2>\n<p><span style=\"font-weight: 400;\">En 1980, Nuestra Se\u00f1ora de la Paz fue fundada para apoyar a ni\u00f1as que se encuentran en situaciones irregulares o conflictivas, y tambi\u00e9n para apoyar a sus familias. Muchas de ellas han sufrido abandono, abuso y violencia intrafamiliar. Actualmente viven 30 chicas en el hogar, de entre 6 y 18 a\u00f1os. La casa tiene como objetivo reinsertar a las ni\u00f1as a su familia y ense\u00f1arles valores fundamentales como el respeto, la responsabilidad y la solidaridad. Los voluntarios apoyan al equipo con entretenidos talleres y actividades.<\/span><\/p>\n<p style=\"text-align: justify;\"><div class=\"divider divider-shadow\"><\/div><\/p>\n<h2 style=\"text-align: justify;\"><em>Centro Comunitario Domingo Savio<\/em><\/h2>\n<p style=\"text-align: justify;\">Aunque fue fundado como un hogar en 1979, <em>Mi Club Domingo Savio<\/em> ahora es un centro comunitario para aproximadamente 40 ni\u00f1os entre 5 y 14 a\u00f1os. Ubicado en La Granja, una de las \u00e1reas m\u00e1s vulnerables de Santiago, <em>Domingo Savio<\/em> provee un ambiente familiar de largo plazo para ni\u00f1os que carecen de una situaci\u00f3n familiar estable. Se esfuerzan para mejorar su rendimiento y darles un sentido de esperanza y optimismo acerca de sus futuros.<\/p>\n<p style=\"text-align: justify;\">Los voluntarios de VE ayudan a las t\u00edas y t\u00edos con talleres de diferentes tipos: de arte, teatro, y carpinter\u00eda; ayudan durante el tiempo dedicado a las tareas escolares y tambi\u00e9n hacen sus propios talleres de cocina, de lectura o de ingl\u00e9s, entre otros.<br \/>\n<div class=\"clear\"><\/div><\/p>\n","protected":false},"excerpt":{"rendered":"<p>&nbsp; Las residencias que cuidan a ni\u00f1os quienes han sido retirados de sus casas debido a abusos o negligencias y puestos en los hogares por el gobierno chileno. Los centros comunitarios asisten a ni\u00f1os de los barrios m\u00e1s vulnerables, d\u00e1ndoles apoyo post escolar, ayuda familiar y gu\u00eda emocional. VE tambi\u00e9n trabaja con una escuela que [&hellip;]<\/p>\n","protected":false},"author":8,"featured_media":0,"parent":114,"menu_order":0,"comment_status":"closed","ping_status":"closed","template":"","meta":{"footnotes":""},"class_list":["post-7764","page","type-page","status-publish","hentry"],"_links":{"self":[{"href":"http:\/\/www.ve-global.org\/es\/wp-json\/wp\/v2\/pages\/7764","targetHints":{"allow":["GET"]}}],"collection":[{"href":"http:\/\/www.ve-global.org\/es\/wp-json\/wp\/v2\/pages"}],"about":[{"href":"http:\/\/www.ve-global.org\/es\/wp-json\/wp\/v2\/types\/page"}],"author":[{"embeddable":true,"href":"http:\/\/www.ve-global.org\/es\/wp-json\/wp\/v2\/users\/8"}],"replies":[{"embeddable":true,"href":"http:\/\/www.ve-global.org\/es\/wp-json\/wp\/v2\/comments?post=7764"}],"version-history":[{"count":8,"href":"http:\/\/www.ve-global.org\/es\/wp-json\/wp\/v2\/pages\/7764\/revisions"}],"predecessor-version":[{"id":8357,"href":"http:\/\/www.ve-global.org\/es\/wp-json\/wp\/v2\/pages\/7764\/revisions\/8357"}],"up":[{"embeddable":true,"href":"http:\/\/www.ve-global.org\/es\/wp-json\/wp\/v2\/pages\/114"}],"wp:attachment":[{"href":"http:\/\/www.ve-global.org\/es\/wp-json\/wp\/v2\/media?parent=7764"}],"curies":[{"name":"wp","href":"https:\/\/api.w.org\/{rel}","templated":true}]}}