{"id":7611,"date":"2017-02-16T16:01:10","date_gmt":"2017-02-16T19:01:10","guid":{"rendered":"http:\/\/www.ve-global.org\/es\/?page_id=7611"},"modified":"2017-10-20T11:26:25","modified_gmt":"2017-10-20T14:26:25","slug":"programas","status":"publish","type":"page","link":"http:\/\/www.ve-global.org\/es\/programas\/","title":{"rendered":"Programas"},"content":{"rendered":"<p>Ve Global posee dos programas constituidos por distintas actividades:<\/p>\n<p>&nbsp;<\/p>\n<ul>\n<li>\n<h3><strong>Voluntariado internacional<\/strong><\/h3>\n<h3><\/h3>\n<p>Constituye de cuatro iniciativas educativas ( \u00a1Vamos a Leer! , Festival de Arte, English in Motion y Liga de Deportes).\u00a0Cada uno\u00a0se realiza dos veces al a\u00f1o, excepto \u201cLiga de Deportes\u201d que se hace\u00a0mensualmente. El resto tiene una duraci\u00f3n de dos meses y finalizan con un evento de cierre para celebrar los logros de los ni\u00f1os.<\/li>\n<\/ul>\n<p>&nbsp;<\/p>\n<ul>\n<li>\n<h3><b>\u00a1Soy Independiente!<\/b><\/h3>\n<p>Consiste en\u00a0 talleres anuales que buscan fomentar la autonom\u00eda y se realiza de marzo a noviembre. Aqu\u00ed se busca apoyar a los j\u00f3venes participantes para\u00a0fortalecer los aspectos socio-emocionales, crear v\u00ednculos sociales y t\u00e9cnico-pr\u00e1cticos, facilitando su transici\u00f3n hacia la vida aut\u00f3noma al egreso de las residencias.<\/li>\n<\/ul>\n","protected":false},"excerpt":{"rendered":"<p>Ve Global posee dos programas constituidos por distintas actividades: &nbsp; Voluntariado internacional Constituye de cuatro iniciativas educativas ( \u00a1Vamos a Leer! , Festival de Arte, English in Motion y Liga de Deportes).\u00a0Cada uno\u00a0se realiza dos veces al a\u00f1o, excepto \u201cLiga de Deportes\u201d que se hace\u00a0mensualmente. El resto tiene una duraci\u00f3n de dos meses y finalizan [&hellip;]<\/p>\n","protected":false},"author":8,"featured_media":0,"parent":0,"menu_order":0,"comment_status":"closed","ping_status":"closed","template":"","meta":{"footnotes":""},"class_list":["post-7611","page","type-page","status-publish","hentry"],"_links":{"self":[{"href":"http:\/\/www.ve-global.org\/es\/wp-json\/wp\/v2\/pages\/7611","targetHints":{"allow":["GET"]}}],"collection":[{"href":"http:\/\/www.ve-global.org\/es\/wp-json\/wp\/v2\/pages"}],"about":[{"href":"http:\/\/www.ve-global.org\/es\/wp-json\/wp\/v2\/types\/page"}],"author":[{"embeddable":true,"href":"http:\/\/www.ve-global.org\/es\/wp-json\/wp\/v2\/users\/8"}],"replies":[{"embeddable":true,"href":"http:\/\/www.ve-global.org\/es\/wp-json\/wp\/v2\/comments?post=7611"}],"version-history":[{"count":4,"href":"http:\/\/www.ve-global.org\/es\/wp-json\/wp\/v2\/pages\/7611\/revisions"}],"predecessor-version":[{"id":8365,"href":"http:\/\/www.ve-global.org\/es\/wp-json\/wp\/v2\/pages\/7611\/revisions\/8365"}],"wp:attachment":[{"href":"http:\/\/www.ve-global.org\/es\/wp-json\/wp\/v2\/media?parent=7611"}],"curies":[{"name":"wp","href":"https:\/\/api.w.org\/{rel}","templated":true}]}}