{"id":7503,"date":"2017-02-15T13:26:39","date_gmt":"2017-02-15T16:26:39","guid":{"rendered":"http:\/\/www.ve-global.org\/es\/?page_id=7503"},"modified":"2017-02-22T11:36:24","modified_gmt":"2017-02-22T14:36:24","slug":"voluntariado-corporativo","status":"publish","type":"page","link":"http:\/\/www.ve-global.org\/es\/voluntariado-corporativo\/","title":{"rendered":"Voluntariado Corporativo"},"content":{"rendered":"<div aria-live=\"polite\" id=\"soliloquy-container-7748\" class=\"soliloquy-container soliloquy-transition-fade  soliloquy-theme-base\" style=\"max-width:900px;max-height:300px;\"><ul id=\"soliloquy-7748\" class=\"soliloquy-slider soliloquy-slides soliloquy-wrap soliloquy-clear\"><li aria-hidden=\"true\" class=\"soliloquy-item soliloquy-item-1 soliloquy-image-slide\" draggable=\"false\" style=\"list-style:none\"><img decoding=\"async\" id=\"soliloquy-image-7554\" class=\"soliloquy-image soliloquy-image-1\" src=\"http:\/\/www.ve-global.org\/wp-content\/uploads\/2017\/02\/Gr\u00e1ficas-VE-3-900x300_c.png\" alt=\"Gr\u00e1ficas VE (3)\" \/><\/li><li aria-hidden=\"true\" class=\"soliloquy-item soliloquy-item-2 soliloquy-image-slide\" draggable=\"false\" style=\"list-style:none\"><img decoding=\"async\" id=\"soliloquy-image-7739\" class=\"soliloquy-image soliloquy-image-2\" src=\"http:\/\/www.ve-global.org\/wp-content\/uploads\/2017\/02\/14715105_10154476438435259_7349062452973753335_o-900x300_c.jpg\" alt=\"14715105_10154476438435259_7349062452973753335_o\" \/><\/li><li aria-hidden=\"true\" class=\"soliloquy-item soliloquy-item-3 soliloquy-image-slide\" draggable=\"false\" style=\"list-style:none\"><img decoding=\"async\" id=\"soliloquy-image-7738\" class=\"soliloquy-image soliloquy-image-3\" src=\"http:\/\/www.ve-global.org\/wp-content\/uploads\/2017\/02\/14715082_10154476438240259_5999548096058858467_o-900x300_c.jpg\" alt=\"14715082_10154476438240259_5999548096058858467_o\" \/><\/li><li aria-hidden=\"true\" class=\"soliloquy-item soliloquy-item-4 soliloquy-image-slide\" draggable=\"false\" style=\"list-style:none\"><img decoding=\"async\" id=\"soliloquy-image-7743\" class=\"soliloquy-image soliloquy-image-4\" src=\"http:\/\/www.ve-global.org\/wp-content\/uploads\/2017\/02\/IMG_4123-900x300_c.jpg\" alt=\"IMG_4123\" \/><\/li><li aria-hidden=\"true\" class=\"soliloquy-item soliloquy-item-5 soliloquy-image-slide\" draggable=\"false\" style=\"list-style:none\"><img decoding=\"async\" id=\"soliloquy-image-7742\" class=\"soliloquy-image soliloquy-image-5\" src=\"http:\/\/www.ve-global.org\/wp-content\/uploads\/2017\/02\/IMG_2377-2-900x300_c.jpg\" alt=\"IMG_2377 (2)\" \/><\/li><li aria-hidden=\"true\" class=\"soliloquy-item soliloquy-item-6 soliloquy-image-slide\" draggable=\"false\" style=\"list-style:none\"><img decoding=\"async\" id=\"soliloquy-image-7741\" class=\"soliloquy-image soliloquy-image-6\" src=\"http:\/\/www.ve-global.org\/wp-content\/uploads\/2017\/02\/image3-900x300_c.jpg\" alt=\"image3\" \/><\/li><li aria-hidden=\"true\" class=\"soliloquy-item soliloquy-item-7 soliloquy-image-slide\" draggable=\"false\" style=\"list-style:none\"><img decoding=\"async\" id=\"soliloquy-image-7744\" class=\"soliloquy-image soliloquy-image-7\" src=\"http:\/\/www.ve-global.org\/wp-content\/uploads\/2017\/02\/IMG_7129-900x300_c.jpg\" alt=\"IMG_7129\" \/><\/li><\/ul><\/div><noscript><style type=\"text\/css\">#soliloquy-container-7748{opacity:1}<\/style><\/noscript>\n<h2 style=\"text-align: center;\">\u00a0\u00a1Convi\u00e9rtete en la empresa dedicada a apoyar a los ni\u00f1os y j\u00f3venes chilenos que m\u00e1s lo necesitan!<\/h2>\n<h2>\u00bfC\u00f3mo lo hacemos?<\/h2>\n<p>Ve Global posee actividades en dos \u00e1reas<\/p>\n<ul>\n<li><strong>Voluntariado internacional<\/strong>: \u00a0posee cuatro programas ( \u00a1Vamos a Leer! , Festival de Arte, English in Motion y Liga de Deportes).\u00a0Cada uno\u00a0se realiza dos veces al a\u00f1o, excepto \u201cLiga de Deportes\u201d que se hace\u00a0mensualmente. El resto tiene una duraci\u00f3n de dos meses y finalizan con un evento de cierre para celebrar los logros que los ni\u00f1os han obtenido.<\/li>\n<\/ul>\n<p>&nbsp;<\/p>\n<ul>\n<li><strong>Habilidades para la vida<\/strong>: posee el programa anual &#8220;<a href=\"http:\/\/www.ve-global.org\/es\/soy-independiente\/\">Vida Independiente<\/a>&#8221; y se realiza de marzo a noviembre. Aqu\u00ed se capacita a j\u00f3venes con talleres profesionales, comunicacionales y emocionales, para que ellos puedan estar preparados para desenvolverse por s\u00ed mismos\u00a0luego de salir de sus hogares.<\/li>\n<\/ul>\n<p>&nbsp;<\/p>\n<h2>\u00a1Las empresas pueden escoger c\u00f3mo ayudar!<\/h2>\n<ul>\n<li><strong>Flexibilidad en las propuestas:<\/strong> las empresas que quieran colaborar pueden elegir qu\u00e9 programa y de qu\u00e9 forma quieren ayudar.<\/li>\n<li><strong>Calendario anual de opciones<\/strong>: los programas se realizan durante todo el a\u00f1o, por lo que las empresas se pueden acomodar seg\u00fan su propio calendario.<\/li>\n<li><strong>Actividades para todos los niveles jer\u00e1rquicos:<\/strong> los programas son transversales y abarcan diferentes \u00e1reas de desarrollo, las que son adaptables para que cualquiera pueda ayudar.<\/li>\n<li><strong>\u00bfSab\u00edas que tu empresa puede obtener beneficios tributarios donando a VE Global? \u00a0<\/strong>VE Global est\u00e1 aprobado por el comit\u00e9 de Donaciones Privadas para otorgar certificados de donaci\u00f3n bajo la ley 18.985. Esto implica que la empresa donante puede recuperar hasta un 50% del monto de su aporte a trav\u00e9s de beneficios tributarios.<\/li>\n<\/ul>\n<p>&nbsp;<\/p>\n<p><a href=\"http:\/\/sociedadcivil.ministeriodesarrollosocial.gob.cl\/calculo-beneficio-tributario\/\"><img loading=\"lazy\" decoding=\"async\" class=\"aligncenter wp-image-7530\" src=\"http:\/\/www.ve-global.org\/wp-content\/uploads\/2017\/02\/C\u00e1lculo-beneficio-tributario.png\" alt=\"\" width=\"173\" height=\"83\" srcset=\"http:\/\/www.ve-global.org\/wp-content\/uploads\/2017\/02\/C\u00e1lculo-beneficio-tributario.png 236w, http:\/\/www.ve-global.org\/wp-content\/uploads\/2017\/02\/C\u00e1lculo-beneficio-tributario-195x93.png 195w\" sizes=\"auto, (max-width: 173px) 100vw, 173px\" \/><\/a><\/p>\n<p>&nbsp;<\/p>\n<p>&nbsp;<\/p>\n<p>A continuaci\u00f3n \u00a0las propuestas:<\/p>\n<p>&nbsp;<\/p>\n<p><img loading=\"lazy\" decoding=\"async\" class=\"aligncenter size-full wp-image-7527\" src=\"http:\/\/www.ve-global.org\/wp-content\/uploads\/2017\/02\/VOLUNTARIADO-CORPORATIVO-vertical.png\" alt=\"\" width=\"4640\" height=\"4087\" srcset=\"http:\/\/www.ve-global.org\/wp-content\/uploads\/2017\/02\/VOLUNTARIADO-CORPORATIVO-vertical.png 4640w, http:\/\/www.ve-global.org\/wp-content\/uploads\/2017\/02\/VOLUNTARIADO-CORPORATIVO-vertical-300x264.png 300w, http:\/\/www.ve-global.org\/wp-content\/uploads\/2017\/02\/VOLUNTARIADO-CORPORATIVO-vertical-768x676.png 768w, http:\/\/www.ve-global.org\/wp-content\/uploads\/2017\/02\/VOLUNTARIADO-CORPORATIVO-vertical-1024x902.png 1024w, http:\/\/www.ve-global.org\/wp-content\/uploads\/2017\/02\/VOLUNTARIADO-CORPORATIVO-vertical-940x828.png 940w, http:\/\/www.ve-global.org\/wp-content\/uploads\/2017\/02\/VOLUNTARIADO-CORPORATIVO-vertical-620x546.png 620w, http:\/\/www.ve-global.org\/wp-content\/uploads\/2017\/02\/VOLUNTARIADO-CORPORATIVO-vertical-195x172.png 195w\" sizes=\"auto, (max-width: 4640px) 100vw, 4640px\" \/><\/p>\n<p>&nbsp;<\/p>\n<p style=\"text-align: justify;\">\n <div class=\"column grid_6\"><\/p>\n<h2 style=\"text-align: justify;\"><a href=\"http:\/\/www.ve-global.org\/wp-content\/uploads\/2017\/02\/8-cosas-que-necesitas-saber-sobre-voluntariado-corporativo.pdf\"><strong style=\"font-size: 16px;\"><img loading=\"lazy\" decoding=\"async\" class=\"aligncenter wp-image-7525\" src=\"http:\/\/www.ve-global.org\/wp-content\/uploads\/2017\/02\/Postula-ya.png\" alt=\"\" width=\"260\" height=\"277\" srcset=\"http:\/\/www.ve-global.org\/wp-content\/uploads\/2017\/02\/Postula-ya.png 450w, http:\/\/www.ve-global.org\/wp-content\/uploads\/2017\/02\/Postula-ya-281x300.png 281w, http:\/\/www.ve-global.org\/wp-content\/uploads\/2017\/02\/Postula-ya-183x195.png 183w\" sizes=\"auto, (max-width: 260px) 100vw, 260px\" \/><\/strong><\/a><span style=\"font-size: 16px;\"><\/p>\n<\/div><div class=\"column grid_6 last\"><p><\/span><\/h2>\n<h2 style=\"text-align: justify;\"><img loading=\"lazy\" decoding=\"async\" class=\"aligncenter wp-image-7558\" src=\"http:\/\/www.ve-global.org\/wp-content\/uploads\/2017\/02\/S\u00ed-quiero-ayudar.png\" alt=\"\" width=\"260\" height=\"278\" srcset=\"http:\/\/www.ve-global.org\/wp-content\/uploads\/2017\/02\/S\u00ed-quiero-ayudar.png 450w, http:\/\/www.ve-global.org\/wp-content\/uploads\/2017\/02\/S\u00ed-quiero-ayudar-281x300.png 281w, http:\/\/www.ve-global.org\/wp-content\/uploads\/2017\/02\/S\u00ed-quiero-ayudar-183x195.png 183w\" sizes=\"auto, (max-width: 260px) 100vw, 260px\" \/><br \/>\n<a href=\"https:\/\/www.paypal.com\/cgi-bin\/webscr?cmd=_s-xclick&amp;hosted_button_id=4BNSAS3HPQF2A\"><br \/>\n<\/a><\/h2>\n<form action=\"https:\/\/www.paypal.com\/cgi-bin\/webscr\" method=\"post\" target=\"_top\"><img loading=\"lazy\" decoding=\"async\" src=\"https:\/\/www.paypalobjects.com\/es_XC\/i\/scr\/pixel.gif\" alt=\"\" width=\"1\" height=\"1\" border=\"0\" \/><\/form>\n<\/div><div class=\"clear\"><\/div><div class=\"clear\"><\/div><p>&nbsp;<\/p>\n<p>&nbsp;<\/p>\n<h2 style=\"text-align: center;\"><\/h2>\n","protected":false},"excerpt":{"rendered":"<p>\u00a0\u00a1Convi\u00e9rtete en la empresa dedicada a apoyar a los ni\u00f1os y j\u00f3venes chilenos que m\u00e1s lo necesitan! \u00bfC\u00f3mo lo hacemos? Ve Global posee actividades en dos \u00e1reas Voluntariado internacional: \u00a0posee cuatro programas ( \u00a1Vamos a Leer! , Festival de Arte, English in Motion y Liga de Deportes).\u00a0Cada uno\u00a0se realiza dos veces al a\u00f1o, excepto \u201cLiga [&hellip;]<\/p>\n","protected":false},"author":8,"featured_media":0,"parent":0,"menu_order":0,"comment_status":"closed","ping_status":"closed","template":"","meta":{"footnotes":""},"class_list":["post-7503","page","type-page","status-publish","hentry"],"_links":{"self":[{"href":"http:\/\/www.ve-global.org\/es\/wp-json\/wp\/v2\/pages\/7503","targetHints":{"allow":["GET"]}}],"collection":[{"href":"http:\/\/www.ve-global.org\/es\/wp-json\/wp\/v2\/pages"}],"about":[{"href":"http:\/\/www.ve-global.org\/es\/wp-json\/wp\/v2\/types\/page"}],"author":[{"embeddable":true,"href":"http:\/\/www.ve-global.org\/es\/wp-json\/wp\/v2\/users\/8"}],"replies":[{"embeddable":true,"href":"http:\/\/www.ve-global.org\/es\/wp-json\/wp\/v2\/comments?post=7503"}],"version-history":[{"count":34,"href":"http:\/\/www.ve-global.org\/es\/wp-json\/wp\/v2\/pages\/7503\/revisions"}],"predecessor-version":[{"id":7749,"href":"http:\/\/www.ve-global.org\/es\/wp-json\/wp\/v2\/pages\/7503\/revisions\/7749"}],"wp:attachment":[{"href":"http:\/\/www.ve-global.org\/es\/wp-json\/wp\/v2\/media?parent=7503"}],"curies":[{"name":"wp","href":"https:\/\/api.w.org\/{rel}","templated":true}]}}