{"id":667,"date":"2012-08-24T11:23:12","date_gmt":"2012-08-24T15:23:12","guid":{"rendered":"http:\/\/new.voluntariosesperanza.org\/?page_id=667"},"modified":"2017-10-31T12:14:20","modified_gmt":"2017-10-31T15:14:20","slug":"por-que-ser-voluntario","status":"publish","type":"page","link":"http:\/\/www.ve-global.org\/es\/se-voluntario\/por-que-ser-voluntario\/","title":{"rendered":"\u00bfPor Qu\u00e9 Ser Voluntario?"},"content":{"rendered":"<h1>\u00bfQu\u00e9 beneficios obtienes al ser voluntario?<\/h1>\n<p style=\"text-align: justify;\"><img loading=\"lazy\" decoding=\"async\" class=\"alignleft wp-image-4529\" src=\"http:\/\/www.ve-global.org\/wp-content\/uploads\/2012\/03\/Liga_Mar_2012_AP_13-2WEB.jpg\" alt=\"Michelle Newman Blog\" width=\"214\" height=\"320\" srcset=\"http:\/\/www.ve-global.org\/wp-content\/uploads\/2012\/03\/Liga_Mar_2012_AP_13-2WEB.jpg 428w, http:\/\/www.ve-global.org\/wp-content\/uploads\/2012\/03\/Liga_Mar_2012_AP_13-2WEB-200x300.jpg 200w, http:\/\/www.ve-global.org\/wp-content\/uploads\/2012\/03\/Liga_Mar_2012_AP_13-2WEB-130x195.jpg 130w\" sizes=\"auto, (max-width: 214px) 100vw, 214px\" \/><span class=\"dropcap\">&#8220;A<\/span><!-- .dropcap (end) -->unque algunas veces suene clich\u00e9, es algo muy real: el ser voluntario en VE te cambiar\u00e1 la vida. Nada se compara al trabajo, al tener esa familia entre los voluntarios y chilenos con los que trabajas a diario, a la satisfacci\u00f3n que consigues por una sonrisa o por alg\u00fan comentario espont\u00e1neo de alg\u00fan ni\u00f1o diciendo que\u00a0eres una parte importante en\u00a0su vida, al hermoso pa\u00eds en el que te encuentras y las oportunidades de viaje. Te sientes vivo. Te hace sentir que puedes hacer m\u00e1s.\u201d \u2013 Michelle Newman, Voluntaria de VE, Enero &#8211; Julio 2012<\/p>\n<p style=\"text-align: justify;\">Si a\u00fan no est\u00e1s seguro de ser parte de VE Global, no te preocupes, ya que hemos conversado con nuestro grupo y actuales voluntarios, para saber qu\u00e9 opinan acerca de los beneficios que obtienen al ser voluntario en VE Global.<\/p>\n<p>&nbsp;<\/p>\n<p>\u00a1Esperamos que esta informaci\u00f3n sea de gran ayuda al momento de tomar tu decisi\u00f3n!<\/p>\n<div class=\"divider divider-shadow\"><\/div>\n\r\n\r\n&nbsp;\r\n<h2>Convi\u00e9rtete en un modelo a seguir<\/h2>\r\n<p style=\"text-align: justify;\">Ser voluntario en VE Global significa transformar tu pensamiento en acciones, generar cambios sociales y utilizar tus habilidades para apoyar el trabajo de nuestras instituciones colaboradoras, con los ni\u00f1os, de forma sustentable.<\/p>\r\n\r\n<h2>Aprende y desarrolla habilidades<\/h2>\r\n<p style=\"text-align: justify;\">Aprendes mucho siendo voluntario, si es a trav\u00e9s de ense\u00f1ar y ser mentor, ayudar a manejar los proyectos que hacemos, afinar sus conocimientos de recaudar fondos o de practica sus habilidades de comunicaciones y liderazgo. Ser voluntario te ayuda a descubrir nuevos talentos y a aplicar \u00a0nuevos conocimientos en otros\u00a0espacios profesionales.<\/p>\r\n\r\n<h2>Desc\u00fabrete a ti mismo<\/h2>\r\n<p style=\"text-align: justify;\">Lograr desaf\u00edos personales y experimentar nuevas cosas te permitir\u00e1n conocerte mejor, y qu\u00e9 es lo que realmente quieres en la vida. Creemos que nuestros voluntarios deben tener la oportunidad de introspecci\u00f3n: muchos de nuestros seminarios semanales y las jornadas de reflexi\u00f3n ayudan a nuestros voluntarios a reflexionar sobre los aspectos de su experiencia sobre trabajar con ni\u00f1os en riesgo social y vivir en un pa\u00eds extranjero.<\/p>\r\n<div class=\"clear\"><\/div>\r\n<p style=\"text-align: justify;\"><div class=\"divider divider-solid\"><\/div><\/p>\n\r\n\r\n<div class=\"column grid_6\"><h2>Conoce gente nueva<\/h2>\n<p style=\"text-align: justify;\">En VE Global trabajar\u00e1s codo a codo con personas que vienen de diferentes lugares del mundo. La interacci\u00f3n con nuevas culturas puede ampliar tus horizontes y por lo mismo abrir tu visi\u00f3n del mundo. Esto puede ser una herramienta provechosa que te permitir\u00e1 ampliar tus redes sociales y profesionales, ya que vas a poder conocer muchas personas con intereses\u00a0en com\u00fan.<\/p>\n<p style=\"text-align: justify;\">\n<\/div><\/p>\r\n<p style=\"text-align: justify;\">[one_half_last padding=\"0 20px 0 20px\"]<\/p>\r\n\r\n<h2 style=\"text-align: justify;\">Crea nuevas amistades<\/h2>\r\n<p style=\"text-align: justify;\">A pesar de que ser voluntario en VE Global es un trabajo duro, tambi\u00e9n puedes pasar muy buenos momentos y re\u00edrte mucho. Disfrutamos momentos en comunidad, preparando comidas y asados, oportunidades que nos permiten compartir y relajarnos, para as\u00ed disfrutar y aprender sobre la vida en Chile. Adem\u00e1s, las experiencias que nuestros voluntarios viven ac\u00e1 los ayuda a formar lazos de amistad con mucha gente de todas partes del mundo.<\/p>\r\n<p style=\"text-align: justify;\">[\/one_half_last]\r\n<div class=\"clear\"><\/div>\r\n<\/p>\n<div class=\"divider divider-solid\"><\/div>\n<p>&nbsp;<\/p>\n<p style=\"text-align: justify;\"><div class=\"divider divider-solid\"><\/div><\/p>\n<p>Ser voluntario en VE Global es una oportunidad para trabajar en un \u00e1rea de inter\u00e9s propio, rodeado de gente que piensa igual que t\u00fa, todos felices de formar parte de un cambio social. Estas son algunas de las razones de porqu\u00e9 ser voluntario en VE Global es una experiencia totalmente enriquecedora y gratificante.<\/p>\n<p>&nbsp;<\/p>\n\r\n<div class=\"column grid_4\"><p><a href=\"http:\/\/www.ve-global.org\/es\/se-voluntario\/detalles-y-requisitos-del-programa\/\"><img loading=\"lazy\" decoding=\"async\" class=\"aligncenter wp-image-5126 size-full\" title=\"Aprende C\u00f3mo Postular Para Ser Voluntario\" src=\"http:\/\/www.ve-global.org\/wp-content\/uploads\/2014\/10\/Postula-Ahora-Button-VE-Global1.png\" alt=\"Aprende C\u00f3mo Postular Para Ser Voluntario\" width=\"200\" height=\"50\" srcset=\"http:\/\/www.ve-global.org\/wp-content\/uploads\/2014\/10\/Postula-Ahora-Button-VE-Global1.png 200w, http:\/\/www.ve-global.org\/wp-content\/uploads\/2014\/10\/Postula-Ahora-Button-VE-Global1-195x48.png 195w\" sizes=\"auto, (max-width: 200px) 100vw, 200px\" \/><\/a><\/p>\n<\/div>\r\n<div class=\"column grid_4 last\"><p><a href=\"http:\/\/www.ve-global.org\/es\/contacto\/\"><img loading=\"lazy\" decoding=\"async\" class=\"aligncenter wp-image-5123 size-full\" title=\"Si tienes preguntas de c\u00f3mo ser voluntario, cont\u00e1ctanos aqu\u00ed\" src=\"http:\/\/www.ve-global.org\/wp-content\/uploads\/2012\/08\/VE-Contactanos-Button.png\" alt=\"Si tienes preguntas de c\u00f3mo ser voluntario, cont\u00e1ctanos aqu\u00ed\" width=\"200\" height=\"50\" srcset=\"http:\/\/www.ve-global.org\/wp-content\/uploads\/2012\/08\/VE-Contactanos-Button.png 200w, http:\/\/www.ve-global.org\/wp-content\/uploads\/2012\/08\/VE-Contactanos-Button-195x48.png 195w\" sizes=\"auto, (max-width: 200px) 100vw, 200px\" \/><\/a><\/p>\n<\/div><div class=\"clear\"><\/div>\r\n<div class=\"column grid_4 last\"><p><a href=\"http:\/\/www.ve-global.org\/newsletter\/\"><img loading=\"lazy\" decoding=\"async\" class=\"aligncenter wp-image-5128 size-full\" title=\"Nuestro Bolet\u00edn De Programa de Voluntario\" src=\"http:\/\/www.ve-global.org\/wp-content\/uploads\/2014\/10\/Boletin-Mensual-VE-Global-Button.png\" alt=\"Nuestro Bolet\u00edn De Programa de Voluntario\" width=\"200\" height=\"50\" srcset=\"http:\/\/www.ve-global.org\/wp-content\/uploads\/2014\/10\/Boletin-Mensual-VE-Global-Button.png 200w, http:\/\/www.ve-global.org\/wp-content\/uploads\/2014\/10\/Boletin-Mensual-VE-Global-Button-195x48.png 195w\" sizes=\"auto, (max-width: 200px) 100vw, 200px\" \/><\/a><a href=\"http:\/\/www.ve-global.org\/newsletter\/\"><br \/>\n<\/a><\/p>\n<\/div><div class=\"clear\"><\/div>\r\n<div class=\"clear\"><\/div>\r\n<p>&nbsp;<\/p>\n","protected":false},"excerpt":{"rendered":"<p>\u00bfQu\u00e9 beneficios obtienes al ser voluntario? unque algunas veces suene clich\u00e9, es algo muy real: el ser voluntario en VE te cambiar\u00e1 la vida. Nada se compara al trabajo, al tener esa familia entre los voluntarios y chilenos con los que trabajas a diario, a la satisfacci\u00f3n que consigues por una sonrisa o por alg\u00fan [&hellip;]<\/p>\n","protected":false},"author":4,"featured_media":0,"parent":118,"menu_order":0,"comment_status":"open","ping_status":"open","template":"template_builder.php","meta":{"footnotes":""},"class_list":["post-667","page","type-page","status-publish","hentry"],"_links":{"self":[{"href":"http:\/\/www.ve-global.org\/es\/wp-json\/wp\/v2\/pages\/667","targetHints":{"allow":["GET"]}}],"collection":[{"href":"http:\/\/www.ve-global.org\/es\/wp-json\/wp\/v2\/pages"}],"about":[{"href":"http:\/\/www.ve-global.org\/es\/wp-json\/wp\/v2\/types\/page"}],"author":[{"embeddable":true,"href":"http:\/\/www.ve-global.org\/es\/wp-json\/wp\/v2\/users\/4"}],"replies":[{"embeddable":true,"href":"http:\/\/www.ve-global.org\/es\/wp-json\/wp\/v2\/comments?post=667"}],"version-history":[{"count":14,"href":"http:\/\/www.ve-global.org\/es\/wp-json\/wp\/v2\/pages\/667\/revisions"}],"predecessor-version":[{"id":8398,"href":"http:\/\/www.ve-global.org\/es\/wp-json\/wp\/v2\/pages\/667\/revisions\/8398"}],"up":[{"embeddable":true,"href":"http:\/\/www.ve-global.org\/es\/wp-json\/wp\/v2\/pages\/118"}],"wp:attachment":[{"href":"http:\/\/www.ve-global.org\/es\/wp-json\/wp\/v2\/media?parent=667"}],"curies":[{"name":"wp","href":"https:\/\/api.w.org\/{rel}","templated":true}]}}