{"id":660,"date":"2012-08-24T11:23:42","date_gmt":"2012-08-24T15:23:42","guid":{"rendered":"http:\/\/new.voluntariosesperanza.org\/?page_id=660"},"modified":"2017-02-07T16:00:25","modified_gmt":"2017-02-07T19:00:25","slug":"un-dia-en-la-vida","status":"publish","type":"page","link":"http:\/\/www.ve-global.org\/es\/se-voluntario\/un-dia-en-la-vida\/","title":{"rendered":"Un D\u00eda en la Vida"},"content":{"rendered":"<h1>Un D\u00eda en la Vida de un Voluntario<\/h1>\n<h2>El d\u00eda de Rosalie<\/h2>\n<p><em>Rosalie es voluntaria en el Hogar Nuestra Se\u00f1ora de la Paz, una residencia para 30 ni\u00f1as entre 6 y 18 a\u00f1os apr\u00f3x.<\/em><\/p>\n<p><img loading=\"lazy\" decoding=\"async\" class=\"wp-image-7375 alignleft\" src=\"http:\/\/www.ve-global.org\/wp-content\/uploads\/2012\/08\/WhatsApp-Image-2017-02-06-at-18.20.31.jpeg\" alt=\"\" width=\"229\" height=\"306\" srcset=\"http:\/\/www.ve-global.org\/wp-content\/uploads\/2012\/08\/WhatsApp-Image-2017-02-06-at-18.20.31.jpeg 960w, http:\/\/www.ve-global.org\/wp-content\/uploads\/2012\/08\/WhatsApp-Image-2017-02-06-at-18.20.31-225x300.jpeg 225w, http:\/\/www.ve-global.org\/wp-content\/uploads\/2012\/08\/WhatsApp-Image-2017-02-06-at-18.20.31-768x1024.jpeg 768w, http:\/\/www.ve-global.org\/wp-content\/uploads\/2012\/08\/WhatsApp-Image-2017-02-06-at-18.20.31-940x1253.jpeg 940w, http:\/\/www.ve-global.org\/wp-content\/uploads\/2012\/08\/WhatsApp-Image-2017-02-06-at-18.20.31-620x827.jpeg 620w, http:\/\/www.ve-global.org\/wp-content\/uploads\/2012\/08\/WhatsApp-Image-2017-02-06-at-18.20.31-146x195.jpeg 146w\" sizes=\"auto, (max-width: 229px) 100vw, 229px\" \/><\/p>\n<div class=\"divider divider-shadow\"><\/div>\n<p><strong>8:30<\/strong> &#8211; Me despierto, mi compa\u00f1era me mira para que aplace el despertador dos veces. Tomo desayuno, usualmente cereales y fruta de La Vega, el gran mercado de comida en Santiago, tomo una taza de caf\u00e9 y listo. Luego salgo a trotar y vuelvo a tomar una ducha<br \/>\n<strong>10:30<\/strong> &#8211; Trabajo en algunos talleres para los ni\u00f1os, principalmente de artes o de lectura, ya que haciendo nuestro programa de verano, &#8220;Vamos a Leer&#8221;. Reviso mi correo para chequear que todo est\u00e9 bien en nuestra oficina virtual.<\/p>\n<p><strong>12:00<\/strong> &#8211; Voy al hogar. Es un largo viaje en metro y bus (1 hora y 30 aprox.) Llevo un libro para leer en el camino.<\/p>\n<p><strong>13:30<\/strong> &#8211;\u00a0Llego al hogar, saludo a todos. Los ni\u00f1os m\u00e1s peque\u00f1os llegan a mi alrededor y jugamos un poco. A las 2 almuerzo junto a las t\u00edas. Es un buen momento para conocerlas un poco m\u00e1s. Luego de haber comido muy rico, tomo algunas frutas del jard\u00edn.<\/p>\n<p><strong>14:30<\/strong> &#8211; Iniciamos los talleres del d\u00eda, por ejemplo hoy, hicimos letras del alfabeto con lana y pegamento para ayudar a ense\u00f1ar a \u00a0leer a los m\u00e1s peque\u00f1os. Como es verano ellos no tienen tarea, as\u00ed que les damos libros para leer y repasar los libros con ellos cada semana. Despu\u00e9s del taller, por lo general terminan charlando sobre la vida con los m\u00e1s adultos o jugando a la escondida para encontrar a los m\u00e1s j\u00f3venes.<\/p>\n<p><strong>20:00<\/strong> -Llego a mi casa y preparo la cena para m\u00ed y mis compa\u00f1eras, \u00a0tambi\u00e9n voluntarias en VE. Hablamos sobre nuestro d\u00eda en los hogares y conversamos sobre nuevas ideas para futuros talleres. Tambi\u00e9n hablamos sobre lo que haremos el fin de semana, esta vez, un viaje a Valpara\u00edso.<\/p>\n<p><strong>22:00<\/strong> &#8211;\u00a0Reviso nuevamente mi correo, hablo con algunos amigos antes de quedarme dormida viendo &#8220;The Inbetweeners&#8221;<\/p>\n<h2>El D\u00eda de Michelle<\/h2>\n<p><em>Michelle era una voluntaria en el <\/em>Hogar San Francisco de Regis<em>, lugar donde habitan 25 ni\u00f1as de entre 3 y 20 a\u00f1os. Ella tambi\u00e9n trabajaba en los comit\u00e9s de Programas y Desarrollo.<\/em><\/p>\n<div class=\"divider divider-shadow\"><\/div>\n<p><img decoding=\"async\" src=\"http:\/\/www.ve-global.org\/wp-content\/themes\/barelycorporate\/framework\/assets\/images\/shortcodes\/icons\/clock.png\" class=\"tb-image-icon clock alignleft\" width=\"45\" \/> 8:54 &#8211;\u00a0Desactivo la alarma aunque no puedo despertarme bien ya que el d\u00eda anterior llegu\u00e9 tarde a casa despu\u00e9s de un viaje en bus desde La Serena. Preparo un r\u00e1pido desayuno con granola, yogurt y frutas, las que compro en un almac\u00e9n cerca del hogar. Pienso sobre algunas ideas para realizar actividades extra program\u00e1ticas con las ni\u00f1as, antes del almuerzo. Tomo el metro y me demoro 15 minutos en llegar al <em>Hogar San Francisco<\/em> (el hogar m\u00e1s cercano al centro de Santiago).<\/p>\n<p><a href=\"http:\/\/new.voluntariosesperanza.org\/wp-content\/uploads\/2012\/08\/SanFran_May_2012_AP_041.jpg\"><img loading=\"lazy\" decoding=\"async\" class=\"alignleft size-medium wp-image-1264\" title=\"VE Volunteers with children.\" src=\"http:\/\/new.voluntariosesperanza.org\/wp-content\/uploads\/2012\/08\/SanFran_May_2012_AP_041-199x300.jpg\" alt=\"\" width=\"199\" height=\"300\" srcset=\"http:\/\/www.ve-global.org\/wp-content\/uploads\/2012\/08\/SanFran_May_2012_AP_041-199x300.jpg 199w, http:\/\/www.ve-global.org\/wp-content\/uploads\/2012\/08\/SanFran_May_2012_AP_041-680x1024.jpg 680w, http:\/\/www.ve-global.org\/wp-content\/uploads\/2012\/08\/SanFran_May_2012_AP_041-940x1413.jpg 940w, http:\/\/www.ve-global.org\/wp-content\/uploads\/2012\/08\/SanFran_May_2012_AP_041-620x932.jpg 620w, http:\/\/www.ve-global.org\/wp-content\/uploads\/2012\/08\/SanFran_May_2012_AP_041-129x195.jpg 129w, http:\/\/www.ve-global.org\/wp-content\/uploads\/2012\/08\/SanFran_May_2012_AP_041.jpg 1361w\" sizes=\"auto, (max-width: 199px) 100vw, 199px\" \/><\/a>10:00 &#8211;\u00a0Llego al hogar y busco a las ni\u00f1as, quienes est\u00e1n listas para las actividades. Saltamos en el trampol\u00edn con un grupo de ni\u00f1as, las m\u00e1s peque\u00f1as del hogar, y luego las persigo en un juego donde act\u00fao como zombi mientras ellas corren gritando de emoci\u00f3n. Despu\u00e9s de quedarnos sin aliento, dejamos el trampol\u00edn y vamos hacia el patio con algunas ni\u00f1as para jugar a <em>la Pesca<\/em>. Pese a que este juego atrae a muchas ni\u00f1as, se acaba r\u00e1pidamente porque algunas quieren jugar a lanzar naipes al aire. Las ni\u00f1as son muy competitivas.<\/p>\n<p>12:00 &#8211;\u00a0Preparo el taller de guitarra con algunas ni\u00f1as, antes del almuerzo. Muchas de ellas quieren aprender a tocar, pero solo unas pocas pueden participar en la ma\u00f1ana, por lo que planeo otro taller para la tarde.<\/p>\n<p>12:45 &#8211;\u00a0Durante el a\u00f1o acad\u00e9mico (de marzo a diciembre), llegamos al hogar alrededor de las 12:45 en vez de las 10 de la ma\u00f1ana, y pasamos a buscar a las ni\u00f1as a sus colegios entre la 1:00 y las 1:30 pm. La mayor\u00eda de las ni\u00f1as llegan y almuerzan en el hogar, para as\u00ed volver a sus colegios, pero otras terminan su d\u00eda escolar a esa hora.<\/p>\n<p>13:30 &#8211;\u00a0Almuerzo junto a las dem\u00e1s t\u00edas (las encargadas de las ni\u00f1as en el hogar). El almuerzo es la comida m\u00e1s importante del d\u00eda, la que se prepara con ensaladas t\u00edpicas chilenas como lechuga, tomate y repollo, ali\u00f1ados con lim\u00f3n y aceite de oliva. El plato fuerte puede ser carne con agregados como arroz, porotos y\/o fideos, y el postre: y, si la m\u00e1quina de helados est\u00e1 funcionando, \u00a1puede ser el caos!<\/p>\n<p>14:30 &#8211;\u00a0Durante el verano, comienzo a preparar talleres para la tarde, en donde las ni\u00f1as piensan acerca de sus metas para el a\u00f1o que viene, a trav\u00e9s de pinturas, dibujos o s\u00f3lo escribiendo sus logros en el mural. Cabe decir que los talleres de cocina son los m\u00e1s populares, por lo que planifico talleres en esta \u00e1rea en donde las ni\u00f1as puedan pintar la pir\u00e1mide alimenticia o hacer brochetas de frutas.<\/p>\n<p>15:30 &#8211;\u00a0Durante el a\u00f1o escolar, recogemos al \u00faltimo grupo de ni\u00f1as que estudian en colegios cercanos al hogar, y las ayudo con sus tareas durante la tarde. Las ni\u00f1as se muestran muy entusiastas cuando tienen que hacer tareas de ingl\u00e9s y me piden que las ayude. Luego, hablo con las ni\u00f1as mayores y planeamos una salida al cine para la semana que viene.<\/p>\n<p>20:00 &#8211;\u00a0Llego al departamento en donde viven otros voluntarios de VE Global, abro una botella de vino y junto con guacamole y algo m\u00e1s, reflexiono sobre el d\u00eda de trabajo con mis compa\u00f1eros y planeo un evento a beneficio, mientras compartimos un gran vino (no muy caro), y piscolas.<\/p>\n<p>23:5o &#8211;\u00a0Llego a casa y traduzco algunos poemas que las ni\u00f1as han escrito, y los pongo en un proyecto de un libro de poes\u00eda. Me doy cuenta que ya no aguanto m\u00e1s el cansancio y me quedo dormida pensando en el viaje del pr\u00f3ximo fin de semana a la playa de Algarrobo\u2026<\/p>\n<h2>El D\u00eda de Jess<\/h2>\n<p><em>Jess era voluntaria por ocho meses en la <\/em>Fundaci\u00f3n Promesa Ni\u00f1os<em>, un hogar que alberga a 18 ni\u00f1os de entre 3 y 14 a\u00f1os. Ella adem\u00e1s formaba parte de comit\u00e9 de Programas.\u00a0Promesa se cerr\u00f3 en 2012 pero todav\u00eda representa trabajar en un hogar de ni\u00f1os en Santiago.<\/em><\/p>\n<div class=\"divider divider-shadow\"><\/div>\n<p><img decoding=\"async\" src=\"http:\/\/www.ve-global.org\/wp-content\/themes\/barelycorporate\/framework\/assets\/images\/shortcodes\/icons\/clock.png\" class=\"tb-image-icon clock alignleft\" width=\"45\" \/>\u00a09:00 &#8211; Comienzo mi d\u00eda motivada para ir a correr en un parque cercano, luego llego a casa a ducharme, me visto y aprovecho de comer algo antes de llegar a la oficina de VE.<\/p>\n<p>10:00 &#8211; Tomo algunas provisiones y organizo actividades para el hogar, despu\u00e9s me re\u00fano con Nola, una de las otras voluntarias, para comprar el resto de las provisiones que necesitamos para las actividades diarias con los ni\u00f1os.<\/p>\n<p><a href=\"http:\/\/new.voluntariosesperanza.org\/wp-content\/uploads\/2012\/08\/Promesa_April_2012_AP_26-448x336.jpg\"><img loading=\"lazy\" decoding=\"async\" class=\"alignright size-medium wp-image-1265\" title=\"\u00a1Vamos a Leer!\" src=\"http:\/\/new.voluntariosesperanza.org\/wp-content\/uploads\/2012\/08\/Promesa_April_2012_AP_26-448x336-300x199.jpg\" alt=\"\" width=\"300\" height=\"199\" srcset=\"http:\/\/www.ve-global.org\/wp-content\/uploads\/2012\/08\/Promesa_April_2012_AP_26-448x336-300x199.jpg 300w, http:\/\/www.ve-global.org\/wp-content\/uploads\/2012\/08\/Promesa_April_2012_AP_26-448x336-195x129.jpg 195w, http:\/\/www.ve-global.org\/wp-content\/uploads\/2012\/08\/Promesa_April_2012_AP_26-448x336.jpg 448w\" sizes=\"auto, (max-width: 300px) 100vw, 300px\" \/><\/a>13:00 &#8211; Llego al hogar, y luego de saludar a los ni\u00f1os, almuerzo y converso con las t\u00edas por mientras. Bajo el almuerzo en el patio jugando a la \u201cpinta,\u201dal \u201calto ah\u00ed\u201d y \u201cpolic\u00edas y ladrones\u201d con los ni\u00f1os.<\/p>\n<p>15:00 &#8211; Hago un taller de cocina con algunos de los ni\u00f1os, preparamos un flan especial llamado \u201ctaza sucia\u201d que contiene galletas de chocolate y dulces en forma de insecto. Re\u00fano a los ni\u00f1os para nuestro primer taller de lectura para el programa de verano <em>\u00a1Vamos a Leer!<\/em>\u00a0Me siento muy entusiasmada de ver a nuestros 14 traviesos ni\u00f1os peque\u00f1os, sentados y leyendo en silencio (y algunos con un poco de ayuda), y escuchando atentamente &#8216;La Oruga Muy Hambrienta&#8217;. Despu\u00e9s del cuento, se dividen las \u201ctazas sucias\u201d para que cada uno pueda comer. El resto de la tarde leo, coloreo y converso con los chicos.<\/p>\n<p>19:00 &#8211; Llego a casa a cenar y a conversar con mis compa\u00f1eros de departamento antes de salir a tomar algo con mi compa\u00f1ero de intercambio, donde intento mejorar mi espa\u00f1ol y a la vez ayudarlo con su ingl\u00e9s.<\/p>\n<p>22:00 &#8211; Llego a casa a revisar mi correo, y finalmente hablo con mi familia por en Skype antes de acostarme.<\/p>\n","protected":false},"excerpt":{"rendered":"<p>Un D\u00eda en la Vida de un Voluntario El d\u00eda de Rosalie Rosalie es voluntaria en el Hogar Nuestra Se\u00f1ora de la Paz, una residencia para 30 ni\u00f1as entre 6 y 18 a\u00f1os apr\u00f3x. 8:30 &#8211; Me despierto, mi compa\u00f1era me mira para que aplace el despertador dos veces. Tomo desayuno, usualmente cereales y fruta [&hellip;]<\/p>\n","protected":false},"author":4,"featured_media":0,"parent":118,"menu_order":0,"comment_status":"open","ping_status":"open","template":"template_builder.php","meta":{"footnotes":""},"class_list":["post-660","page","type-page","status-publish","hentry"],"_links":{"self":[{"href":"http:\/\/www.ve-global.org\/es\/wp-json\/wp\/v2\/pages\/660","targetHints":{"allow":["GET"]}}],"collection":[{"href":"http:\/\/www.ve-global.org\/es\/wp-json\/wp\/v2\/pages"}],"about":[{"href":"http:\/\/www.ve-global.org\/es\/wp-json\/wp\/v2\/types\/page"}],"author":[{"embeddable":true,"href":"http:\/\/www.ve-global.org\/es\/wp-json\/wp\/v2\/users\/4"}],"replies":[{"embeddable":true,"href":"http:\/\/www.ve-global.org\/es\/wp-json\/wp\/v2\/comments?post=660"}],"version-history":[{"count":11,"href":"http:\/\/www.ve-global.org\/es\/wp-json\/wp\/v2\/pages\/660\/revisions"}],"predecessor-version":[{"id":7377,"href":"http:\/\/www.ve-global.org\/es\/wp-json\/wp\/v2\/pages\/660\/revisions\/7377"}],"up":[{"embeddable":true,"href":"http:\/\/www.ve-global.org\/es\/wp-json\/wp\/v2\/pages\/118"}],"wp:attachment":[{"href":"http:\/\/www.ve-global.org\/es\/wp-json\/wp\/v2\/media?parent=660"}],"curies":[{"name":"wp","href":"https:\/\/api.w.org\/{rel}","templated":true}]}}