{"id":658,"date":"2012-08-24T11:28:37","date_gmt":"2012-08-24T15:28:37","guid":{"rendered":"http:\/\/new.voluntariosesperanza.org\/?page_id=658"},"modified":"2017-01-31T15:33:23","modified_gmt":"2017-01-31T18:33:23","slug":"quienes-apoyan-a-ve-global","status":"publish","type":"page","link":"http:\/\/www.ve-global.org\/es\/donar\/quienes-apoyan-a-ve-global\/","title":{"rendered":"Qui\u00e9nes Apoyan a VE Global"},"content":{"rendered":"<h1>Qui\u00e9nes Apoyan a VE Global<\/h1>\n<p style=\"text-align: justify;\"><em>VE Global recibe apoyo para sus programas por parte de un peque\u00f1o pero dedicado grupo de instituciones comprometidas a brindar igualdad de oportunidades a los ni\u00f1os. Piensas en asociarte con VE Global y te preguntas c\u00f3mo se podr\u00eda beneficiar tu organizaci\u00f3n?<br \/>\n<\/em><\/p>\n<div class=\"divider divider-solid\"><\/div>\n<ul class=\"fa-ul\">\n<li style=\"text-align: justify;\"><i class=\"fa-li fa fa-briefcase fa-2x\"><\/i>Por prestarnos una mano, usted estar\u00eda asociado con una organizaci\u00f3n bien establecida en Santiago, reforzando as\u00ed su imagen de Responsabilidad Social Corporativa ante sus clientes y la comunidad en la que usted trabaja.<\/li>\n<\/ul>\n<p>&nbsp;<\/p>\n<ul class=\"fa-ul\">\n<li style=\"text-align: justify;\"><i class=\"fa-li fa fa-globe fa-2x\"><\/i>A lo largo de los a\u00f1os, VE Global ha recibido m\u00e1s de 450 voluntarios de m\u00e1s de 35 pa\u00edses alrededor del mundo. Al asociarse con nosotros, usted podr\u00eda potencialmente obtener acceso a una red fuerte y diversa de voluntarios internacionales; fuertes defensores de la justicia social y con ganas de representar a VE global y sus socios.<\/li>\n<\/ul>\n<p>&nbsp;<\/p>\n<ul class=\"fa-ul\">\n<li style=\"text-align: justify;\"><i class=\"fa-li fa fa-usd fa-2x\"><\/i>Como una organizaci\u00f3n no gubernamental, cada donaci\u00f3n hecha a VE Global podr\u00e1 recibir un certificado de donaci\u00f3n, que puede ser utilizados para fines de reducci\u00f3n de impuestos. Para calcular el beneficio tributario visita la p\u00e1gina de <a href=\"http:\/\/sociedadcivil.ministeriodesarrollosocial.gob.cl\/calculo-beneficio-tributario\/\">Ministerio de Desarrollo Social<\/a>.<\/li>\n<\/ul>\n<p><img loading=\"lazy\" decoding=\"async\" class=\"alignleft size-full wp-image-6904\" src=\"http:\/\/www.ve-global.org\/wp-content\/uploads\/2012\/08\/objetivos_mundiales.gif\" alt=\"objetivos mundiales\" width=\"150\" height=\"150\" \/><\/p>\n<p style=\"text-align: justify;\"><strong>VE Global y \u00a0los Objetivos de Desarrollo Sostenible<\/strong><\/p>\n<p style=\"text-align: justify;\">En 2015, l\u00edderes mundiales se comprometieron a\u00a0<a href=\"http:\/\/www.un.org\/sustainabledevelopment\/es\/objetivos-de-desarrollo-sostenible\/\" target=\"_blank\">17 objetivos mundiales<\/a>\u00a0para transformar nuestro mundo. Nosotros apoyamos a los Objetivos de Desarrollo Sostenible y creemos que para alcanzarlos todos tienen que aportar: Los gobiernos, el sector privado, sociedad civil e individuos. Con tu ayuda podemos mejorar las vidas de ni\u00f1os y j\u00f3venes en Santiago!<\/p>\n<p style=\"text-align: justify;\"><div class=\"divider divider-solid\"><\/div><\/p>\n<p style=\"text-align: justify;\"><a href=\"http:\/\/ve-global.org\/wp-content\/uploads\/2012\/03\/AmyWEB.jpeg\"><img loading=\"lazy\" decoding=\"async\" class=\"alignleft size-medium wp-image-822\" title=\"Amy Yellen Blog\" src=\"http:\/\/ve-global.org\/wp-content\/uploads\/2012\/03\/AmyWEB-199x300.jpeg\" alt=\"VE Volunteer\" width=\"199\" height=\"300\" srcset=\"http:\/\/www.ve-global.org\/wp-content\/uploads\/2012\/03\/AmyWEB-199x300.jpeg 199w, http:\/\/www.ve-global.org\/wp-content\/uploads\/2012\/03\/AmyWEB-129x195.jpeg 129w, http:\/\/www.ve-global.org\/wp-content\/uploads\/2012\/03\/AmyWEB.jpeg 426w\" sizes=\"auto, (max-width: 199px) 100vw, 199px\" \/><\/a>Hay muchas ventajas de asociarse con VE Global, el mayor de los cuales sigue siendo sin duda la capacidad para ayudarnos a hacer una diferencia en las vidas de los ni\u00f1os en situaci\u00f3n de riesgo social en Santiago de Chile. Con nuestro programa de habilidades para la vida &#8211; dirigido a proporcionar a los j\u00f3venes en situaci\u00f3n de riesgo con la pr\u00e1ctica y las habilidades socio-emocionales necesarios para vivir una vida independiente y saludable &#8211; y nuestro programa de voluntariado &#8211; dirigido a permitir que los ni\u00f1os de nuestras organizaciones asociadas descubran nuevas culturas y expandan su creatividad y conocimiento gracias a nuestros programas y talleres &#8211; VE Global tiene un impacto positivo y duradero en las vidas de los ni\u00f1os y j\u00f3venes en riesgo social en Santiago. Al asociarse con nosotros, usted podr\u00e1 cambiar directamente las vidas de los ni\u00f1os y j\u00f3venes que m\u00e1s lo necesitan. Si desea saber m\u00e1s , por favor, <a title=\"Contacto\" href=\"http:\/\/www.ve-global.org\/es\/contacto\/\">cont\u00e1ctanos<\/a>.<\/p>\n<div class=\"divider divider-shadow\"><\/div>\n<h2>Colaboradores Destacados<\/h2>\n<p style=\"text-align: justify;\"><span style=\"font-weight: 400;\"><img loading=\"lazy\" decoding=\"async\" class=\"size-tb_small wp-image-5600 alignright\" src=\"http:\/\/www.ve-global.org\/wp-content\/uploads\/2015\/10\/green_transparent_bg_300_pix_wide-195x88.jpg\" alt=\"green_transparent_bg_300_pix_wide\" width=\"195\" height=\"88\" srcset=\"http:\/\/www.ve-global.org\/wp-content\/uploads\/2015\/10\/green_transparent_bg_300_pix_wide-195x88.jpg 195w, http:\/\/www.ve-global.org\/wp-content\/uploads\/2015\/10\/green_transparent_bg_300_pix_wide.jpg 300w\" sizes=\"auto, (max-width: 195px) 100vw, 195px\" \/>Travis Palladino, colaborador de VE Global desde hace mucho tiempo, ha creado recientemente\u00a0un centro de\u00a0educaci\u00f3n musical, <\/span><a href=\"http:\/\/musicflowteaching.com\"><span style=\"font-weight: 400;\">Music Flow<\/span><\/a><span style=\"font-weight: 400;\">, en Bend, Oregon. Por cada nuevo estudiante matriculado en Music Flow, la escuela de m\u00fasica donar\u00e1 generosamente $US 100 a VE Global. Utilizaremos los fondos \u00a0de esta iniciativa para entregar a los ni\u00f1os y ni\u00f1as de nuestras organizaciones colaboradoras oportunidades de educaci\u00f3n musical y sus respectivos suministros. Nos encanta tener la oportunidad de ayudar a desarrollar habilidades musicales y creativas: son tan esenciales en el desarrollo socio-emocional de los ni\u00f1os y ni\u00f1as. \u00a1Muchas gracias Travis y Music Flow! Estamos muy agradecidos por su colaboraci\u00f3n e importante rol en el logro de nuestra misi\u00f3n con los ni\u00f1os y las ni\u00f1as en Chile.<\/span><\/p>\n<p style=\"text-align: justify;\"><div class=\"divider divider-solid\"><\/div><\/p>\n<p style=\"text-align: justify;\"><a href=\"http:\/\/www.ve-global.org\/wp-content\/uploads\/2015\/11\/MDS-on-240x140.png\"><img loading=\"lazy\" decoding=\"async\" class=\"size-tb_small wp-image-5705 alignnone\" src=\"http:\/\/www.ve-global.org\/wp-content\/uploads\/2015\/11\/MDS-on-240x140-195x114.png\" alt=\"MDS-on-240x140\" width=\"195\" height=\"114\" srcset=\"http:\/\/www.ve-global.org\/wp-content\/uploads\/2015\/11\/MDS-on-240x140-195x114.png 195w, http:\/\/www.ve-global.org\/wp-content\/uploads\/2015\/11\/MDS-on-240x140.png 240w\" sizes=\"auto, (max-width: 195px) 100vw, 195px\" \/><img loading=\"lazy\" decoding=\"async\" class=\"size-medium wp-image-5918 alignnone\" src=\"http:\/\/www.ve-global.org\/wp-content\/uploads\/2012\/08\/MDS-CPP-Logo-300x146.jpg\" alt=\"MDS-CPP-Logo\" width=\"300\" height=\"146\" srcset=\"http:\/\/www.ve-global.org\/wp-content\/uploads\/2012\/08\/MDS-CPP-Logo-300x146.jpg 300w, http:\/\/www.ve-global.org\/wp-content\/uploads\/2012\/08\/MDS-CPP-Logo-768x375.jpg 768w, http:\/\/www.ve-global.org\/wp-content\/uploads\/2012\/08\/MDS-CPP-Logo-1024x499.jpg 1024w, http:\/\/www.ve-global.org\/wp-content\/uploads\/2012\/08\/MDS-CPP-Logo-940x458.jpg 940w, http:\/\/www.ve-global.org\/wp-content\/uploads\/2012\/08\/MDS-CPP-Logo-620x302.jpg 620w, http:\/\/www.ve-global.org\/wp-content\/uploads\/2012\/08\/MDS-CPP-Logo-195x95.jpg 195w\" sizes=\"auto, (max-width: 300px) 100vw, 300px\" \/><\/a><\/p>\n<p style=\"text-align: justify;\"><span style=\"font-weight: 400;\">El <\/span><i><span style=\"font-weight: 400;\"><a href=\"http:\/\/www.ministeriodesarrollosocial.gob.cl\/\">Ministerio de Desarrollo Social<\/a><\/span><\/i><span style=\"font-weight: 400;\"> es un apoyo invaluable para VE Global gracias a los dos nuevos fondos que hemos ganado en 2015: el<\/span><i><span style=\"font-weight: 400;\"> Fondo Chile de Todas y Todos<\/span><\/i><span style=\"font-weight: 400;\"> y el<\/span><i><span style=\"font-weight: 400;\"> Fondo Mixto de Apoyo Social<\/span><\/i><span style=\"font-weight: 400;\">. Estos dos fondos apoyar\u00e1n a los programas y las intervenciones que se implementar\u00e1n en el 2016. Gracias a esto, podremos poner en marcha una iniciativa de talleres de habilidades de vida, <\/span><i><span style=\"font-weight: 400;\">\u00a1Soy Independiente!<\/span><\/i><span style=\"font-weight: 400;\">, adem\u00e1s de fortalecer la capacitaci\u00f3n, apoyo y oportunidades que entregamos a los ni\u00f1os, ni\u00f1as y j\u00f3venes en situaci\u00f3n de riesgo social a trav\u00e9s de nuestros programas de voluntarios. Estamos muy agradecidos por fondos tales como estos. Sin ellos, no podr\u00edamos implementar programas nuevos importantes ni siquiera continuar apoyando a nuestros dedicados voluntarios que vienen de todas las partes del mundo y que trabajan incansablemente para servir como modelos de vida para los ni\u00f1os, ni\u00f1as y j\u00f3venes con quienes trabajamos.<\/span><\/p>\n<p style=\"text-align: justify;\">Se puede aprender m\u00e1s del convenio del Fondo Chile de Todas y Todos 2015 entre VE Global y el Ministerio de Desarrollo Social de\u00a0<em>\u00a1Soy Independiente!\u00a0<\/em><a href=\"http:\/\/www.ve-global.org\/wp-content\/uploads\/2016\/01\/Decreto-y-Convenio-VE-Global-Ministerio-de-Desarrollo-Social-Fondo-Chile-Todas-y-Todos-2015.pdf\">bajando el decreto del convenio aqu\u00ed<\/a>.<\/p>\n<p><div class=\"divider divider-solid\"><\/div><img loading=\"lazy\" decoding=\"async\" class=\"size-full wp-image-752 alignright\" title=\"Tandem-Santiago-Logo\" src=\"http:\/\/ve-global.org\/wp-content\/uploads\/2012\/09\/Tandem-Santiago-Logo.jpg\" alt=\"Tandem Language School\" width=\"250\" height=\"90\" srcset=\"http:\/\/www.ve-global.org\/wp-content\/uploads\/2012\/09\/Tandem-Santiago-Logo.jpg 250w, http:\/\/www.ve-global.org\/wp-content\/uploads\/2012\/09\/Tandem-Santiago-Logo-195x70.jpg 195w\" sizes=\"auto, (max-width: 250px) 100vw, 250px\" \/><\/p>\n<p style=\"text-align: justify;\">Nuestro socio, <a title=\"Tandem Santiago Language School\" href=\"http:\/\/www.tandemsantiago.cl\/\" target=\"_blank\">Tandem Santiago<\/a>, una escuela local de idiomas, ha estado\u00a0donando a VE Global $US 5 por cada estudiante que se inscribe en las clases de idioma. Tandem Santiago tambi\u00e9n ofrece un descuento especial para los voluntarios de VE en clases grupales. Sabemos que la escuela ofrece buenas lecciones porque muchos de nuestros voluntarios han estudiado ah\u00ed. As\u00ed que si usted est\u00e1 buscando mejorar su espa\u00f1ol, aseg\u00farese de visitar el sitio web de Tandem. Adem\u00e1s estar\u00e1 ayudando a VE a cumplir su misi\u00f3n.<\/p>\n<div class=\"divider divider-solid\"><\/div>\n<p><a href=\"https:\/\/www.facebook.com\/Espacio-Vegano-1499307557031266\/\" target=\"_blank\"><img loading=\"lazy\" decoding=\"async\" class=\"wp-image-6539 alignleft\" src=\"http:\/\/www.ve-global.org\/wp-content\/uploads\/2016\/07\/espacio-vegano.jpg\" alt=\"Espacio Vegano logo\" width=\"140\" height=\"140\" srcset=\"http:\/\/www.ve-global.org\/wp-content\/uploads\/2016\/07\/espacio-vegano.jpg 960w, http:\/\/www.ve-global.org\/wp-content\/uploads\/2016\/07\/espacio-vegano-150x150.jpg 150w, http:\/\/www.ve-global.org\/wp-content\/uploads\/2016\/07\/espacio-vegano-300x300.jpg 300w, http:\/\/www.ve-global.org\/wp-content\/uploads\/2016\/07\/espacio-vegano-768x768.jpg 768w, http:\/\/www.ve-global.org\/wp-content\/uploads\/2016\/07\/espacio-vegano-940x940.jpg 940w, http:\/\/www.ve-global.org\/wp-content\/uploads\/2016\/07\/espacio-vegano-620x620.jpg 620w, http:\/\/www.ve-global.org\/wp-content\/uploads\/2016\/07\/espacio-vegano-195x195.jpg 195w, http:\/\/www.ve-global.org\/wp-content\/uploads\/2016\/07\/espacio-vegano-130x130.jpg 130w, http:\/\/www.ve-global.org\/wp-content\/uploads\/2016\/07\/espacio-vegano-70x70.jpg 70w, http:\/\/www.ve-global.org\/wp-content\/uploads\/2016\/07\/espacio-vegano-45x45.jpg 45w\" sizes=\"auto, (max-width: 140px) 100vw, 140px\" \/><\/a><\/p>\n<p style=\"text-align: justify;\"><a href=\"https:\/\/www.facebook.com\/Espacio-Vegano-1499307557031266\/\">Espacio Vegano<\/a> es la \u00faltima adici\u00f3n a nuestra creciente red de simpatizantes y colaboradores. Este renombrado restaurante vegano de Santiago de Chile, acord\u00f3 proporcionar alimento para nuestra liga mensual de deportes. Adem\u00e1s estar\u00e1 colaborando en muchas otras maneras interesantes (m\u00e1s informaci\u00f3n sobre esto muy pronto) No hay duda de que los ni\u00f1os definitivamente disfrutar\u00e1n comiendo muchos alimentos sanos. Estamos muy contentos de darles la bienvenida a la familia VE Global!<\/p>\n<div class=\"divider divider-solid\"><\/div>\n<p style=\"text-align: justify;\"><a href=\"http:\/\/www.tallereslumen.cl\/\" target=\"_blank\"><img loading=\"lazy\" decoding=\"async\" class=\"alignright wp-image-6450\" src=\"http:\/\/www.ve-global.org\/wp-content\/uploads\/2016\/06\/logo-lumen.jpg\" alt=\"logo-lumen\" width=\"224\" height=\"53\" srcset=\"http:\/\/www.ve-global.org\/wp-content\/uploads\/2016\/06\/logo-lumen.jpg 299w, http:\/\/www.ve-global.org\/wp-content\/uploads\/2016\/06\/logo-lumen-195x46.jpg 195w\" sizes=\"auto, (max-width: 224px) 100vw, 224px\" \/> <\/a> <a title=\"Talleres Lumen\" href=\"http:\/\/www.tallereslumen.cl\/\" target=\"_blank\"> Talleres Lumen<\/a> es una nueva adici\u00f3n en nuestra red de colaboradores y amigos. Esta escuela de arte independiente, la m\u00e1s grande de Santiago, apoya nuestro programa <em>\u00a1Soy Independiente!<\/em>, proporcionando un espacio de trabajo para nuestros talleres bisemanales. Su apoyo permite a los 42 j\u00f3venes participantes aprender y desarrollar sus habilidades socioemocionales y practicar lo necesario para vivir una vida saludable e independiente.<\/p>\n<div class=\"divider divider-solid\"><\/div>\n<p style=\"text-align: justify;\"><a href=\"http:\/\/www.erickayser.cl\/\" target=\"_blank\"><img loading=\"lazy\" decoding=\"async\" class=\"alignleft wp-image-6694\" src=\"http:\/\/www.ve-global.org\/wp-content\/uploads\/2016\/08\/eric-kayser.jpg\" alt=\"Logo Eric Karyser\" width=\"140\" height=\"150\" \/><\/a><a href=\"http:\/\/www.erickayser.cl\/\" target=\"_blank\">Eric Kayser<\/a>, una panader\u00eda parisina de fama internacional, recientemente ha llegado a un acuerdo para asociarse con nosotros en un amplio n\u00famero de proyectos. En primer lugar, podr\u00e1n, durante una semana cada mes, dar la oportunidad a sus clientes de donar a VE Global con cada compra realizada en su tienda. Tambi\u00e9n contribuir\u00e1n a nuestro programa de habilidades para la vida independiente, mediante la organizaci\u00f3n de talleres de cocina para los j\u00f3venes participantes. Finalmente, Ofrecer\u00e1n pan y pasteles a nuestra <i>Liga de Deportes<\/i> mensual, innegablemente elevando el nivel de nuestro evento. Los franc\u00f3fonos en la oficina hablan muy bien de ellos, y estamos muy emocionados de iniciar una larga y exitosa relaci\u00f3n para los ni\u00f1os y j\u00f3venes que servimos.<\/p>\n<div class=\"divider divider-solid\"><\/div>\n<p style=\"text-align: justify;\"><a title=\"LikePint\" href=\"http:\/\/likepint.cl\/\" target=\"_blank\"><img loading=\"lazy\" decoding=\"async\" class=\"wp-image-7300 alignleft\" src=\"http:\/\/www.ve-global.org\/wp-content\/uploads\/2012\/08\/LIKEPINT.png\" alt=\"\" width=\"143\" height=\"171\" srcset=\"http:\/\/www.ve-global.org\/wp-content\/uploads\/2012\/08\/LIKEPINT.png 968w, http:\/\/www.ve-global.org\/wp-content\/uploads\/2012\/08\/LIKEPINT-251x300.png 251w, http:\/\/www.ve-global.org\/wp-content\/uploads\/2012\/08\/LIKEPINT-768x918.png 768w, http:\/\/www.ve-global.org\/wp-content\/uploads\/2012\/08\/LIKEPINT-857x1024.png 857w, http:\/\/www.ve-global.org\/wp-content\/uploads\/2012\/08\/LIKEPINT-940x1124.png 940w, http:\/\/www.ve-global.org\/wp-content\/uploads\/2012\/08\/LIKEPINT-620x741.png 620w, http:\/\/www.ve-global.org\/wp-content\/uploads\/2012\/08\/LIKEPINT-163x195.png 163w\" sizes=\"auto, (max-width: 143px) 100vw, 143px\" \/>LikePint<\/a>\u00a0se acaba de unir a nuestra red de\u00a0colaboradores y amigos. Es una empresa de decoraci\u00f3n dedicada a llevar a cabo \u00a1todas las ideas que se te ocurran! y est\u00e1n interesados en apoyar \u00a0a VE de todas las formas posibles.<\/p>\n<p style=\"text-align: justify;\">\n","protected":false},"excerpt":{"rendered":"<p>Qui\u00e9nes Apoyan a VE Global VE Global recibe apoyo para sus programas por parte de un peque\u00f1o pero dedicado grupo de instituciones comprometidas a brindar igualdad de oportunidades a los ni\u00f1os. Piensas en asociarte con VE Global y te preguntas c\u00f3mo se podr\u00eda beneficiar tu organizaci\u00f3n? Por prestarnos una mano, usted estar\u00eda asociado con una [&hellip;]<\/p>\n","protected":false},"author":4,"featured_media":0,"parent":643,"menu_order":0,"comment_status":"open","ping_status":"open","template":"template_builder.php","meta":{"footnotes":""},"class_list":["post-658","page","type-page","status-publish","hentry"],"_links":{"self":[{"href":"http:\/\/www.ve-global.org\/es\/wp-json\/wp\/v2\/pages\/658","targetHints":{"allow":["GET"]}}],"collection":[{"href":"http:\/\/www.ve-global.org\/es\/wp-json\/wp\/v2\/pages"}],"about":[{"href":"http:\/\/www.ve-global.org\/es\/wp-json\/wp\/v2\/types\/page"}],"author":[{"embeddable":true,"href":"http:\/\/www.ve-global.org\/es\/wp-json\/wp\/v2\/users\/4"}],"replies":[{"embeddable":true,"href":"http:\/\/www.ve-global.org\/es\/wp-json\/wp\/v2\/comments?post=658"}],"version-history":[{"count":24,"href":"http:\/\/www.ve-global.org\/es\/wp-json\/wp\/v2\/pages\/658\/revisions"}],"predecessor-version":[{"id":7302,"href":"http:\/\/www.ve-global.org\/es\/wp-json\/wp\/v2\/pages\/658\/revisions\/7302"}],"up":[{"embeddable":true,"href":"http:\/\/www.ve-global.org\/es\/wp-json\/wp\/v2\/pages\/643"}],"wp:attachment":[{"href":"http:\/\/www.ve-global.org\/es\/wp-json\/wp\/v2\/media?parent=658"}],"curies":[{"name":"wp","href":"https:\/\/api.w.org\/{rel}","templated":true}]}}