{"id":657,"date":"2012-08-24T11:28:09","date_gmt":"2012-08-24T15:28:09","guid":{"rendered":"http:\/\/new.voluntariosesperanza.org\/?page_id=657"},"modified":"2016-09-07T11:40:26","modified_gmt":"2016-09-07T14:40:26","slug":"otras-formas-de-contribuir","status":"publish","type":"page","link":"http:\/\/www.ve-global.org\/es\/donar\/otras-formas-de-contribuir\/","title":{"rendered":"Otras Formas de Contribuir"},"content":{"rendered":"<h1>Las Distintas Formas de Contribuir y Donar<\/h1>\n<p><em><a href=\"http:\/\/new.voluntariosesperanza.org\/wp-content\/uploads\/2012\/08\/Anakena_Misc_Dec31_2010_NFU_011web.jpg\"><img loading=\"lazy\" decoding=\"async\" class=\" wp-image-1222 alignright\" title=\"Anakena\" src=\"http:\/\/new.voluntariosesperanza.org\/wp-content\/uploads\/2012\/08\/Anakena_Misc_Dec31_2010_NFU_011web-620x412.jpg\" alt=\"Colegio Anakena\" width=\"372\" height=\"247\" srcset=\"http:\/\/www.ve-global.org\/wp-content\/uploads\/2012\/08\/Anakena_Misc_Dec31_2010_NFU_011web-620x412.jpg 620w, http:\/\/www.ve-global.org\/wp-content\/uploads\/2012\/08\/Anakena_Misc_Dec31_2010_NFU_011web-300x199.jpg 300w, http:\/\/www.ve-global.org\/wp-content\/uploads\/2012\/08\/Anakena_Misc_Dec31_2010_NFU_011web-195x129.jpg 195w, http:\/\/www.ve-global.org\/wp-content\/uploads\/2012\/08\/Anakena_Misc_Dec31_2010_NFU_011web.jpg 640w\" sizes=\"auto, (max-width: 372px) 100vw, 372px\" \/><\/a>Existen diversas maneras de apoyar a VE Global. Ya sea estudiante, ex-voluntario, empresario o simplemente alguien que quiere aportar algo bueno, \u00a1puede marcar una diferencia en VE Global!<\/em><\/p>\nLos donantes son esenciales para el \u00e9xito continuo de VE Global. M\u00e1s del 85% de nuestro presupuesto operativo anual se compone de donaciones individuales y este apoyo es la base para que nuestros voluntarios y nuestros programas crezcan y brinden un mejor servicio a los ni\u00f1os de Chile. Por eso, \u00a1dona hoy! VE Global les agradece profundamente a todos aquellos cuya generosidad hace posible el trabajo que realizamos.\r\n<div class=\"divider divider-dashed\"><\/div>\r\n<h2>Donaciones de Materiales<\/h2>\r\nTambi\u00e9n recibimos con agrado donaciones de materiales para distribuir entre las instituciones de servicio social con las cuales colaboramos y para nuestros programas especiales. Por lo general, nuestras instituciones colaboradoras no cuentan con suficiente fondos y tienen una constante demanda de algunos suministros b\u00e1sicos. Entre los art\u00edculos de mayor demanda son los \u00fatiles escolares tales como l\u00e1pices, marcadores, tijeras y papel. Tambi\u00e9n son sumamente necesarios los art\u00edculos de higiene personal tales como champ\u00fa, pa\u00f1ales, toallas femeninas y cepillos de dientes. Asimismo, aceptamos con agrado donaciones de ropa, juegos, juguetes, art\u00edculos deportivos y libros (preferentemente en espa\u00f1ol). Si desea hacer una donaci\u00f3n de materiales o necesita m\u00e1s informaci\u00f3n, por favor <a title=\"Contacto\" href=\"http:\/\/www.ve-global.org\/es\/contacto\/\">cont\u00e1ctanos<\/a>.\r\n<h2>\u00a1Organiza un Evento!<\/h2>\r\n\u00bfQuieres unirte a VE Global y participar en nuestro trabajo, pero no tiene la posibilidad de viajar a Chile? Existe otra manera de apoyar nuestro trabajo: \u00a1Organiza un evento de VE Global en tu comunidad local!\r\nUna gran parte de los fondos de VE Global vienen de personas como t\u00fa que se comprometen con organizar un evento en su propia ciudad. Crear\u00e1 consciencia en tu comunidad y aportar\u00e1 recursos muy necesarios para nuestros programas.\r\nOrganiza una degustaci\u00f3n de vinos, una muestra de arte o un evento musical. Corre una media marat\u00f3n o an\u00edmate a una marat\u00f3n entera. Sacude el polve de tu bicicleta y participa en una carrera. Utiliza tu creatividad y vende sopaipillas en tu ciudad o inventa alg\u00fan otro tipo de evento completamente novedoso. No existe un evento correcto o incorrecto, \u00a1veamos lo que puedes hacer! ","protected":false},"excerpt":{"rendered":"<p>Las Distintas Formas de Contribuir y Donar Existen diversas maneras de apoyar a VE Global. Ya sea estudiante, ex-voluntario, empresario o simplemente alguien que quiere aportar algo bueno, \u00a1puede marcar una diferencia en VE Global! Los donantes son esenciales para el \u00e9xito continuo de VE Global. M\u00e1s del 85% de nuestro presupuesto operativo anual se [&hellip;]<\/p>\n","protected":false},"author":4,"featured_media":0,"parent":643,"menu_order":0,"comment_status":"open","ping_status":"open","template":"template_builder.php","meta":{"footnotes":""},"class_list":["post-657","page","type-page","status-publish","hentry"],"_links":{"self":[{"href":"http:\/\/www.ve-global.org\/es\/wp-json\/wp\/v2\/pages\/657","targetHints":{"allow":["GET"]}}],"collection":[{"href":"http:\/\/www.ve-global.org\/es\/wp-json\/wp\/v2\/pages"}],"about":[{"href":"http:\/\/www.ve-global.org\/es\/wp-json\/wp\/v2\/types\/page"}],"author":[{"embeddable":true,"href":"http:\/\/www.ve-global.org\/es\/wp-json\/wp\/v2\/users\/4"}],"replies":[{"embeddable":true,"href":"http:\/\/www.ve-global.org\/es\/wp-json\/wp\/v2\/comments?post=657"}],"version-history":[{"count":7,"href":"http:\/\/www.ve-global.org\/es\/wp-json\/wp\/v2\/pages\/657\/revisions"}],"predecessor-version":[{"id":6762,"href":"http:\/\/www.ve-global.org\/es\/wp-json\/wp\/v2\/pages\/657\/revisions\/6762"}],"up":[{"embeddable":true,"href":"http:\/\/www.ve-global.org\/es\/wp-json\/wp\/v2\/pages\/643"}],"wp:attachment":[{"href":"http:\/\/www.ve-global.org\/es\/wp-json\/wp\/v2\/media?parent=657"}],"curies":[{"name":"wp","href":"https:\/\/api.w.org\/{rel}","templated":true}]}}