{"id":643,"date":"2012-08-24T11:06:55","date_gmt":"2012-08-24T15:06:55","guid":{"rendered":"http:\/\/new.voluntariosesperanza.org\/?page_id=643"},"modified":"2017-05-30T22:58:58","modified_gmt":"2017-05-31T02:58:58","slug":"donar","status":"publish","type":"page","link":"http:\/\/www.ve-global.org\/es\/donar\/","title":{"rendered":"Donar"},"content":{"rendered":"<h1 class=\"entry-title\">\u00a1Haz una Donaci\u00f3n!<\/h1>\n<p>A continuaci\u00f3n hay algunos\u00a0ejemplos de lo que podemos hacer con tu donaci\u00f3n<\/p>\n<p><img loading=\"lazy\" decoding=\"async\" class=\"alignleft size-full wp-image-7816\" src=\"http:\/\/www.ve-global.org\/wp-content\/uploads\/2012\/09\/Donaciones.png\" alt=\"\" width=\"900\" height=\"400\" srcset=\"http:\/\/www.ve-global.org\/wp-content\/uploads\/2012\/09\/Donaciones.png 900w, http:\/\/www.ve-global.org\/wp-content\/uploads\/2012\/09\/Donaciones-300x133.png 300w, http:\/\/www.ve-global.org\/wp-content\/uploads\/2012\/09\/Donaciones-768x341.png 768w, http:\/\/www.ve-global.org\/wp-content\/uploads\/2012\/09\/Donaciones-620x276.png 620w, http:\/\/www.ve-global.org\/wp-content\/uploads\/2012\/09\/Donaciones-195x87.png 195w\" sizes=\"auto, (max-width: 900px) 100vw, 900px\" \/><\/p>\n<p>&nbsp;<\/p>\n<p>&nbsp;<\/p>\n<p>&nbsp;<\/p>\n<p>&nbsp;<\/p>\n<p>&nbsp;<\/p>\n<p>&nbsp;<\/p>\n<p>&nbsp;<\/p>\n<p>&nbsp;<\/p>\n<p>&nbsp;<\/p>\n<p>&nbsp;<\/p>\n<p>&nbsp;<\/p>\n<p>Tu generosa colaboraci\u00f3n nos ayudar\u00e1 a financiar nuestros programas y apoyar a los ni\u00f1os con los que trabajamos.<\/p>\n<p>Puedes apoyar nuestro trabajo donando <em>online,\u00a0<\/em>usando uno de los siguientes servicios y una tarjeta de cr\u00e9dito:<\/p>\n<div class=\"column grid_6\"><\/p>\n<h2>Donaci\u00f3n<\/h2>\n<form action=\"https:\/\/www.paypal.com\/cgi-bin\/webscr\" method=\"post\"><input name=\"cmd\" type=\"hidden\" value=\"_s-xclick\" \/><br \/>\n<input name=\"hosted_button_id\" type=\"hidden\" value=\"GRGBAGWAUX22W\" \/><br \/>\n<input alt=\"PayPal. La forma r\u00e1pida y segura de pagar en Internet.\" name=\"submit\" src=\"https:\/\/www.paypalobjects.com\/es_ES\/ES\/i\/btn\/btn_donateCC_LG.gif\" type=\"image\" \/><\/p>\n<\/div>\n<p><div class=\"column grid_6 last\"><p><img loading=\"lazy\" decoding=\"async\" src=\"https:\/\/www.paypalobjects.com\/en_US\/i\/scr\/pixel.gif\" alt=\"\" width=\"1\" height=\"1\" border=\"0\" \/><\/p>\n<\/form>\n<h2 style=\"text-align: left;\">Donaci\u00f3n Recurrente<\/h2>\n<form action=\"https:\/\/www.paypal.com\/cgi-bin\/webscr\" method=\"post\" target=\"_top\"><input name=\"cmd\" type=\"hidden\" value=\"_s-xclick\" \/><br \/>\n<input name=\"hosted_button_id\" type=\"hidden\" value=\"EDU3CZZAJSDHW\" \/><\/p>\n<table>\n<tbody>\n<tr>\n<td><input name=\"on0\" type=\"hidden\" value=\"Monthly Donation\" \/>Donaci\u00f3n mensual<\/td>\n<\/tr>\n<tr>\n<td><select name=\"os0\"><option value=\"Option 1\">Option 1 : $5,00 USD &#8211; mensual<\/option><option value=\"Option 2\">Option 2 : $10,00 USD &#8211; mensual<\/option><option value=\"Option 3\">Option 3 : $15,00 USD &#8211; mensual<\/option><option value=\"Option 4\">Option 4 : $20,00 USD &#8211; mensual<\/option><option value=\"Option 5\">Option 5 : $25,00 USD &#8211; mensual<\/option><\/select><\/td>\n<\/tr>\n<\/tbody>\n<\/table>\n<p><input name=\"currency_code\" type=\"hidden\" value=\"USD\" \/><br \/>\n<input alt=\"PayPal - The safer, easier way to pay online!\" name=\"submit\" src=\"https:\/\/www.paypalobjects.com\/en_US\/i\/btn\/btn_subscribeCC_LG.gif\" type=\"image\" \/><\/p>\n<\/div><div class=\"clear\"><\/div><img loading=\"lazy\" decoding=\"async\" src=\"https:\/\/www.paypalobjects.com\/es_XC\/i\/scr\/pixel.gif\" alt=\"\" width=\"1\" height=\"1\" border=\"0\" \/><\/p>\n<\/form>\n<p>&nbsp;<\/p>\n<p><a href=\"http:\/\/new.voluntariosesperanza.org\/wp-content\/uploads\/2012\/08\/DSav_November_2011_AP_11.jpg\"><img loading=\"lazy\" decoding=\"async\" class=\"wp-image-1137 aligncenter\" title=\"Mi Club Domingo Savio\" src=\"http:\/\/new.voluntariosesperanza.org\/wp-content\/uploads\/2012\/08\/DSav_November_2011_AP_11-300x199.jpg\" alt=\"\" width=\"300\" height=\"199\" srcset=\"http:\/\/www.ve-global.org\/wp-content\/uploads\/2012\/08\/DSav_November_2011_AP_11-300x199.jpg 300w, http:\/\/www.ve-global.org\/wp-content\/uploads\/2012\/08\/DSav_November_2011_AP_11-940x624.jpg 940w, http:\/\/www.ve-global.org\/wp-content\/uploads\/2012\/08\/DSav_November_2011_AP_11-620x412.jpg 620w, http:\/\/www.ve-global.org\/wp-content\/uploads\/2012\/08\/DSav_November_2011_AP_11-195x129.jpg 195w, http:\/\/www.ve-global.org\/wp-content\/uploads\/2012\/08\/DSav_November_2011_AP_11.jpg 960w\" sizes=\"auto, (max-width: 300px) 100vw, 300px\" \/><\/a><\/p>\n<div class=\"info-box info-box-approved\"><p>Si haces una donaci\u00f3n off-line, por favor enviar cheques a nombre de VE Global a:<br \/>\nVE Global<br \/>\nPO Box 390777<br \/>\nCambridge, MA 02139<\/p>\n<\/div>\n<p>&nbsp;<\/p>\n<p>Como VE lleva a cabo la mayor\u00eda de sus servicios fuera de los Estados Unidos, el Servicio de Impuestos Internos (Internal Revenue Service) nos pide que informemos a contribuyentes que nuestra Junta Directiva tiene la m\u00e1xima autoridad sobre los fondos donados a nosotros.<\/p>\n<p>&nbsp;<\/p>\n<h2 style=\"text-align: center;\"><em>\u00a1Gracias por tu ayuda!<\/em><\/h2>\n","protected":false},"excerpt":{"rendered":"<p>\u00a1Haz una Donaci\u00f3n! A continuaci\u00f3n hay algunos\u00a0ejemplos de lo que podemos hacer con tu donaci\u00f3n &nbsp; &nbsp; &nbsp; &nbsp; &nbsp; &nbsp; &nbsp; &nbsp; &nbsp; &nbsp; &nbsp; Tu generosa colaboraci\u00f3n nos ayudar\u00e1 a financiar nuestros programas y apoyar a los ni\u00f1os con los que trabajamos. Puedes apoyar nuestro trabajo donando online,\u00a0usando uno de los siguientes servicios [&hellip;]<\/p>\n","protected":false},"author":4,"featured_media":0,"parent":0,"menu_order":0,"comment_status":"closed","ping_status":"closed","template":"template_builder.php","meta":{"footnotes":""},"class_list":["post-643","page","type-page","status-publish","hentry"],"_links":{"self":[{"href":"http:\/\/www.ve-global.org\/es\/wp-json\/wp\/v2\/pages\/643","targetHints":{"allow":["GET"]}}],"collection":[{"href":"http:\/\/www.ve-global.org\/es\/wp-json\/wp\/v2\/pages"}],"about":[{"href":"http:\/\/www.ve-global.org\/es\/wp-json\/wp\/v2\/types\/page"}],"author":[{"embeddable":true,"href":"http:\/\/www.ve-global.org\/es\/wp-json\/wp\/v2\/users\/4"}],"replies":[{"embeddable":true,"href":"http:\/\/www.ve-global.org\/es\/wp-json\/wp\/v2\/comments?post=643"}],"version-history":[{"count":44,"href":"http:\/\/www.ve-global.org\/es\/wp-json\/wp\/v2\/pages\/643\/revisions"}],"predecessor-version":[{"id":8254,"href":"http:\/\/www.ve-global.org\/es\/wp-json\/wp\/v2\/pages\/643\/revisions\/8254"}],"wp:attachment":[{"href":"http:\/\/www.ve-global.org\/es\/wp-json\/wp\/v2\/media?parent=643"}],"curies":[{"name":"wp","href":"https:\/\/api.w.org\/{rel}","templated":true}]}}