{"id":640,"date":"2012-08-24T11:26:25","date_gmt":"2012-08-24T15:26:25","guid":{"rendered":"http:\/\/new.voluntariosesperanza.org\/?page_id=640"},"modified":"2017-02-27T15:16:27","modified_gmt":"2017-02-27T18:16:27","slug":"donde-trabajamos","status":"publish","type":"page","link":"http:\/\/www.ve-global.org\/es\/quienes-somos\/donde-trabajamos\/","title":{"rendered":"D\u00f3nde Trabajamos"},"content":{"rendered":"<h1>D\u00f3nde Trabajamos<\/h1>\n<p style=\"text-align: justify;\">Comenzando con un grupo peque\u00f1o de voluntarios en el <em>Hogar Esperanza<\/em> en 2004, VE Global (VE) ha continuado buscando peque\u00f1as fundaciones con similares objetivos para servir a tantos ni\u00f1os como sea posible a trav\u00e9s de nuestra red insitucional. Estos hogares, centros comunitarios y escuelas trabajan por la continuidad, amor y un mejor futuro para los ni\u00f1os.<\/p>\n<p style=\"text-align: justify;\"><a href=\"http:\/\/new.voluntariosesperanza.org\/wp-content\/uploads\/2012\/08\/dessa_1web.jpg\"><img loading=\"lazy\" decoding=\"async\" class=\"alignleft size-medium wp-image-1258\" title=\"VE Volunteer with child\" src=\"http:\/\/new.voluntariosesperanza.org\/wp-content\/uploads\/2012\/08\/dessa_1web-300x200.jpg\" alt=\"VE Global | D\u00f3nde Trabajamos\" width=\"300\" height=\"200\" srcset=\"http:\/\/www.ve-global.org\/wp-content\/uploads\/2012\/08\/dessa_1web-300x200.jpg 300w, http:\/\/www.ve-global.org\/wp-content\/uploads\/2012\/08\/dessa_1web-620x413.jpg 620w, http:\/\/www.ve-global.org\/wp-content\/uploads\/2012\/08\/dessa_1web-195x130.jpg 195w, http:\/\/www.ve-global.org\/wp-content\/uploads\/2012\/08\/dessa_1web.jpg 640w\" sizes=\"auto, (max-width: 300px) 100vw, 300px\" \/><\/a>Los hogares cuidan a ni\u00f1os quienes han sido retirados de sus casas debido a abusos o negligencias y puestos en los hogares por el gobierno chileno. Los centros comunitarios asisten a ni\u00f1os de los barrios m\u00e1s vulnerables, d\u00e1ndoles apoyo post escolar, ayuda familiar y gu\u00eda emocional. VE tambi\u00e9n trabaja con una escuela que educa a ni\u00f1os con necesidades especiales y una guarder\u00eda para ni\u00f1os que viven en uno de los \u201ccampamentos\u201d de Santiago.<br \/>\n<div class=\"divider divider-shadow\"><\/div><\/p>\n<div id=\"attachment_6709\" style=\"width: 415px\" class=\"wp-caption aligncenter\"><img loading=\"lazy\" decoding=\"async\" aria-describedby=\"caption-attachment-6709\" class=\"wp-image-6709\" src=\"http:\/\/www.ve-global.org\/wp-content\/uploads\/2016\/08\/map-intervencion.pptx.jpg\" alt=\"map intervencion\" width=\"405\" height=\"408\" srcset=\"http:\/\/www.ve-global.org\/wp-content\/uploads\/2016\/08\/map-intervencion.pptx.jpg 716w, http:\/\/www.ve-global.org\/wp-content\/uploads\/2016\/08\/map-intervencion.pptx-150x150.jpg 150w, http:\/\/www.ve-global.org\/wp-content\/uploads\/2016\/08\/map-intervencion.pptx-298x300.jpg 298w, http:\/\/www.ve-global.org\/wp-content\/uploads\/2016\/08\/map-intervencion.pptx-620x623.jpg 620w, http:\/\/www.ve-global.org\/wp-content\/uploads\/2016\/08\/map-intervencion.pptx-195x195.jpg 195w, http:\/\/www.ve-global.org\/wp-content\/uploads\/2016\/08\/map-intervencion.pptx-130x130.jpg 130w, http:\/\/www.ve-global.org\/wp-content\/uploads\/2016\/08\/map-intervencion.pptx-70x70.jpg 70w, http:\/\/www.ve-global.org\/wp-content\/uploads\/2016\/08\/map-intervencion.pptx-45x45.jpg 45w\" sizes=\"auto, (max-width: 405px) 100vw, 405px\" \/><p id=\"caption-attachment-6709\" class=\"wp-caption-text\">Trabajamos en 13 comunas de Santiago<\/p><\/div>\n<h2><em>Aldea Buen Camino<\/em><\/h2>\n<p style=\"text-align: justify;\"><span style=\"font-weight: 400;\">Aldea Buen Camino es una casa residencial que trabaja apoyando a ni\u00f1os a los que les han vulnerado sus derechos y que por ello han sido trasladados ac\u00e1, por tribunales, para velar por su seguridad. En la actualidad la organizaci\u00f3n tiene a su cuidado a 22 ni\u00f1os entre 5 a 18 a\u00f1os, con capacidad para 30. Los voluntarios de VE trabajan para apoyar y acompa\u00f1ar a los chicos en su d\u00eda a d\u00eda, trabajando para desarrollar su creatividad y tolerancia a la frustraci\u00f3n.<\/span><\/p>\n<div class=\"divider divider-shadow\"><\/div>\n<h2><em>Casa Fundaci\u00f3n Acomp\u00e1\u00f1ame<\/em><\/h2>\n<p><span style=\"font-weight: 400;\">Casa Fundaci\u00f3n Acomp\u00e1\u00f1ame, es una nueva residencia que trabaja para restaurar los derechos de las ni\u00f1as que han sufrido negligencia o abuso. Actualmente, Casa Acompa\u00f1a tiene a su cuidado a 12 ni\u00f1as de 6 a 17 a\u00f1os. Los voluntarios de VE \u00a0ofrecen ayuda con tareas del colegio, talleres entretenidos, apoyo emocional y ayuda con las tareas cotidiana, apoyando tambi\u00e9n el trabajo de las t\u00edas.<\/span><\/p>\n<div class=\"divider divider-shadow\"><\/div>\n<h2><\/h2>\n<h2><em>Hogar de Ni\u00f1as La Granja<\/em><\/h2>\n<p><span style=\"font-weight: 400;\">Fundada en 1976, Hogar de ni\u00f1as La Granja, trabaja directamente con ni\u00f1as que tienen una orden de protecci\u00f3n judicial. El trabajo de la casa se centra en apoyarlas \u00a0en un ambiente muy acogedor y de apoyo para asegurar su desarrollo. Actualmente el hogar tiene a su cuidado a 45 ni\u00f1as, divididas en 4 casas. Los voluntarios trabajan con ellas llevando a cabo actividades y talleres dependiendo de las edades y necesidades de cada una.<\/span><\/p>\n<p style=\"text-align: justify;\"><div class=\"divider divider-shadow\"><\/div><\/p>\n<h2><em>Nuestra Se\u00f1ora de la Paz<\/em><\/h2>\n<p><span style=\"font-weight: 400;\">En 1980, Nuestra Se\u00f1ora de la Paz fue fundada para apoyar a ni\u00f1as que se encuentran en situaciones irregulares o conflictivas, y tambi\u00e9n para apoyar a sus familias. Muchas de ellas han sufrido abandono, abuso y violencia intrafamiliar. Actualmente viven 30 chicas en el hogar, de entre 6 y 18 a\u00f1os. La casa tiene como objetivo reinsertar a las ni\u00f1as a su familia y ense\u00f1arles valores fundamentales como el respeto, la responsabilidad y la solidaridad. Los voluntarios apoyan al equipo con entretenidos talleres y actividades.<\/span><\/p>\n<p style=\"text-align: justify;\"><div class=\"divider divider-shadow\"><\/div><\/p>\n<h2 style=\"text-align: justify;\"><em>Centro Comunitario Domingo Savio<\/em><\/h2>\n<p style=\"text-align: justify;\">Aunque fue fundado como un hogar en 1979, <em>Mi Club Domingo Savio<\/em> ahora es un centro comunitario para aproximadamente 40 ni\u00f1os entre 5 y 14 a\u00f1os. Ubicado en La Granja, una de las \u00e1reas m\u00e1s vulnerables de Santiago, <em>Domingo Savio<\/em> provee un ambiente familiar de largo plazo para ni\u00f1os que carecen de una situaci\u00f3n familiar estable. Se esfuerzan para mejorar su rendimiento y darles un sentido de esperanza y optimismo acerca de sus futuros.<\/p>\n<p style=\"text-align: justify;\">Los voluntarios de VE ayudan a las t\u00edas y t\u00edos con talleres tales como de arte, teatro, y carpinter\u00eda, ayudan durante el tiempo dedicado a las tareas escolares, y tambi\u00e9n hacen sus propios talleres de cocinar, leer, o de ingl\u00e9s, entre otros.<br \/>\n<div class=\"clear\"><\/div><\/p>\n","protected":false},"excerpt":{"rendered":"<p>D\u00f3nde Trabajamos Comenzando con un grupo peque\u00f1o de voluntarios en el Hogar Esperanza en 2004, VE Global (VE) ha continuado buscando peque\u00f1as fundaciones con similares objetivos para servir a tantos ni\u00f1os como sea posible a trav\u00e9s de nuestra red insitucional. Estos hogares, centros comunitarios y escuelas trabajan por la continuidad, amor y un mejor futuro [&hellip;]<\/p>\n","protected":false},"author":4,"featured_media":4641,"parent":114,"menu_order":0,"comment_status":"open","ping_status":"open","template":"template_builder.php","meta":{"footnotes":""},"class_list":["post-640","page","type-page","status-publish","has-post-thumbnail","hentry"],"_links":{"self":[{"href":"http:\/\/www.ve-global.org\/es\/wp-json\/wp\/v2\/pages\/640","targetHints":{"allow":["GET"]}}],"collection":[{"href":"http:\/\/www.ve-global.org\/es\/wp-json\/wp\/v2\/pages"}],"about":[{"href":"http:\/\/www.ve-global.org\/es\/wp-json\/wp\/v2\/types\/page"}],"author":[{"embeddable":true,"href":"http:\/\/www.ve-global.org\/es\/wp-json\/wp\/v2\/users\/4"}],"replies":[{"embeddable":true,"href":"http:\/\/www.ve-global.org\/es\/wp-json\/wp\/v2\/comments?post=640"}],"version-history":[{"count":23,"href":"http:\/\/www.ve-global.org\/es\/wp-json\/wp\/v2\/pages\/640\/revisions"}],"predecessor-version":[{"id":7761,"href":"http:\/\/www.ve-global.org\/es\/wp-json\/wp\/v2\/pages\/640\/revisions\/7761"}],"up":[{"embeddable":true,"href":"http:\/\/www.ve-global.org\/es\/wp-json\/wp\/v2\/pages\/114"}],"wp:featuredmedia":[{"embeddable":true,"href":"http:\/\/www.ve-global.org\/es\/wp-json\/wp\/v2\/media\/4641"}],"wp:attachment":[{"href":"http:\/\/www.ve-global.org\/es\/wp-json\/wp\/v2\/media?parent=640"}],"curies":[{"name":"wp","href":"https:\/\/api.w.org\/{rel}","templated":true}]}}