{"id":638,"date":"2012-08-24T11:27:26","date_gmt":"2012-08-24T15:27:26","guid":{"rendered":"http:\/\/new.voluntariosesperanza.org\/?page_id=638"},"modified":"2018-11-02T16:01:09","modified_gmt":"2018-11-02T19:01:09","slug":"nuestro-equipo","status":"publish","type":"page","link":"http:\/\/www.ve-global.org\/es\/quienes-somos\/nuestro-equipo\/","title":{"rendered":"Nuestro Equipo"},"content":{"rendered":"<h1>Nuestro Equipo<\/h1>\n<p style=\"text-align: justify;\">Un peque\u00f1o equipo administrativo en Santiago y un Directorio en los Estados Unidos y en Chile funcionan de manera efectiva para promover y lograr nuestra misi\u00f3n. Este dedicado equipo es la base de nuestra organizaci\u00f3n, que cambia a menudo con cada nueva clase de voluntarios, ya que algunos voluntarios toman roles en la oficina\u00a0despu\u00e9s\u00a0de que terminan su compromiso de voluntariado. El equipo administrativo de VE aconseja y gu\u00eda a los voluntarios, cada uno en su especialidad, a fin de formar un equipo s\u00f3lido. El Directorio de los Estados Unidos y de Chile tienen un rol administrativo en la organizaci\u00f3n que aseguran el cumplimiento de nuestra misi\u00f3n. <div class=\"divider divider-shadow\"><\/div><\/p>\n<h2>Equipo VE Global<\/h2>\n<p>&nbsp;<\/p>\n<h2 style=\"text-align: justify;\">\u00bfQuieres hacer una pr\u00e1ctica o una pasant\u00eda?<\/h2>\n<p style=\"text-align: justify;\"><span style=\"line-height: 1.5em;\"><span style=\"line-height: 1.5em;\">VE Global est\u00e1<\/span> <span style=\"line-height: 1.5em;\">constantemente en b\u00fasqueda de pasantes <\/span><span style=\"line-height: 1.5em;\">dedicados que puedan comprometerse con<\/span><span style=\"line-height: 1.5em;\"> un m\u00ednimo de <\/span>3 meses de pasant\u00eda voluntaria. Actualmente ofrecemos 5 puestos de pasant\u00eda que incluyen: pasante en comunicaciones y marketing, pasante en equipo programa de voluntariado, pasante en reclutamiento y relaciones internacionales, pasante en desarrollo y alianzas comerciales, y pasante en recaudaci\u00f3n de fondos y alianzas. \u00a1Si tienes inter\u00e9s, revisa <a href=\"http:\/\/www.ve-global.org\/es\/pagina-principal\/practicas\/\">esta p\u00e1gina con m\u00e1s detalles de nuestras pr\u00e1cticas<\/a>.<\/span><\/p>\n<p style=\"text-align: justify;\"><div class=\"divider divider-shadow\"><\/div><\/p>\n<h2>Voluntarios de VE Global<\/h2>\n<p><img loading=\"lazy\" decoding=\"async\" class=\"alignleft wp-image-8303\" src=\"http:\/\/www.ve-global.org\/wp-content\/uploads\/2012\/08\/VE-1024x688.jpeg\" alt=\"\" width=\"940\" height=\"632\" srcset=\"http:\/\/www.ve-global.org\/wp-content\/uploads\/2012\/08\/VE-1024x688.jpeg 1024w, http:\/\/www.ve-global.org\/wp-content\/uploads\/2012\/08\/VE-300x202.jpeg 300w, http:\/\/www.ve-global.org\/wp-content\/uploads\/2012\/08\/VE-768x516.jpeg 768w, http:\/\/www.ve-global.org\/wp-content\/uploads\/2012\/08\/VE-940x632.jpeg 940w, http:\/\/www.ve-global.org\/wp-content\/uploads\/2012\/08\/VE-620x417.jpeg 620w, http:\/\/www.ve-global.org\/wp-content\/uploads\/2012\/08\/VE-195x131.jpeg 195w, http:\/\/www.ve-global.org\/wp-content\/uploads\/2012\/08\/VE.jpeg 1280w\" sizes=\"auto, (max-width: 940px) 100vw, 940px\" \/><\/p>\n<p style=\"text-align: justify;\">VE Global se siente orgulloso de tener un equipo muy comprometido de voluntarios internacionales.\u00a0 \u00a1<a title=\"\u00a1Postula ahora!\" href=\"http:\/\/www.ve-global.org\/es\/se-voluntario\/postula-ya\/\">Postula ahora<\/a> para formar parte de nuestro equipo!<\/p>\n<h2>Directorio (Estados Unidos)<\/h2>\n<p style=\"text-align: justify;\">\n\t        <div class=\"tb-panel panel panel-default\">\n\t            <div class=\"panel-heading\">\n\t                <a class=\"panel-title\" data-toggle=\"collapse\" data-parent=\"\" href=\"#toggle_206779319869f627ed9336b\">\n\t                    <i class=\"fa fa-plus-circle switch-me\"><\/i> Presidente - Josh Pilz, Ex Director Ejecutivo,  <em>VE Global<\/em>\n\t                <\/a>\n\t            <\/div><!-- .panel-heading (end) -->\n\t            <div id=\"toggle_206779319869f627ed9336b\" class=\"panel-collapse collapse\">\n\t                <div class=\"panel-body\">\n\t                    <p>Josh Pilz ha vivido en Latinoam\u00e9rica por m\u00e1s de 8 a\u00f1os desde el 2001. Luego de estudiar en Costa Rica y hacer un voluntariado en Ecuador como profesor de ingl\u00e9s, Josh lleg\u00f3 a Chile en el 2005 como Director en terreno de\u00a0<em>WorldTeach<\/em>, una ONG afiliada a Harvard la cual se dedica a la educaci\u00f3n internacional. Josh ha trabajado en el sector educativo y de servicio social en Santiago, sirviendo tanto como consultor educativo hasta miembro del directorio del Instituto Chileno Norteamericano. Josh estudi\u00f3 Ciencias Pol\u00edticas en la\u00a0<em>North Central College<\/em>\u00a0y cuenta con un magister en Literatura Espa\u00f1ola y Ling\u00fc\u00edstica de la Universidad de Wisconsin-Madison.<\/p>\n\n\t                <\/div><!-- .panel-body (end) -->\n\t            <\/div><!-- .panel-collapse (end) -->\n\t        <\/div><!-- .panel (end) --><\/p>\n<p style=\"text-align: justify;\">\n\t        <div class=\"tb-panel panel panel-default\">\n\t            <div class=\"panel-heading\">\n\t                <a class=\"panel-title\" data-toggle=\"collapse\" data-parent=\"\" href=\"#toggle_196557078969f627ed933bf\">\n\t                    <i class=\"fa fa-plus-circle switch-me\"><\/i> Tesorero\/Secretario - Brooke Lloyd, Director de Marketing, Microsoft Corporation\n\t                <\/a>\n\t            <\/div><!-- .panel-heading (end) -->\n\t            <div id=\"toggle_196557078969f627ed933bf\" class=\"panel-collapse collapse\">\n\t                <div class=\"panel-body\">\n\t                    <p>Brooke tiene una larga historia de trabajo comunitario en Chile, liderando viajes de voluntariado como parte del programa de estudios latinoamericanos de la Universidad de Wesleyan en el cual estudi\u00f3. Adem\u00e1s, fue al norte de Chile durante la escuela secundaria y estudi\u00f3 en la Universidad de Concepci\u00f3n como parte de una experiencia de estudiar en el extranjero. En 2005, empez\u00f3 a colaborar con Luke Winston y el equipo de VE Global mientras era presidente de comit\u00e9 filantr\u00f3pico en Business News Americas, d\u00f3nde se desempe\u00f1aba como Product Manager. Posteriormente, se convirti\u00f3 en el segundo Director Ejecutivo de VE Global desde 2008 hasta 2010. Adem\u00e1s de sus labores como director ejecutivo, Brooke colaboraba como voluntario una vez a la semana en el Hogar Pl\u00e9yades. Despu\u00e9s, volvi\u00f3 a Estaduso Unidos y se egres\u00f3 del Darden School de la Universidad de Virginia &#8211; Charlottesville con un MBA en el 2012. Actualmente trabaja como Product Manager en Marketing para Microsoft.<\/p>\n\n\t                <\/div><!-- .panel-body (end) -->\n\t            <\/div><!-- .panel-collapse (end) -->\n\t        <\/div><!-- .panel (end) --><\/p>\n<p style=\"text-align: justify;\">\n\t        <div class=\"tb-panel panel panel-default\">\n\t            <div class=\"panel-heading\">\n\t                <a class=\"panel-title\" data-toggle=\"collapse\" data-parent=\"\" href=\"#toggle_144750258469f627ed933ef\">\n\t                    <i class=\"fa fa-plus-circle switch-me\"><\/i> Miembro del directorio - Jonah Berman, Ejecutivo de Ventas Online, Google, Inc.\n\t                <\/a>\n\t            <\/div><!-- .panel-heading (end) -->\n\t            <div id=\"toggle_144750258469f627ed933ef\" class=\"panel-collapse collapse\">\n\t                <div class=\"panel-body\">\n\t                    <p>Jonah Berman sirvi\u00f3 como voluntario de VE desde diciembre de 2005 hasta abril de 2006 en la Casa de Guaguas de Hogar Esperanza. Se uni\u00f3 al directorio de VE al regresar a Estados Unidos en mayo de 2006, y fue presidente del directorio desde 2008 hasta 2012. Jonah tiene amplia experiencia en el desarrollo, manejo de proyectos y liderazgo, habiendo colaborado y trabajado en distintas organizaciones sin fines de lucro, tales como Action for Children, en Chicago, Illinois, United Way de Massachusetts Bay en Boston, Massachusetts, y en el Winston Center for Leadership and Ethics de Boston College. Actualmente, es ejecutivo de ventas online de Google en su oficina de Cambridge, Massachusetts. All\u00ed trabaja con grandes empresas con lograr sus objetivos de publicidad y marketing. Tiene dos licenciaturas en sociolog\u00eda y m\u00fasica (saxof\u00f3n y jazz) del Oberlin College y el Conservatory of Music de Oberlin College. Adem\u00e1s, tiene magister en Administraci\u00f3n de Empresas del Carroll School of Administration la escuela de Carroll School of Management de Boston College.<\/p>\n\n\t                <\/div><!-- .panel-body (end) -->\n\t            <\/div><!-- .panel-collapse (end) -->\n\t        <\/div><!-- .panel (end) --><\/p>\n<p style=\"text-align: justify;\">\n\t        <div class=\"tb-panel panel panel-default\">\n\t            <div class=\"panel-heading\">\n\t                <a class=\"panel-title\" data-toggle=\"collapse\" data-parent=\"\" href=\"#toggle_185287376269f627ed93417\">\n\t                    <i class=\"fa fa-plus-circle switch-me\"><\/i> Miembro del directorio - Luke Winston, Formlabs\n\t                <\/a>\n\t            <\/div><!-- .panel-heading (end) -->\n\t            <div id=\"toggle_185287376269f627ed93417\" class=\"panel-collapse collapse\">\n\t                <div class=\"panel-body\">\n\t                    <p>A Luke le fue otorgada una beca de la Universidad de Harvard en 2003, lo que le trajo a Santiago de Chile a vivir y trabajar en Hogar Esperanza, un hogar de protecci\u00f3n de ni\u00f1os por un a\u00f1o. D\u00e1ndose cuenta de las necesidades y la falta de oportunidades para hacer voluntariado en los hogares de protecci\u00f3n en Santiago, m\u00e1s all\u00e1 de Hogar Esperanza, Luke y un grupo de 6 chilenos form\u00f3 un equipo para fundar VE Global. Aunque al principio s\u00f3lo pensaba quedarse 12 meses, al final se qued\u00f3 un total de cinco a\u00f1os, sirviendo como Director Ejecutivo de VE hasta volver a Estados Unidos en julio de 2008. Con el\u00a0 fin de integrar sus estudios de qu\u00edmica y f\u00edsica con su experiencia internacional, busc\u00f3 oportunidades para trabajar en la sostenibilidad. Desde entonces se ha desempe\u00f1ado de formas distintas con el Environmental Defence Fund sobre la pol\u00edtica clim\u00e1tica internacional, GreenOrder para ayudar a las compa\u00f1\u00edas de la lista Fortune 500 a implementar, desarrollar y poner en pr\u00e1ctica estrategias de sostenibilidad, y como consultor de Siemens, Inc. Luke obtuvo su magister en Pol\u00edtica P\u00fablica de la Kennedy School of Government y su MBA de Harvard Business School.<\/p>\n\n\t                <\/div><!-- .panel-body (end) -->\n\t            <\/div><!-- .panel-collapse (end) -->\n\t        <\/div><!-- .panel (end) --><\/p>\n<p style=\"text-align: justify;\"><div class=\"divider divider-shadow\"><\/div><\/p>\n<h2>Directorio (Chile)<\/h2>\n\n\t        <div class=\"tb-panel panel panel-default\">\n\t            <div class=\"panel-heading\">\n\t                <a class=\"panel-title\" data-toggle=\"collapse\" data-parent=\"\" href=\"#toggle_41326309069f627ed93445\">\n\t                    <i class=\"fa fa-plus-circle switch-me\"><\/i> Presidente - Josh Pilz, Ex Director Ejecutivo,  <em>VE Global<\/em>\n\t                <\/a>\n\t            <\/div><!-- .panel-heading (end) -->\n\t            <div id=\"toggle_41326309069f627ed93445\" class=\"panel-collapse collapse\">\n\t                <div class=\"panel-body\">\n\t                    <p>Josh Pilz ha vivido en Latinoam\u00e9rica por m\u00e1s de 8 a\u00f1os desde el 2001. Luego de estudiar en Costa Rica y hacer un voluntariado en Ecuador como profesor de ingl\u00e9s, Josh lleg\u00f3 a Chile en el 2005 como Director en terreno de\u00a0<em>WorldTeach<\/em>, una ONG afiliada a Harvard la cual se dedica a la educaci\u00f3n internacional. Josh ha trabajado en el sector educativo y de servicio social en Santiago, sirviendo tanto como consultor educativo hasta miembro del directorio del Instituto Chileno Norteamericano. Josh estudi\u00f3 Ciencias Pol\u00edticas en la\u00a0<em>North Central College<\/em>\u00a0y cuenta con un magister en Literatura Espa\u00f1ola y Ling\u00fc\u00edstica de la Universidad de Wisconsin-Madison.<\/p>\n\n\t                <\/div><!-- .panel-body (end) -->\n\t            <\/div><!-- .panel-collapse (end) -->\n\t        <\/div><!-- .panel (end) -->\n\n\t        <div class=\"tb-panel panel panel-default\">\n\t            <div class=\"panel-heading\">\n\t                <a class=\"panel-title\" data-toggle=\"collapse\" data-parent=\"\" href=\"#toggle_120767212569f627ed93468\">\n\t                    <i class=\"fa fa-plus-circle switch-me\"><\/i> Vicepresidente  - Pablo Jorquera, Profesor de Matem\u00e1ticas,  <em>Cream\u00e1s<\/em>\n\t                <\/a>\n\t            <\/div><!-- .panel-heading (end) -->\n\t            <div id=\"toggle_120767212569f627ed93468\" class=\"panel-collapse collapse\">\n\t                <div class=\"panel-body\">\n\t                    <p> \u00a0Como uno de los principales fundadores de VE Global en 2004, Pablo Jorquera sigue participando activamente en la organizaci\u00f3n hasta hoy en d\u00eda.\u00a0En aquel entonces, Pablo viv\u00eda como voluntario dentro del Hogar Esperanza, la primera organizaci\u00f3n colaboradora de VE.\u00a0Durante dos a\u00f1os, Pablo vivi\u00f3 en el hogar, brindando apoyo acad\u00e9mico y emocional, adem\u00e1s de contribuir a las tareas principales del hogar.\u00a0Inspirado por los esfuerzos y la pasi\u00f3n de colaboraci\u00f3n tanto de voluntarios extranjeros como chilenos, Pablo fue instrumental en la fundaci\u00f3n de VE Global. Despu\u00e9s de titularse con una licenciatura en Matem\u00e1ticas y Pedagog\u00eda en el\u00a02000, Pablo trabaj\u00f3 durante varios a\u00f1os en una imprenta de libros de texto donde dise\u00f1aba\u00a0curr\u00edculo educativo de matem\u00e1ticas. En 2010, Pablo se uni\u00f3 al equipo de Cream\u00e1s, una organizaci\u00f3n sin fines de lucro que implementa proyectos educativos y de resforzamiento acad\u00e9mico para mejorar el rendimiento escolar de\u00a0ni\u00f1os y j\u00f3venes en situaci\u00f3n de riesgo social por medio de voluntarios profesionales en los barrios vulnerables en todo Chile. Como vicepresidente del actual directorio de VE Chile, Pablo contin\u00faa prestando apoyo activo en la administraci\u00f3n y gesti\u00f3n organizacional hasta hoy.<\/p>\n\n\t                <\/div><!-- .panel-body (end) -->\n\t            <\/div><!-- .panel-collapse (end) -->\n\t        <\/div><!-- .panel (end) -->\n\n\t        <div class=\"tb-panel panel panel-default\">\n\t            <div class=\"panel-heading\">\n\t                <a class=\"panel-title\" data-toggle=\"collapse\" data-parent=\"\" href=\"#toggle_166375269569f627ed9348b\">\n\t                    <i class=\"fa fa-plus-circle switch-me\"><\/i> Tesorera - Mar\u00eda Jos\u00e9 Fuentes, Asistente Social y Profesora de Yoga, Cuerpo Grupal\n\t                <\/a>\n\t            <\/div><!-- .panel-heading (end) -->\n\t            <div id=\"toggle_166375269569f627ed9348b\" class=\"panel-collapse collapse\">\n\t                <div class=\"panel-body\">\n\t                    <p>Desde el colegio, Mar\u00eda Jos\u00e9 siempre se vio vinculada a experiencias de voluntariado y a diversas actividades sociales. Al conocer la realidad de las familias que viven en campamentos y de las comunidades mapuches en el sur de Chile, adem\u00e1s del contacto con personas que vibraban con la posibilidad de contribuir a generar una sociedad m\u00e1s justa, la motivaron a estudiar Trabajo Social.\u00a0Entre el a\u00f1o 2005 y 2008 se desempe\u00f1\u00f3 como Asistente Social y luego como Coordinadora de Voluntariado y Proyectos en la Fundaci\u00f3n Pl\u00e9yades. Ah\u00ed conoci\u00f3 a VE Global y el entusiasmo de sus voluntarios, comprometi\u00e9ndose desde un comienzo a apoyar este proyecto. Del a\u00f1o 2009 al 2011 form\u00f3 parte del equipo de la Fundaci\u00f3n Coanil (instituci\u00f3n al servicio de ni\u00f1os, j\u00f3venes y adultos con discapacidad intelectual) como Coordinadora de Voluntariado de la Regi\u00f3n Metropolitana, con el convencimiento que el apoyo entregado por los voluntarios puede generar un cambio real y duradero en la vida de las personas con las que comparten. Despu\u00e9s de su trabajo en Coanil, se desempe\u00f1\u00f3 como Analista de Proyectos en la Fundaci\u00f3n Desc\u00fabreme, que trabaja en pro de\u00a0la inclusi\u00f3n social y oportunidades laborales para personas que tienen discapacidad intelectual. \u00a0Actualmente se desempe\u00f1a como instructora de yoga y participa en proyectos que buscan generar lugares de encuentro social en torno a la naturaleza.\u00a0.<\/p>\n\n\t                <\/div><!-- .panel-body (end) -->\n\t            <\/div><!-- .panel-collapse (end) -->\n\t        <\/div><!-- .panel (end) -->\n<p>\n\t        <div class=\"tb-panel panel panel-default\">\n\t            <div class=\"panel-heading\">\n\t                <a class=\"panel-title\" data-toggle=\"collapse\" data-parent=\"\" href=\"#toggle_202650992769f627ed934ae\">\n\t                    <i class=\"fa fa-plus-circle switch-me\"><\/i> Secretario - Alejandro Rojas, Asesor Jur\u00eddico, Ministerio del Interior y Seguridad P\u00fablica\n\t                <\/a>\n\t            <\/div><!-- .panel-heading (end) -->\n\t            <div id=\"toggle_202650992769f627ed934ae\" class=\"panel-collapse collapse\">\n\t                <div class=\"panel-body\">\n\t                    <p>Alejandro Rojas es abogado y Licenciado en Derecho de la Facultad de Derecho de la Pontificia Universidad Cat\u00f3lica de Chile. Actualmente se desempe\u00f1a como secretario del directorio de VE Global en Chile.\u00a0Alejandro lleg\u00f3 a ser parte de equipo de VE Global a trav\u00e9s de su trabajo en la firma de abogados &#8220;Morales y Besa&#8221;. En 2007, Alejandro fue designado por dicha firma\u00a0como el asesor directo de VE Global, para atender todos sus asuntos legales en Chile en modalidad pro bono. A principios de 2011, Alejandro dej\u00f3\u00a0Morales y Besa\u00a0para desempe\u00f1arse como asesor legal en el Ministerio del Interior y Seguridad P\u00fablica. Desde septiembre del 2013, Alejandro se encuentra en Londres, dedic\u00e1ndose a un Mag\u00edster en Leyes. Sin embargo, su pasi\u00f3n para el servicio social, la igualdad de oportunidades y el voluntariado le convencieron de seguir participando como miembro activo de VE Global en Chile.\u00a0<\/p>\n\n\t                <\/div><!-- .panel-body (end) -->\n\t            <\/div><!-- .panel-collapse (end) -->\n\t        <\/div><!-- .panel (end) --><div class=\"divider divider-shadow\"><\/div><\/p>\n<h2>Comit\u00e9 Consejero<\/h2>\n<p style=\"text-align: justify;\">\n\t        <div class=\"tb-panel panel panel-default\">\n\t            <div class=\"panel-heading\">\n\t                <a class=\"panel-title\" data-toggle=\"collapse\" data-parent=\"\" href=\"#toggle_141565253469f627ed934d0\">\n\t                    <i class=\"fa fa-plus-circle switch-me\"><\/i> Jen Hendlisz, Recursos Humanos, Bombardier Aerospace.\n\t                <\/a>\n\t            <\/div><!-- .panel-heading (end) -->\n\t            <div id=\"toggle_141565253469f627ed934d0\" class=\"panel-collapse collapse\">\n\t                <div class=\"panel-body\">\n\t                    <p>Jen Hendlisz sirvi\u00f3 como voluntaria para VE desde marzo hasta agosto de 2004 en Hogar Esperanza y colabor\u00f3 en la creaci\u00f3n de VE Global como organizaci\u00f3n. Desde entonces, ha seguido participando en VE Global de distintas formas. Ella sirvi\u00f3 antes como tesorera y tambi\u00e9n como vicepresidente del directorio. Actualmente forma parte del Comit\u00e9 Consejero de VE donde sigue aconsejando y apoyando al directorio y a la organizaci\u00f3n en asuntos relacionados con recursos humanos, incluyendo los temas de gesti\u00f3n, desempe\u00f1o del voluntario y el reclutamiento de nuevos candidatos voluntarios. Jen volvi\u00f3 a Chile en 2006 para recopilar datos para su tesis de maestr\u00eda. Es licenciada en comercio por la Universidad de McGill y tiene un m\u00e1ster en recursos humanos por HEC Montreal. Actualmente trabaja en el departamento de recursos humanos en Bombardier Aerospace.<\/p>\n\n\t                <\/div><!-- .panel-body (end) -->\n\t            <\/div><!-- .panel-collapse (end) -->\n\t        <\/div><!-- .panel (end) --><\/p>\n<p style=\"text-align: justify;\">\n\t        <div class=\"tb-panel panel panel-default\">\n\t            <div class=\"panel-heading\">\n\t                <a class=\"panel-title\" data-toggle=\"collapse\" data-parent=\"\" href=\"#toggle_170855680969f627ed934ea\">\n\t                    <i class=\"fa fa-plus-circle switch-me\"><\/i> Ilana Osten, DPT, Fisioterapeuta pedi\u00e1trica, Hospital Universitario de Duke.\n\t                <\/a>\n\t            <\/div><!-- .panel-heading (end) -->\n\t            <div id=\"toggle_170855680969f627ed934ea\" class=\"panel-collapse collapse\">\n\t                <div class=\"panel-body\">\n\t                    <p>Ilana hizo voluntariado en Hogar Esperanza en 2004 y fue tan impactada por la experiencia que decidi\u00f3 participar en la creaci\u00f3n de VE Global como organizaci\u00f3n sin fines de lucro. Ella form\u00f3 parte del directorio de VE desde su creaci\u00f3n y actualmente sigue participando en su rol como miembro del Comit\u00e9 Consejero. En su tiempo libre, Illana es fisioterapeuta pedi\u00e1trica. Obtuvo su licenciatura en fisioterapia de lla Universidad de McGill en 2003 y su doctorado en esta disciplina del Hospital Universitario de Duke, Carolina del Norte.<\/p>\n\n\t                <\/div><!-- .panel-body (end) -->\n\t            <\/div><!-- .panel-collapse (end) -->\n\t        <\/div><!-- .panel (end) --><\/p>\n<p style=\"text-align: justify;\">\n\t        <div class=\"tb-panel panel panel-default\">\n\t            <div class=\"panel-heading\">\n\t                <a class=\"panel-title\" data-toggle=\"collapse\" data-parent=\"\" href=\"#toggle_70684351669f627ed93510\">\n\t                    <i class=\"fa fa-plus-circle switch-me\"><\/i> Mariah Healy, Sponsorship Coordinator, <em>Safe Passage<\/em>\n\t                <\/a>\n\t            <\/div><!-- .panel-heading (end) -->\n\t            <div id=\"toggle_70684351669f627ed93510\" class=\"panel-collapse collapse\">\n\t                <div class=\"panel-body\">\n\t                    <p>Mariah Healy creci\u00f3 en North Yarmouth, Maine, EEUU y estudi\u00f3 escritura creativa y fotograf\u00eda, gradu\u00e1ndose del Goucher College en Baltimore, Maryland en el 2007. Despu\u00e9s de titularse, Mariah hizo labores de voluntariado en Guatemala, donde trabaj\u00f3 educando a ni\u00f1os peque\u00f1os. Con su extensa experiencia en voluntariado y en liderazgo, Mariah lleg\u00f3 a ser la Directora de Relaciones del Voluntariado en el 2009 luego de comenzar como voluntario en VE Global en Diciembre del 2008. Hasta Marzo de 2014, Mariah lideraba las operaciones como Directora del Programa de VE Global. Actualmente, contin\u00faa su trabajo de voluntaria en el <em>Hogar San Francisco de Regis<\/em> una vez por semana<\/p>\n\n\t                <\/div><!-- .panel-body (end) -->\n\t            <\/div><!-- .panel-collapse (end) -->\n\t        <\/div><!-- .panel (end) --><\/p>\n<p style=\"text-align: justify;\"><div class=\"divider divider-shadow\"><\/div><\/p>\n<p>&nbsp;<\/p>\n","protected":false},"excerpt":{"rendered":"<p>Nuestro Equipo Un peque\u00f1o equipo administrativo en Santiago y un Directorio en los Estados Unidos y en Chile funcionan de manera efectiva para promover y lograr nuestra misi\u00f3n. Este dedicado equipo es la base de nuestra organizaci\u00f3n, que cambia a menudo con cada nueva clase de voluntarios, ya que algunos voluntarios toman roles en la [&hellip;]<\/p>\n","protected":false},"author":4,"featured_media":0,"parent":114,"menu_order":0,"comment_status":"closed","ping_status":"closed","template":"template_builder.php","meta":{"footnotes":""},"class_list":["post-638","page","type-page","status-publish","hentry"],"_links":{"self":[{"href":"http:\/\/www.ve-global.org\/es\/wp-json\/wp\/v2\/pages\/638","targetHints":{"allow":["GET"]}}],"collection":[{"href":"http:\/\/www.ve-global.org\/es\/wp-json\/wp\/v2\/pages"}],"about":[{"href":"http:\/\/www.ve-global.org\/es\/wp-json\/wp\/v2\/types\/page"}],"author":[{"embeddable":true,"href":"http:\/\/www.ve-global.org\/es\/wp-json\/wp\/v2\/users\/4"}],"replies":[{"embeddable":true,"href":"http:\/\/www.ve-global.org\/es\/wp-json\/wp\/v2\/comments?post=638"}],"version-history":[{"count":228,"href":"http:\/\/www.ve-global.org\/es\/wp-json\/wp\/v2\/pages\/638\/revisions"}],"predecessor-version":[{"id":8724,"href":"http:\/\/www.ve-global.org\/es\/wp-json\/wp\/v2\/pages\/638\/revisions\/8724"}],"up":[{"embeddable":true,"href":"http:\/\/www.ve-global.org\/es\/wp-json\/wp\/v2\/pages\/114"}],"wp:attachment":[{"href":"http:\/\/www.ve-global.org\/es\/wp-json\/wp\/v2\/media?parent=638"}],"curies":[{"name":"wp","href":"https:\/\/api.w.org\/{rel}","templated":true}]}}