{"id":636,"date":"2012-08-24T11:26:03","date_gmt":"2012-08-24T15:26:03","guid":{"rendered":"http:\/\/new.voluntariosesperanza.org\/?page_id=636"},"modified":"2017-10-20T11:58:52","modified_gmt":"2017-10-20T14:58:52","slug":"nuestro-programa-de-voluntarios","status":"publish","type":"page","link":"http:\/\/www.ve-global.org\/es\/programas\/nuestro-programa-de-voluntarios\/","title":{"rendered":"Programa de Voluntariado Internacional"},"content":{"rendered":"<h1>Programa de Voluntariado Internacional<\/h1>\n<p><a href=\"http:\/\/new.voluntariosesperanza.org\/wp-content\/uploads\/2012\/08\/Festival_Aug17_2010_NFU_007web.jpg\"><img loading=\"lazy\" decoding=\"async\" class=\"alignleft\" title=\"Voluntario de VE Global en Festival de Arte\" src=\"http:\/\/new.voluntariosesperanza.org\/wp-content\/uploads\/2012\/08\/Festival_Aug17_2010_NFU_007web-300x199.jpg\" alt=\"Voluntario de VE Global\" width=\"300\" height=\"199\" \/><\/a><\/p>\n<p style=\"text-align: justify;\"><em>VE ofrece \u00a0las iniciativas educativas y los talleres en todos los centros de servicio social colaboradores y se enfocan en motivar a los ni\u00f1os a convertir el aprendizaje en juego. Al trabajar en las distintas actividades, los voluntarios adquieren habilidades para convertirse en l\u00edderes y educadores.<\/em><\/p>\n<div class=\"divider divider-solid\"><\/div>\n<p><img loading=\"lazy\" decoding=\"async\" class=\"aligncenter wp-image-6715\" src=\"http:\/\/www.ve-global.org\/wp-content\/uploads\/2016\/08\/impact_esp.jpg\" alt=\"impacto\" width=\"842\" height=\"505\" \/><\/p>\n<h2>Organizaciones Colaboradoras<\/h2>\n<p style=\"text-align: justify;\">Cada voluntario de VE Global trabaja en una organizaci\u00f3n de servicio social, donde colaboran aproximadamente 30 horas a la semana. Durante estas horas se dedican a jugar, hacer tareas de la escuela, dar clases de ingl\u00e9s y organizar talleres. Las interacciones del d\u00eda a d\u00eda con los ni\u00f1os son el n\u00facleo de lo que hacemos. Los voluntarios de VE son una sonrisa, un\u00a0o\u00eddo que los escucha y unas manos adicionales en las organizaciones que servimos.<\/p>\n<p style=\"text-align: justify;\"><div class=\"divider divider-solid\"><\/div><\/p>\n<h2>Talleres para los ni\u00f1os, ni\u00f1as y j\u00f3venes<\/h2>\n<p style=\"text-align: justify;\">VE les ofrece a sus voluntarios la oportunidad de desarrollar y entregar propuestas para los talleres, basado en las necesidades que el voluntario mismo percibe en los centros donde trabajan. Estos talleres var\u00edan e introducen de forma positiva nuevas actividades, como la nataci\u00f3n sincronizada, capacitaci\u00f3n en habilidades de vida y preparaci\u00f3n profesional. Tambi\u00e9n se organizan talleres de gastronom\u00eda, donde aprenden de las diversas comidas t\u00edpicas de los lugares de donde vienen los voluntarios.<\/p>\n<p style=\"text-align: justify;\"><div class=\"divider divider-solid\"><\/div><\/p>\n<h2>Sesiones de Capacitaci\u00f3n para Voluntarios<\/h2>\n<p style=\"text-align: justify;\">Los voluntarios son preparados por trabajadores sociales calificados, educadores y l\u00edderes comunitarios que contribuyen con una serie de capacitaciones mensuales sobre temas como la educaci\u00f3n en Chile, el sistema de protecci\u00f3n de menores, pr\u00e1cticas importantes en el trabajo social, historia y eventos actuales que afectan el trabajo diario.<\/p>\n<p style=\"text-align: justify;\"><div class=\"divider divider-solid\"><\/div><\/p>\n<h2>Proyectos de Programa de Voluntariado<\/h2>\n<p style=\"text-align: justify;\">Adem\u00e1s del trabajo que realizan los voluntarios en sus centros, tienen la oportunidad de trabajar directamente con el personal de VE en tareas operativas y proyectos de desarrollo de recursos. Estos proyectos dependen de las necesidades de la organizaci\u00f3n, pero incluyen diversas tareas, como implementar el programa para los ni\u00f1os hasta colaborar en la recaudaci\u00f3n de fondos y las relaciones p\u00fablicas.<\/p>\n<div class=\"divider divider-solid\"><\/div>\n<h1>Las Iniciativas Educativas de VE Global<\/h1>\n<p><a href=\"http:\/\/new.voluntariosesperanza.org\/wp-content\/uploads\/2012\/08\/IMG_2742.jpg\"><img loading=\"lazy\" decoding=\"async\" class=\"alignleft\" title=\"\u00a1Vamos a Leer!\" src=\"http:\/\/new.voluntariosesperanza.org\/wp-content\/uploads\/2012\/08\/IMG_2742-300x199.jpg\" alt=\"Ni\u00f1a leyendo un libro con una voluntaria\" width=\"300\" height=\"199\" \/><\/a><\/p>\n<p style=\"text-align: left;\"><em>Nuestras iniciativas para los ni\u00f1os son implementadas por nuestros voluntarios durante todo el a\u00f1o. Estas iniciativas se desarrollaron para ofrecerles talleres educativos y apoyo motivacional a los ni\u00f1os quien servimos.<\/em><\/p>\n<p>&nbsp;<\/p>\n<p>&nbsp;<\/p>\n<p>&nbsp;<\/p>\n<div class=\"divider divider-solid\"><\/div>\n<h2><em>Liga de Deportes<\/em><\/h2>\n<p style=\"text-align: justify;\">Nuestra liga mensual de salud y bienestar ofrece a los ni\u00f1os una alternativa para involucrarse en juegos y deportes competitivos, mientras construyen su autoestima y sus conocimientos sobre una vida saludable. Cada <em>Liga de Deportes<\/em> se centra en un deporte o tema de salud espec\u00edfico. Despu\u00e9s de la clase o taller principal, tenemos estaciones de otras actividades como baile, tenis y f\u00fatbol.<\/p>\n<p style=\"text-align: justify;\"><div class=\"divider divider-solid\"><\/div><\/p>\n<h2><em>\u00a1Vamos a Leer!<\/em><\/h2>\n<p style=\"text-align: justify;\">Durante el verano, ofrecemos nuestro programa de motivaci\u00f3n a la lectura para ense\u00f1arles a los ni\u00f1os el mundo entretenido de la lectura. Animamos a los ni\u00f1os a escoger sus propios libros y los motivamos a terminar las historias que eligen, d\u00e1ndoles un enfoque de logro personal y ayud\u00e1ndoles a mejorar su calidad y comprensi\u00f3n de lectura. Terminamos el programa con <em>Carnaval<\/em>, un festival entretenido para celebrar los logros de los ni\u00f1os.<\/p>\n<p style=\"text-align: justify;\"><div class=\"divider divider-solid\"><\/div><\/p>\n<h2><em>Festival de Arte<\/em><\/h2>\n<p style=\"text-align: justify;\">Para celebrar las obras de arte que los ni\u00f1os y los voluntarios crean juntos durante los talleres, VE presenta un festival de arte dos veces al a\u00f1o, ofreciendo un espacio apto para el desarrollo de la creatividad y la confianza del ni\u00f1o.<\/p>\n<p style=\"text-align: justify;\"><div class=\"divider divider-solid\"><\/div><\/p>\n<h2><em>English in Motion<\/em><\/h2>\n<p style=\"text-align: justify;\">Se aprende el ingl\u00e9s en la sala de clase chilena, y nuestra iniciativa ofrece diversi\u00f3n a trav\u00e9s de una forma interactiva y entretenida para reforzar lo que los ni\u00f1os aprenden en clase. Los ni\u00f1os pueden divertirse y aprender a la vez como, por ejemplo, practicar la gram\u00e1tica a trav\u00e9s del juego <em>Sim\u00f3n dice<\/em> o aprender nuevo vocabulario. Las lecciones dependen de cada voluntario, pero siempre son educativas y entretenidas.<\/p>\n<p style=\"text-align: justify;\"><div class=\"divider divider-solid\"><\/div><\/p>\n","protected":false},"excerpt":{"rendered":"<p>Programa de Voluntariado Internacional VE ofrece \u00a0las iniciativas educativas y los talleres en todos los centros de servicio social colaboradores y se enfocan en motivar a los ni\u00f1os a convertir el aprendizaje en juego. Al trabajar en las distintas actividades, los voluntarios adquieren habilidades para convertirse en l\u00edderes y educadores. Organizaciones Colaboradoras Cada voluntario de [&hellip;]<\/p>\n","protected":false},"author":4,"featured_media":0,"parent":7611,"menu_order":0,"comment_status":"open","ping_status":"open","template":"template_builder.php","meta":{"footnotes":""},"class_list":["post-636","page","type-page","status-publish","hentry"],"_links":{"self":[{"href":"http:\/\/www.ve-global.org\/es\/wp-json\/wp\/v2\/pages\/636","targetHints":{"allow":["GET"]}}],"collection":[{"href":"http:\/\/www.ve-global.org\/es\/wp-json\/wp\/v2\/pages"}],"about":[{"href":"http:\/\/www.ve-global.org\/es\/wp-json\/wp\/v2\/types\/page"}],"author":[{"embeddable":true,"href":"http:\/\/www.ve-global.org\/es\/wp-json\/wp\/v2\/users\/4"}],"replies":[{"embeddable":true,"href":"http:\/\/www.ve-global.org\/es\/wp-json\/wp\/v2\/comments?post=636"}],"version-history":[{"count":43,"href":"http:\/\/www.ve-global.org\/es\/wp-json\/wp\/v2\/pages\/636\/revisions"}],"predecessor-version":[{"id":8366,"href":"http:\/\/www.ve-global.org\/es\/wp-json\/wp\/v2\/pages\/636\/revisions\/8366"}],"up":[{"embeddable":true,"href":"http:\/\/www.ve-global.org\/es\/wp-json\/wp\/v2\/pages\/7611"}],"wp:attachment":[{"href":"http:\/\/www.ve-global.org\/es\/wp-json\/wp\/v2\/media?parent=636"}],"curies":[{"name":"wp","href":"https:\/\/api.w.org\/{rel}","templated":true}]}}