{"id":634,"date":"2012-08-24T11:26:47","date_gmt":"2012-08-24T15:26:47","guid":{"rendered":"http:\/\/new.voluntariosesperanza.org\/?page_id=634"},"modified":"2017-10-18T10:42:02","modified_gmt":"2017-10-18T13:42:02","slug":"history","status":"publish","type":"page","link":"http:\/\/www.ve-global.org\/es\/quienes-somos\/history\/","title":{"rendered":"Historia"},"content":{"rendered":"<h1 style=\"text-align: justify;\">Nuestra Historia<\/h1>\n<p style=\"text-align: justify;\"><em>Fundado como <\/em>Voluntarios de la Esperanza<em> en el 2004, VE Global ha crecido desde unos pocos voluntarios viviendo y trabajando en el <\/em>Hogar Esperanza<em> en La Florida a una comunidad con un promedio de 35 voluntarios trabajando en 8 organizaciones distintas. Desde su inicio, VE Global ha recibido m\u00e1s de 450 voluntarios de 35 pa\u00edses y cinco continentes.<\/em><\/p>\n<p style=\"text-align: justify;\"><a href=\"http:\/\/new.voluntariosesperanza.org\/wp-content\/uploads\/2012\/08\/DSC0049.jpg\"><img loading=\"lazy\" decoding=\"async\" class=\"alignleft size-medium wp-image-1259\" title=\"Hogar Esperanza\" src=\"http:\/\/new.voluntariosesperanza.org\/wp-content\/uploads\/2012\/08\/DSC0049-300x199.jpg\" alt=\"Hogar Esperanza\" width=\"300\" height=\"199\" srcset=\"http:\/\/www.ve-global.org\/wp-content\/uploads\/2012\/08\/DSC0049-300x199.jpg 300w, http:\/\/www.ve-global.org\/wp-content\/uploads\/2012\/08\/DSC0049-195x129.jpg 195w, http:\/\/www.ve-global.org\/wp-content\/uploads\/2012\/08\/DSC0049.jpg 576w\" sizes=\"auto, (max-width: 300px) 100vw, 300px\" \/><\/a>Los voluntarios empezaron a llegar al <em>Hogar Esperanza<\/em> en 1999. Al ver que exist\u00eda un impacto mutuo entre los ni\u00f1os de la residencia y los voluntarios, el director, Jorge Daveggio, sigui\u00f3 aceptando voluntarios de los Estados Unidos, Francia, Alemania, Inglaterra, y Canad\u00e1. Cada adulto con conciencia social trajo sus experiencias, talentos, y amor a Santiago y as\u00ed contribuy\u00f3 al tema de la esperanza para los ni\u00f1os del la residencia. Como estos voluntarios encontraron al hogar por su cuenta, el <em>Hogar Esperanza<\/em> pas\u00f3 momentos sin la presencia de voluntarios.<\/p>\n<p style=\"text-align: justify;\">Sin embargo, en Septiembre y Octubre del 2003 varios voluntarios llegaron simult\u00e1neamente y al constituir un grupo m\u00e1s grande, pudieron organizar mejor su trabajo y combinar sus esfuerzos para iniciar proyectos m\u00e1s importantes. Como el director del hogar carec\u00eda de tiempo y suficiente conocimiento del idioma ingl\u00e9s, uno de los voluntarios nuevos se hizo cargo de reclutar m\u00e1s voluntarios para mantener un influjo constante de ayuda internacional. Utilizando internet, Luke Winston descubri\u00f3 que exist\u00eda un gran inter\u00e9s por parte de voluntarios extranjeros de trabajar en un organizaci\u00f3n de servicio social \u2013 un inter\u00e9s mucho mayor que el que el <em>Hogar Esperanza<\/em> pod\u00eda manejar solo.<\/p>\n<p style=\"text-align: justify;\">VE recibi\u00f3 sus primeros voluntarios, Jen Hendlisz y Ilana Osten, en 2004. Estas dedicadas voluntarias no s\u00f3lo se convirtieron en parte de la familia del <em>Hogar Esperanza<\/em> sino que tambi\u00e9n crearon una base de apoyo para futuros voluntarios. Winston, junto con el grupo fundador de voluntarios chilenos, conocido como \u201cEl Equipo,\u201d gui\u00f3 y apoy\u00f3 a los nuevos voluntarios, creando una presencia continua en una organizaci\u00f3n que estaba constantemente cambiando de voluntarios que proven\u00edan de todas partes del mundo.<\/p>\n<p style=\"text-align: justify;\">Durante su estad\u00eda como voluntario, Luke reconoci\u00f3 que otras organizaciones en Santiago ten\u00edan metas parecidas pero con recursos mucho menores. A ra\u00edz de la disparidad entre estas organizaciones, naci\u00f3 la idea de VE con la esperanza de apoyarse en los voluntarios como un recurso para brindar igualdad de oportunidades a los ni\u00f1os. VE busc\u00f3 organizaciones con metas afines para formar un ambiente familiar para ni\u00f1os vulnerados en sus derechos.<\/p>\n<p style=\"text-align: justify;\">VE Global brinda al voluntario una experiencia \u00fanica porque fue creada y sigue siendo dirigida por voluntarios que han trabajado todos en una organizaci\u00f3n de servicio social. Al trabajar en un pa\u00eds sudamericano como Chile, los motivados j\u00f3venes que componen este grupo multinacional de voluntarios no s\u00f3lo cambian las vidas de los ni\u00f1os a quienes ayudan, sino que ellos tambi\u00e9n cambian a trav\u00e9s de esta experiencia intensa.<\/p>\n<p style=\"text-align: justify;\"><div class=\"divider divider-shadow\"><\/div><\/p>\n","protected":false},"excerpt":{"rendered":"<p>Nuestra Historia Fundado como Voluntarios de la Esperanza en el 2004, VE Global ha crecido desde unos pocos voluntarios viviendo y trabajando en el Hogar Esperanza en La Florida a una comunidad con un promedio de 35 voluntarios trabajando en 8 organizaciones distintas. Desde su inicio, VE Global ha recibido m\u00e1s de 450 voluntarios de [&hellip;]<\/p>\n","protected":false},"author":4,"featured_media":0,"parent":114,"menu_order":0,"comment_status":"open","ping_status":"open","template":"template_builder.php","meta":{"footnotes":""},"class_list":["post-634","page","type-page","status-publish","hentry"],"_links":{"self":[{"href":"http:\/\/www.ve-global.org\/es\/wp-json\/wp\/v2\/pages\/634","targetHints":{"allow":["GET"]}}],"collection":[{"href":"http:\/\/www.ve-global.org\/es\/wp-json\/wp\/v2\/pages"}],"about":[{"href":"http:\/\/www.ve-global.org\/es\/wp-json\/wp\/v2\/types\/page"}],"author":[{"embeddable":true,"href":"http:\/\/www.ve-global.org\/es\/wp-json\/wp\/v2\/users\/4"}],"replies":[{"embeddable":true,"href":"http:\/\/www.ve-global.org\/es\/wp-json\/wp\/v2\/comments?post=634"}],"version-history":[{"count":11,"href":"http:\/\/www.ve-global.org\/es\/wp-json\/wp\/v2\/pages\/634\/revisions"}],"predecessor-version":[{"id":8352,"href":"http:\/\/www.ve-global.org\/es\/wp-json\/wp\/v2\/pages\/634\/revisions\/8352"}],"up":[{"embeddable":true,"href":"http:\/\/www.ve-global.org\/es\/wp-json\/wp\/v2\/pages\/114"}],"wp:attachment":[{"href":"http:\/\/www.ve-global.org\/es\/wp-json\/wp\/v2\/media?parent=634"}],"curies":[{"name":"wp","href":"https:\/\/api.w.org\/{rel}","templated":true}]}}