{"id":627,"date":"2012-08-24T11:07:42","date_gmt":"2012-08-24T15:07:42","guid":{"rendered":"http:\/\/new.voluntariosesperanza.org\/?page_id=627"},"modified":"2017-02-27T11:44:30","modified_gmt":"2017-02-27T14:44:30","slug":"blog","status":"publish","type":"page","link":"http:\/\/www.ve-global.org\/es\/blog\/","title":{"rendered":"Blog"},"content":{"rendered":"<p>&nbsp;<\/p>\n<div id=\"fb-root\"><\/div>\n<p><script>(function(d, s, id) {\n  var js, fjs = d.getElementsByTagName(s)[0];\n  if (d.getElementById(id)) return;\n  js = d.createElement(s); js.id = id;\n  js.src = \"\/\/connect.facebook.net\/en_US\/sdk.js#xfbml=1&version=v2.7\";\n  fjs.parentNode.insertBefore(js, fjs);\n}(document, 'script', 'facebook-jssdk'));<\/script><\/p>\n<h1 style=\"text-align: center;\">\u00a1Bienvenidos al Blog de VE Global!<\/h1>\n<p style=\"text-align: justify;\">Este blog es para todos \u00a0a los que les interesa y buscan una oportunidad de aprender m\u00e1s\u00a0sobre c\u00f3mo funciona VE tanto como organizaci\u00f3n como familia de voluntarios cari\u00f1osos. Vuelve de vez en cuando para leer las noticias de VE y las opiniones e historias de nuestros voluntarios y voluntarias &#8212; desde sus primeras impresiones de su lugar de voluntariado, los desaf\u00edos y \u00e9xitos logrados durante su estad\u00eda, hasta momentos importantes en las vidas de los ni\u00f1os y ni\u00f1as con los cuales trabajamos. Ent\u00e9rense de lo que hacemos cada dia, sigui\u00e9ndonos en las redes sociales<\/p>\n\r\n<div class=\"column grid_3\"><\/div>\r\n<div class=\"column grid_3\"><div class=\"fb-follow\" data-href=\"https:\/\/www.facebook.com\/veglobal\" data-layout=\"button_count\" data-size=\"small\" data-show-faces=\"true\"><\/div>\n<\/div>\r\n<div class=\"column grid_3\"><p><a class=\"twitter-follow-button broken_link\" href=\"https:\/\/twitter.com\/VE_Global\" count=\"false\">Follow @VE_Global<\/a><script async src=\"\/\/platform.twitter.com\/widgets.js\" charset=\"utf-8\"><\/script><\/p>\n<\/div>\r\n<div class=\"column grid_3 last\"><\/div><div class=\"clear\"><\/div>\r\n","protected":false},"excerpt":{"rendered":"<p>&nbsp; \u00a1Bienvenidos al Blog de VE Global! Este blog es para todos \u00a0a los que les interesa y buscan una oportunidad de aprender m\u00e1s\u00a0sobre c\u00f3mo funciona VE tanto como organizaci\u00f3n como familia de voluntarios cari\u00f1osos. Vuelve de vez en cuando para leer las noticias de VE y las opiniones e historias de nuestros voluntarios y [&hellip;]<\/p>\n","protected":false},"author":4,"featured_media":0,"parent":0,"menu_order":0,"comment_status":"open","ping_status":"open","template":"template_builder.php","meta":{"footnotes":""},"class_list":["post-627","page","type-page","status-publish","hentry"],"_links":{"self":[{"href":"http:\/\/www.ve-global.org\/es\/wp-json\/wp\/v2\/pages\/627","targetHints":{"allow":["GET"]}}],"collection":[{"href":"http:\/\/www.ve-global.org\/es\/wp-json\/wp\/v2\/pages"}],"about":[{"href":"http:\/\/www.ve-global.org\/es\/wp-json\/wp\/v2\/types\/page"}],"author":[{"embeddable":true,"href":"http:\/\/www.ve-global.org\/es\/wp-json\/wp\/v2\/users\/4"}],"replies":[{"embeddable":true,"href":"http:\/\/www.ve-global.org\/es\/wp-json\/wp\/v2\/comments?post=627"}],"version-history":[{"count":8,"href":"http:\/\/www.ve-global.org\/es\/wp-json\/wp\/v2\/pages\/627\/revisions"}],"predecessor-version":[{"id":7760,"href":"http:\/\/www.ve-global.org\/es\/wp-json\/wp\/v2\/pages\/627\/revisions\/7760"}],"wp:attachment":[{"href":"http:\/\/www.ve-global.org\/es\/wp-json\/wp\/v2\/media?parent=627"}],"curies":[{"name":"wp","href":"https:\/\/api.w.org\/{rel}","templated":true}]}}