{"id":625,"date":"2012-08-24T11:24:48","date_gmt":"2012-08-24T15:24:48","guid":{"rendered":"http:\/\/new.voluntariosesperanza.org\/?page_id=625"},"modified":"2018-03-16T15:50:26","modified_gmt":"2018-03-16T18:50:26","slug":"postula-ya","status":"publish","type":"page","link":"http:\/\/www.ve-global.org\/es\/se-voluntario\/postula-ya\/","title":{"rendered":"Postula Ya!"},"content":{"rendered":"\r\n<h1 style=\"text-align: center;\"><em style=\"font-size: 16px;\"><strong><img loading=\"lazy\" decoding=\"async\" class=\"aligncenter size-full wp-image-7467\" src=\"http:\/\/www.ve-global.org\/wp-content\/uploads\/2012\/08\/Gr\u00e1ficas-VE-1.png\" alt=\"\" width=\"900\" height=\"240\" srcset=\"http:\/\/www.ve-global.org\/wp-content\/uploads\/2012\/08\/Gr\u00e1ficas-VE-1.png 900w, http:\/\/www.ve-global.org\/wp-content\/uploads\/2012\/08\/Gr\u00e1ficas-VE-1-300x80.png 300w, http:\/\/www.ve-global.org\/wp-content\/uploads\/2012\/08\/Gr\u00e1ficas-VE-1-768x205.png 768w, http:\/\/www.ve-global.org\/wp-content\/uploads\/2012\/08\/Gr\u00e1ficas-VE-1-620x165.png 620w, http:\/\/www.ve-global.org\/wp-content\/uploads\/2012\/08\/Gr\u00e1ficas-VE-1-195x52.png 195w\" sizes=\"auto, (max-width: 900px) 100vw, 900px\" \/> <\/strong><\/em><span style=\"font-size: 16px;\"><p><\/span><\/h1>\n<p>&nbsp;<\/p>\n<h2>El Proceso de Postulaci\u00f3n<\/h2>\n<p style=\"text-align: justify;\">\n<div class=\"column grid_6\"><\/p>\n<p class=\"p1\" style=\"text-align: justify;\">El primer paso para postular como voluntario es completar el formulario, ya sea en ingl\u00e9s o espa\u00f1ol (link a continuaci\u00f3n) y adjuntar los documentos adicionales.\u00a0<strong>Solo se revisar\u00e1n formularios completos con repuestas detalladas.<\/strong>\u00a0 Recomendamos enviar la postulaci\u00f3n en l\u00ednea <strong>so<\/strong><strong>lo despu\u00e9s <\/strong>de\u00a0haber reunido todos los documentos.<\/p>\n<p class=\"p1\" style=\"text-align: justify;\">Una vez enviada la solicitud, VE la revisar\u00e1 y determinar\u00e1 agendar\u00a0una\u00a0entrevista con nuestra Coordinadora de Programas para seguir con el proceso. \u00a0Los candidatos que pasan a la siguiente etapa, se entrevistar\u00e1n con\u00a0nuestra Directora de Programas. Todas las entrevistas se har\u00e1n en l\u00ednea o por tel\u00e9fono a menos que el candidato se encuentre en Santiago de Chile.<\/p>\n<p style=\"text-align: justify;\">\n<\/div><\/p>\r\n<p style=\"text-align: justify;\"><div class=\"column grid_6 last\"><\/p>\n<h2><strong>La\u00a0solicitud completa consiste en lo siguiente: \u00a0<\/strong><\/h2>\n<ol>\n<li>Formulario de postulaci\u00f3n en l\u00ednea (se requiere tambi\u00e9n informaci\u00f3n de contacto de\u00a03 referencias profesionales)<\/li>\n<li>Documentos adicionales adjuntos:<\/li>\n<\/ol>\n<ul>\n<li>Curriculum Vitae o Resume<\/li>\n<li>Una carta de recomendaci\u00f3n (firmada y escaneada)<\/li>\n<li>Respuestas completas y detalladas de nuestras\u00a0<a href=\"http:\/\/ve-global.org\/wp-content\/uploads\/2014\/02\/VE-Global-Postulacion-Preguntas-v1FINAL-20140224.doc\">Preguntas de Ensayo<\/a>.<\/li>\n<\/ul>\n<h2>El proceso de postulaci\u00f3n puede durar algunas semanas, as\u00ed que te recomendamos hacerlo\u00a0con anticipaci\u00f3n.<\/h2>\n<\/div><div class=\"clear\"><\/div>\r\n\r\n<div class=\"clear\"><\/div>\r\n\r\n<div class=\"divider divider-solid\"><\/div>\n\r\n\r\n<div class=\"column grid_6\"><h2>Preguntas de Ensayo<\/h2>\n<p class=\"p1\" style=\"text-align: justify;\">Para conocerte mejor y entender bien tus motivaciones por las cuales quieres hacer un voluntariado con VE Global, debes responder algunas preguntas de ensayo. Cabe destacar que son una parte extremadamente importante de nuestro proceso de selecci\u00f3n, por lo tanto, ten en cuenta que la calidad de tus respuestas influir\u00e1n en la evaluaci\u00f3n de tu postulaci\u00f3n.<\/p>\n<p style=\"text-align: justify;\"><a href=\"http:\/\/ve-global.org\/wp-content\/uploads\/2014\/02\/VE-Global-Postulacion-Preguntas-v1FINAL-20140224.doc\"><img loading=\"lazy\" decoding=\"async\" class=\"aligncenter size-full wp-image-3873\" src=\"http:\/\/ve-global.org\/wp-content\/uploads\/2012\/08\/VE-Preguntas-Ensayo-Boton.png\" alt=\"VE-Preguntas-Ensayo-Boton\" width=\"200\" height=\"50\" srcset=\"http:\/\/www.ve-global.org\/wp-content\/uploads\/2012\/08\/VE-Preguntas-Ensayo-Boton.png 200w, http:\/\/www.ve-global.org\/wp-content\/uploads\/2012\/08\/VE-Preguntas-Ensayo-Boton-195x48.png 195w\" sizes=\"auto, (max-width: 200px) 100vw, 200px\" \/><\/a><\/p>\n<p><a href=\"http:\/\/ve-global.org\/wp-content\/uploads\/2014\/02\/VE-Global-Postulacion-Preguntas-v1FINAL-20140224.doc\">\u00a0<\/p>\n<\/div>\u00a0\u00a0<\/a>\r\n\r\n<a href=\"http:\/\/www.ve-global.org\/wp-content\/uploads\/2018\/03\/ES-Dates-2018-2.png\"><img loading=\"lazy\" decoding=\"async\" class=\"alignright wp-image-8466\" src=\"http:\/\/www.ve-global.org\/wp-content\/uploads\/2018\/03\/ES-Dates-2018-2.png\" alt=\"\" width=\"391\" height=\"294\" \/><\/a><div class=\"column grid_6 last\"><p>&nbsp;<\/p>\n<p>&nbsp;<\/p>\n<\/div><div class=\"clear\"><\/div><div class=\"clear\"><\/div><div class=\"divider divider-solid\"><\/div>\n<h1><\/h1>\n<h1>\u00bfListo para postular?<\/h1>\n<h2>Revisa la informaci\u00f3n de <span style=\"text-decoration: underline;\"><a title=\"Detalles y Requisitos del Programa\" href=\"http:\/\/www.ve-global.org\/es\/se-voluntario\/detalles-y-requisitos-del-programa\/\">Requisitos y Detalles del Programa de Voluntariado <\/a><\/span>y de <span style=\"text-decoration: underline;\"><a title=\"\u00bfGratis o Sin Cobros?\" href=\"http:\/\/www.ve-global.org\/es\/se-voluntario\/sin-cobros-o-gratis\/\">Fundraising de Voluntarios<\/a><\/span>\u00a0para confirmar que puedas participar y comprometerte con las obligaciones y expectativas m\u00ednimas de nuestro programa de voluntariado.<\/h2>\n<p>&nbsp;<\/p>\n<p><a href=\"http:\/\/www.ve-global.org\/es\/se-voluntario\/postula-ya\/formulario-de-postulacion\/\"><img loading=\"lazy\" decoding=\"async\" class=\"aligncenter\" src=\"http:\/\/ve-global.org\/wp-content\/uploads\/2014\/10\/Postula-Ahora-Button-VE-Global.png\" alt=\"\" width=\"200\" height=\"50\" \/><\/a><\/p>\n<p>&nbsp;<\/p>\n<h3 style=\"text-align: center;\"><em>Recuerda\u00a0juntar y revisar todos los documentos adicionales antes de realizar la postulaci\u00f3n en l\u00ednea.\u00a0<\/em><\/h3>\n<div class=\"divider divider-solid\"><\/div>\n<h1>\u00bfA\u00fan quieres m\u00e1s informaci\u00f3n de VE Global?<\/h1>\n<h2 style=\"text-align: center;\">Si\u00a0tienes consultas o te gustar\u00eda conversar con alg\u00fan\u00a0miembro de nuestro equipo o voluntario antiguo \u00a1Lee nuestra p\u00e1gina de preguntas frecuentes o cont\u00e1ctanos!<\/h2>\n<p>&nbsp;<\/p>\n\r\n<div class=\"column grid_6\"><p><a href=\"http:\/\/www.ve-global.org\/es\/contacto\/\"><img loading=\"lazy\" decoding=\"async\" class=\"aligncenter\" src=\"http:\/\/ve-global.org\/wp-content\/uploads\/2012\/08\/VE-Contactanos-Button.png\" alt=\"\" width=\"200\" height=\"50\" \/><\/a><\/p>\n<\/div>\r\n<div class=\"column grid_6 last\"><p><a href=\"http:\/\/www.ve-global.org\/es\/se-voluntario\/preguntas-frecuentes\/\"><img loading=\"lazy\" decoding=\"async\" class=\"aligncenter size-full wp-image-3874\" src=\"http:\/\/ve-global.org\/wp-content\/uploads\/2012\/08\/VE-Preguntas-Frecuentes-Button.png\" alt=\"VE-Preguntas-Frecuentes-Button\" width=\"200\" height=\"50\" srcset=\"http:\/\/www.ve-global.org\/wp-content\/uploads\/2012\/08\/VE-Preguntas-Frecuentes-Button.png 200w, http:\/\/www.ve-global.org\/wp-content\/uploads\/2012\/08\/VE-Preguntas-Frecuentes-Button-195x48.png 195w\" sizes=\"auto, (max-width: 200px) 100vw, 200px\" \/><\/a><\/p>\n<\/div><div class=\"clear\"><\/div>\r\n<div class=\"clear\"><\/div>\r\n<p><a href=\"http:\/\/ve-global.org\/wp-content\/uploads\/2012\/08\/VE-Contact-Us-Button.png\"><br \/>\n<\/a><\/p>\n","protected":false},"excerpt":{"rendered":"<p>&nbsp; El Proceso de Postulaci\u00f3n \u00a0\u00a0 \u00bfListo para postular? Revisa la informaci\u00f3n de Requisitos y Detalles del Programa de Voluntariado y de Fundraising de Voluntarios\u00a0para confirmar que puedas participar y comprometerte con las obligaciones y expectativas m\u00ednimas de nuestro programa de voluntariado. &nbsp; &nbsp; Recuerda\u00a0juntar y revisar todos los documentos adicionales antes de realizar la [&hellip;]<\/p>\n","protected":false},"author":4,"featured_media":0,"parent":118,"menu_order":0,"comment_status":"open","ping_status":"open","template":"template_builder.php","meta":{"footnotes":""},"class_list":["post-625","page","type-page","status-publish","hentry"],"_links":{"self":[{"href":"http:\/\/www.ve-global.org\/es\/wp-json\/wp\/v2\/pages\/625","targetHints":{"allow":["GET"]}}],"collection":[{"href":"http:\/\/www.ve-global.org\/es\/wp-json\/wp\/v2\/pages"}],"about":[{"href":"http:\/\/www.ve-global.org\/es\/wp-json\/wp\/v2\/types\/page"}],"author":[{"embeddable":true,"href":"http:\/\/www.ve-global.org\/es\/wp-json\/wp\/v2\/users\/4"}],"replies":[{"embeddable":true,"href":"http:\/\/www.ve-global.org\/es\/wp-json\/wp\/v2\/comments?post=625"}],"version-history":[{"count":88,"href":"http:\/\/www.ve-global.org\/es\/wp-json\/wp\/v2\/pages\/625\/revisions"}],"predecessor-version":[{"id":8578,"href":"http:\/\/www.ve-global.org\/es\/wp-json\/wp\/v2\/pages\/625\/revisions\/8578"}],"up":[{"embeddable":true,"href":"http:\/\/www.ve-global.org\/es\/wp-json\/wp\/v2\/pages\/118"}],"wp:attachment":[{"href":"http:\/\/www.ve-global.org\/es\/wp-json\/wp\/v2\/media?parent=625"}],"curies":[{"name":"wp","href":"https:\/\/api.w.org\/{rel}","templated":true}]}}