{"id":6065,"date":"2016-02-16T15:09:49","date_gmt":"2016-02-16T18:09:49","guid":{"rendered":"http:\/\/www.ve-global.org\/es\/?page_id=6065"},"modified":"2017-10-20T14:39:15","modified_gmt":"2017-10-20T17:39:15","slug":"soy-independiente","status":"publish","type":"page","link":"http:\/\/www.ve-global.org\/es\/programas\/soy-independiente\/","title":{"rendered":"Soy Independiente"},"content":{"rendered":"<p style=\"text-align: justify;\"><img loading=\"lazy\" decoding=\"async\" class=\"aligncenter size-full wp-image-7600\" src=\"http:\/\/www.ve-global.org\/wp-content\/uploads\/2016\/02\/Soy-independiente.png\" alt=\"\" width=\"900\" height=\"240\" srcset=\"http:\/\/www.ve-global.org\/wp-content\/uploads\/2016\/02\/Soy-independiente.png 900w, http:\/\/www.ve-global.org\/wp-content\/uploads\/2016\/02\/Soy-independiente-300x80.png 300w, http:\/\/www.ve-global.org\/wp-content\/uploads\/2016\/02\/Soy-independiente-768x205.png 768w, http:\/\/www.ve-global.org\/wp-content\/uploads\/2016\/02\/Soy-independiente-620x165.png 620w, http:\/\/www.ve-global.org\/wp-content\/uploads\/2016\/02\/Soy-independiente-195x52.png 195w\" sizes=\"auto, (max-width: 900px) 100vw, 900px\" \/><\/p>\n<p style=\"text-align: justify;\">\u00a1Soy Independiente! es el integrante m\u00e1s reciente de los programas de VE Global. Est\u00e1 dirigido a j\u00f3venes de 15 a 18 a\u00f1os que viven en residencias de protecci\u00f3n en Santiago de Chile. El programa se implementa gracias al Fondo Chile de Todas y Todos 2015, del Ministerio de Desarrollo Social.<\/p>\n<p style=\"text-align: justify;\"><strong>Objetivo General<\/strong><\/p>\n<p style=\"text-align: justify;\">Mejorar las habilidades socioemocionales, aumentar y mejorar los v\u00ednculos sociales y fortalecer el conocimiento t\u00e9cnico-pr\u00e1ctico de 60 j\u00f3venes de entre 15 y 18 a\u00f1os provenientes de residencias de protecci\u00f3n de Santiago, para facilitar la transici\u00f3n exitosa hacia la vida aut\u00f3noma.<\/p>\n<p style=\"text-align: justify;\"><span style=\"font-weight: 400;\"><strong>Objetivos Espec\u00edficos<\/strong><\/span><\/p>\n<p style=\"text-align: justify;\">1) Planificar y ejecutar un programa de talleres de capacitaci\u00f3n de 96 horas presenciales que desarrollar\u00e1n habilidades de vida independiente y habilidades socio-emocionales que favorecen una vida independiente sana.<img loading=\"lazy\" decoding=\"async\" class=\"wp-image-7022 alignright\" src=\"http:\/\/www.ve-global.org\/wp-content\/uploads\/2016\/02\/spanish.png\" alt=\"spanish\" width=\"314\" height=\"208\" srcset=\"http:\/\/www.ve-global.org\/wp-content\/uploads\/2016\/02\/spanish.png 379w, http:\/\/www.ve-global.org\/wp-content\/uploads\/2016\/02\/spanish-300x199.png 300w, http:\/\/www.ve-global.org\/wp-content\/uploads\/2016\/02\/spanish-195x129.png 195w\" sizes=\"auto, (max-width: 314px) 100vw, 314px\" \/><\/p>\n<p style=\"text-align: justify;\">2) Implementar un sistema de seguimiento y evaluaci\u00f3n de cada joven beneficiario para la evaluaci\u00f3n de su crecimiento y desarrollo seg\u00fan las metas del programa.<\/p>\n<p style=\"text-align: justify;\">3) Generar un modelo de intervenci\u00f3n que pueda ser replicado a futuro en otras instancias con un mayor alcance de j\u00f3venes beneficiarios.<\/p>\n<p style=\"text-align: justify;\"><strong>Ejes de trabajo<\/strong><\/p>\n<p style=\"text-align: justify;\">VE organiza talleres que est\u00e1n basados en \u00e1reas de conocimientos necesarios para la transici\u00f3n a la vida independiente, existen tres ejes:<\/p>\n<p>1-Fortalecimiento socioemocional y autoestima<\/p>\n<p>2-Expansi\u00f3n y profundizaci\u00f3n de v\u00ednculos y redes sociales<\/p>\n<p>3-Asimilaci\u00f3n y pr\u00e1ctica de conocimientos y estrategias \u00fatiles para la vida<\/p>\n<p style=\"text-align: justify;\">Lo anterior se desarrolla a trav\u00e9s de 7 tipos de talleres:<\/p>\n<ul>\n<li style=\"text-align: justify;\">Talleres de Habilidades B\u00e1sicas<img loading=\"lazy\" decoding=\"async\" class=\"wp-image-7024 alignright\" src=\"http:\/\/www.ve-global.org\/wp-content\/uploads\/2016\/02\/spanish2.png\" alt=\"spanish2\" width=\"315\" height=\"187\" srcset=\"http:\/\/www.ve-global.org\/wp-content\/uploads\/2016\/02\/spanish2.png 393w, http:\/\/www.ve-global.org\/wp-content\/uploads\/2016\/02\/spanish2-300x177.png 300w, http:\/\/www.ve-global.org\/wp-content\/uploads\/2016\/02\/spanish2-195x115.png 195w\" sizes=\"auto, (max-width: 315px) 100vw, 315px\" \/><\/li>\n<li style=\"text-align: justify;\">Talleres de Autocuidado Personal<\/li>\n<li style=\"text-align: justify;\">Talleres de Habilidades de Comunicaci\u00f3n y Relaciones Interpersonales<\/li>\n<li style=\"text-align: justify;\">\u00a0Talleres de Habilidades Financieras<\/li>\n<li style=\"text-align: justify;\">Talleres de Habilidades Laborales y Acad\u00e9micas<\/li>\n<li style=\"text-align: justify;\">Talleres de Autoestima<\/li>\n<li style=\"text-align: justify;\">Tecnolog\u00eda, Inform\u00e1tica y Comunicaciones &#8211;\u00a0Eje transversal\u00a0durante todo el proceso.<\/li>\n<\/ul>\n<p style=\"text-align: justify;\">Al entregarles dichas herramientas y potenciar sus habilidades socioemocionales, estos futuros madres y padres de Chile romper\u00e1n ciclos de vulneraci\u00f3n de derechos, abuso y maltrato en futuras generaciones chilenas.<\/p>\n<p>&nbsp;<\/p>\n<p><strong>Modalidad de trabajo<\/strong><\/p>\n<p>Acompa\u00f1amiento anual de 3 etapas en el egreso de j\u00f3venes que vive en residencias de protecci\u00f3n.<\/p>\n<p>Pre egreso- Egreso \u2013 Post egreso<\/p>\n<p>&nbsp;<\/p>\n<p>ETAPA 1 (15-16a\u00f1os): trabajo semanal grupal fuera de las residencias, en talleres tem\u00e1ticos, te\u00f3rico\/experienciales y de desarrollo de habilidades socioemocionales, educativas y profesionales \u00fatiles para la vida aut\u00f3noma.<\/p>\n<p>ETAPA 2 (16-17 a\u00f1os): trabajo semanal grupal de desarrollo de proyectos dentro de la comunidad, proyecto personal y de desarrollo de habilidades de comunicaci\u00f3n, expresi\u00f3n y liderazgo. Fortalecimiento de redes de pares y de apoyo.<\/p>\n<p>ETAPA 3 (17-18 a\u00f1os): acompa\u00f1amiento en el proceso de inserci\u00f3n laboral y\/o estudiantil. Profundizaci\u00f3n en la construcci\u00f3n de redes de apoyo de pares como referentes de las estrategias \u00fatiles para la vida.<\/p>\n <div class=\"column grid_6\"><p><div id=\"attachment_6709\" style=\"width: 499px\" class=\"wp-caption aligncenter\"><img loading=\"lazy\" decoding=\"async\" aria-describedby=\"caption-attachment-6709\" class=\" wp-image-6709\" src=\"http:\/\/www.ve-global.org\/wp-content\/uploads\/2016\/08\/map-intervencion.pptx.jpg\" alt=\"map intervencion\" width=\"489\" height=\"492\" srcset=\"http:\/\/www.ve-global.org\/wp-content\/uploads\/2016\/08\/map-intervencion.pptx.jpg 716w, http:\/\/www.ve-global.org\/wp-content\/uploads\/2016\/08\/map-intervencion.pptx-150x150.jpg 150w, http:\/\/www.ve-global.org\/wp-content\/uploads\/2016\/08\/map-intervencion.pptx-298x300.jpg 298w, http:\/\/www.ve-global.org\/wp-content\/uploads\/2016\/08\/map-intervencion.pptx-620x623.jpg 620w, http:\/\/www.ve-global.org\/wp-content\/uploads\/2016\/08\/map-intervencion.pptx-195x195.jpg 195w, http:\/\/www.ve-global.org\/wp-content\/uploads\/2016\/08\/map-intervencion.pptx-130x130.jpg 130w, http:\/\/www.ve-global.org\/wp-content\/uploads\/2016\/08\/map-intervencion.pptx-70x70.jpg 70w, http:\/\/www.ve-global.org\/wp-content\/uploads\/2016\/08\/map-intervencion.pptx-45x45.jpg 45w\" sizes=\"auto, (max-width: 489px) 100vw, 489px\" \/><p id=\"caption-attachment-6709\" class=\"wp-caption-text\">Trabajamos en 13 comunas de Santiago<\/p><\/div><\/p>\n<h2 style=\"text-align: justify;\"><span style=\"font-size: 16px;\"><\/p>\n<\/div><div class=\"column grid_6 last\"><p><\/span><\/h2>\n<p><img loading=\"lazy\" decoding=\"async\" class=\" wp-image-7727 aligncenter\" src=\"http:\/\/www.ve-global.org\/wp-content\/uploads\/2016\/02\/Soy-independiente-2016-final-525x1024.png\" alt=\"\" width=\"363\" height=\"708\" srcset=\"http:\/\/www.ve-global.org\/wp-content\/uploads\/2016\/02\/Soy-independiente-2016-final-525x1024.png 525w, http:\/\/www.ve-global.org\/wp-content\/uploads\/2016\/02\/Soy-independiente-2016-final-154x300.png 154w, http:\/\/www.ve-global.org\/wp-content\/uploads\/2016\/02\/Soy-independiente-2016-final-768x1499.png 768w, http:\/\/www.ve-global.org\/wp-content\/uploads\/2016\/02\/Soy-independiente-2016-final-940x1835.png 940w, http:\/\/www.ve-global.org\/wp-content\/uploads\/2016\/02\/Soy-independiente-2016-final-620x1210.png 620w, http:\/\/www.ve-global.org\/wp-content\/uploads\/2016\/02\/Soy-independiente-2016-final-100x195.png 100w\" sizes=\"auto, (max-width: 363px) 100vw, 363px\" \/><\/p>\n<\/div><div class=\"clear\"><\/div><div class=\"clear\"><\/div><h2 style=\"text-align: justify;\"><span style=\"font-size: 16px;\"><div class=\"column grid_6 last\"><p><\/span><\/h2>\n<p><div style=\"width: 848px;\" class=\"wp-video\"><video class=\"wp-video-shortcode\" id=\"video-6065-1\" width=\"848\" height=\"480\" preload=\"metadata\" controls=\"controls\"><source type=\"video\/mp4\" src=\"http:\/\/www.ve-global.org\/wp-content\/uploads\/2016\/02\/18075268_420354824998511_2850654233412239360_n.mp4?_=1\" \/><a href=\"http:\/\/www.ve-global.org\/wp-content\/uploads\/2016\/02\/18075268_420354824998511_2850654233412239360_n.mp4\">http:\/\/www.ve-global.org\/wp-content\/uploads\/2016\/02\/18075268_420354824998511_2850654233412239360_n.mp4<\/a><\/video><\/div><\/p>\n<p><strong>Mira nuestra entrevista con CNN sobre nuestra programa de Life Skills!<\/strong><\/p>\n<p>&nbsp;<\/p>\n<p><a href=\"http:\/\/www.ve-global.org\/wp-content\/uploads\/2016\/02\/Proyecto-Soy-Independiente-Resultados-2016.pdf\"><img loading=\"lazy\" decoding=\"async\" class=\"aligncenter wp-image-7594 size-full\" src=\"http:\/\/www.ve-global.org\/wp-content\/uploads\/2016\/02\/Bot\u00f3n-vida-independiente.png\" alt=\"\" width=\"200\" height=\"128\" srcset=\"http:\/\/www.ve-global.org\/wp-content\/uploads\/2016\/02\/Bot\u00f3n-vida-independiente.png 200w, http:\/\/www.ve-global.org\/wp-content\/uploads\/2016\/02\/Bot\u00f3n-vida-independiente-195x125.png 195w\" sizes=\"auto, (max-width: 200px) 100vw, 200px\" \/><\/a><\/p>\n<p>\n<\/div><div class=\"clear\"><\/div><div class=\"clear\"><\/div><\/p>\n<h2><\/h2>\n<h2>Nuestro Equipo<\/h2>\n<p><strong>Carolina Sanhueza\u00a0&#8211; \u00a0Asistente en coordinaci\u00f3n\u00a0general<\/strong><\/p>\n<p><em>Trabajadora Social<\/em><\/p>\n<p><strong>Paola Leal\u00a0&#8211;\u00a0Responsable de evaluaci\u00f3n\u00a0y contenidos<\/strong><\/p>\n<p><em>Psic\u00f3loga Social\u00a0<\/em><\/p>\n<p><strong>Alonso Salinas T. &#8211; Monitor etapa 1<\/strong><\/p>\n<p><em>Psic\u00f3logo Social\u00a0<\/em><\/p>\n<p><strong>Mar\u00eda Fernanda Pereira &#8211; Monitor etapa 1<\/strong><\/p>\n<p><em>\u00a0Psic\u00f3loga Educacional<\/em><strong>\u00a0<\/strong><\/p>\n<p><strong>Paula Dur\u00e1n &#8211; \u00a0Monitor etapa 1<\/strong><\/p>\n<p><em>Educadora Diferencial<\/em><\/p>\n<p><strong>Nathalie Ferreira\u00a0&#8211; Monitor etapa 2<\/strong><\/p>\n<p><em>Psic\u00f3loga Social<\/em><\/p>\n<p><strong>Fernando Pino &#8211; monitor etapa 2<\/strong><\/p>\n<p><em>Psic\u00f3logo Social<\/em><\/p>\n","protected":false},"excerpt":{"rendered":"<p>\u00a1Soy Independiente! es el integrante m\u00e1s reciente de los programas de VE Global. Est\u00e1 dirigido a j\u00f3venes de 15 a 18 a\u00f1os que viven en residencias de protecci\u00f3n en Santiago de Chile. El programa se implementa gracias al Fondo Chile de Todas y Todos 2015, del Ministerio de Desarrollo Social. Objetivo General Mejorar las habilidades [&hellip;]<\/p>\n","protected":false},"author":8,"featured_media":0,"parent":7611,"menu_order":0,"comment_status":"closed","ping_status":"closed","template":"","meta":{"footnotes":""},"class_list":["post-6065","page","type-page","status-publish","hentry"],"_links":{"self":[{"href":"http:\/\/www.ve-global.org\/es\/wp-json\/wp\/v2\/pages\/6065","targetHints":{"allow":["GET"]}}],"collection":[{"href":"http:\/\/www.ve-global.org\/es\/wp-json\/wp\/v2\/pages"}],"about":[{"href":"http:\/\/www.ve-global.org\/es\/wp-json\/wp\/v2\/types\/page"}],"author":[{"embeddable":true,"href":"http:\/\/www.ve-global.org\/es\/wp-json\/wp\/v2\/users\/8"}],"replies":[{"embeddable":true,"href":"http:\/\/www.ve-global.org\/es\/wp-json\/wp\/v2\/comments?post=6065"}],"version-history":[{"count":22,"href":"http:\/\/www.ve-global.org\/es\/wp-json\/wp\/v2\/pages\/6065\/revisions"}],"predecessor-version":[{"id":8369,"href":"http:\/\/www.ve-global.org\/es\/wp-json\/wp\/v2\/pages\/6065\/revisions\/8369"}],"up":[{"embeddable":true,"href":"http:\/\/www.ve-global.org\/es\/wp-json\/wp\/v2\/pages\/7611"}],"wp:attachment":[{"href":"http:\/\/www.ve-global.org\/es\/wp-json\/wp\/v2\/media?parent=6065"}],"curies":[{"name":"wp","href":"https:\/\/api.w.org\/{rel}","templated":true}]}}