{"id":5956,"date":"2016-01-28T16:46:33","date_gmt":"2016-01-28T19:46:33","guid":{"rendered":"http:\/\/www.ve-global.org\/es\/?page_id=5956"},"modified":"2016-02-01T17:00:17","modified_gmt":"2016-02-01T20:00:17","slug":"materiales-de-difusion-y-promocion","status":"publish","type":"page","link":"http:\/\/www.ve-global.org\/es\/materiales-de-difusion-y-promocion\/","title":{"rendered":"Materiales de difusi\u00f3n y promoci\u00f3n"},"content":{"rendered":"<p>Materiales disponibles a descargar:<\/p>\n<p>Versiones espa\u00f1olas:<\/p>\n<p><a href=\"http:\/\/www.ve-global.org\/wp-content\/uploads\/2016\/01\/VE-Global-Volunteer-Flyer-2016-ESP-Color-No-Tabs.pdf\" target=\"_blank\">Afiche Voluntariado 2016 &#8211; Color sin leng\u00fcetas<\/a><\/p>\n<p><a href=\"http:\/\/www.ve-global.org\/wp-content\/uploads\/2016\/01\/VE-Global-Volunteer-Flyer-2016-ESP-Color-Tabs.pdf\" target=\"_blank\">Afiche Voluntariado 2016 &#8211; Color con leng\u00fcetas<\/a><\/p>\n<p><a href=\"http:\/\/www.ve-global.org\/wp-content\/uploads\/2016\/01\/VE-Global-Volunteer-Flyer-2016-ESP-BW-No-Tabs.pdf\" target=\"_blank\">Afiche Voluntariado 2016 &#8211; Negro y blanco sin leng\u00fcetas<\/a><\/p>\n<p><a href=\"http:\/\/www.ve-global.org\/wp-content\/uploads\/2016\/01\/VE-Global-Volunteer-Flyer-2016-ESP-BW-Tabs.pdf\" target=\"_blank\">Afiche Voluntariado 2016 &#8211; Negro y blanco con leng\u00fcetas<\/a><\/p>\n<p>&nbsp;<\/p>\n<p>Versiones inglesas:<\/p>\n<p><a href=\"http:\/\/www.ve-global.org\/wp-content\/uploads\/2016\/01\/VE-Global-Volunteer-Flyer-2016-Color-No-Tabs.pdf\" target=\"_blank\">Afiche Voluntariado 2016 &#8211; Color sin leng\u00fcetas<\/a><\/p>\n<p><a href=\"http:\/\/www.ve-global.org\/wp-content\/uploads\/2016\/01\/VE-Global-Volunteer-Flyer-2016-Color-Tabs.pdf\" target=\"_blank\">Afiche Voluntariado 2016 &#8211; Color con leng\u00fcetas<\/a><\/p>\n<p><a href=\"http:\/\/www.ve-global.org\/wp-content\/uploads\/2016\/01\/VE-Global-Volunteer-Flyer-2016-BW-No-Tabs.pdf\" target=\"_blank\">Afiche Voluntariado 2016 &#8211; Negro y blanco sin leng\u00fcetas<\/a><\/p>\n<p><a href=\"http:\/\/www.ve-global.org\/wp-content\/uploads\/2016\/01\/VE-Global-Volunteer-Flyer-2016-BW-Tabs.pdf\" target=\"_blank\">Afiche Voluntariado 2016 &#8211; Negro y blanco con leng\u00fcetas<\/a><\/p>\n<p>&nbsp;<\/p>\n<p>&nbsp;<\/p>\n<p>&nbsp;<\/p>\n<p>&nbsp;<\/p>\n","protected":false},"excerpt":{"rendered":"<p>Materiales disponibles a descargar: Versiones espa\u00f1olas: Afiche Voluntariado 2016 &#8211; Color sin leng\u00fcetas Afiche Voluntariado 2016 &#8211; Color con leng\u00fcetas Afiche Voluntariado 2016 &#8211; Negro y blanco sin leng\u00fcetas Afiche Voluntariado 2016 &#8211; Negro y blanco con leng\u00fcetas &nbsp; Versiones inglesas: Afiche Voluntariado 2016 &#8211; Color sin leng\u00fcetas Afiche Voluntariado 2016 &#8211; Color con leng\u00fcetas [&hellip;]<\/p>\n","protected":false},"author":8,"featured_media":0,"parent":0,"menu_order":0,"comment_status":"closed","ping_status":"closed","template":"","meta":{"footnotes":""},"class_list":["post-5956","page","type-page","status-publish","hentry"],"_links":{"self":[{"href":"http:\/\/www.ve-global.org\/es\/wp-json\/wp\/v2\/pages\/5956","targetHints":{"allow":["GET"]}}],"collection":[{"href":"http:\/\/www.ve-global.org\/es\/wp-json\/wp\/v2\/pages"}],"about":[{"href":"http:\/\/www.ve-global.org\/es\/wp-json\/wp\/v2\/types\/page"}],"author":[{"embeddable":true,"href":"http:\/\/www.ve-global.org\/es\/wp-json\/wp\/v2\/users\/8"}],"replies":[{"embeddable":true,"href":"http:\/\/www.ve-global.org\/es\/wp-json\/wp\/v2\/comments?post=5956"}],"version-history":[{"count":5,"href":"http:\/\/www.ve-global.org\/es\/wp-json\/wp\/v2\/pages\/5956\/revisions"}],"predecessor-version":[{"id":5991,"href":"http:\/\/www.ve-global.org\/es\/wp-json\/wp\/v2\/pages\/5956\/revisions\/5991"}],"wp:attachment":[{"href":"http:\/\/www.ve-global.org\/es\/wp-json\/wp\/v2\/media?parent=5956"}],"curies":[{"name":"wp","href":"https:\/\/api.w.org\/{rel}","templated":true}]}}