{"id":3852,"date":"2014-10-20T14:45:57","date_gmt":"2014-10-20T17:45:57","guid":{"rendered":"http:\/\/ve-global.org\/?page_id=3852"},"modified":"2016-07-21T11:17:53","modified_gmt":"2016-07-21T15:17:53","slug":"detalles-y-requisitos-del-programa","status":"publish","type":"page","link":"http:\/\/www.ve-global.org\/es\/se-voluntario\/detalles-y-requisitos-del-programa\/","title":{"rendered":"Detalles y Requisitos del Programa de Voluntario"},"content":{"rendered":"\r\n<div class=\"column grid_4\"><p><img loading=\"lazy\" decoding=\"async\" class=\"alignleft wp-image-3683 size-full\" src=\"http:\/\/www.ve-global.org\/wp-content\/uploads\/2014\/10\/Johannes-and-Domingo-Savio-VE-Global.png\" alt=\"Johannes-and-Domingo-Savio-VE-Global\" width=\"275\" height=\"155\" srcset=\"http:\/\/www.ve-global.org\/wp-content\/uploads\/2014\/10\/Johannes-and-Domingo-Savio-VE-Global.png 275w, http:\/\/www.ve-global.org\/wp-content\/uploads\/2014\/10\/Johannes-and-Domingo-Savio-VE-Global-195x109.png 195w\" sizes=\"auto, (max-width: 275px) 100vw, 275px\" \/><\/p>\n<\/div>\r\n<div class=\"column grid_8 last\"><h3 style=\"text-align: center;\">VE Global selecciona y recluta voluntarios de todo el mundo para participar en su programa de voluntariado en Santiago de Chile.<\/h3>\n<p><a href=\"http:\/\/www.ve-global.org\/es\/se-voluntario\/postula-ya\/formulario-de-postulacion\/\"><img loading=\"lazy\" decoding=\"async\" class=\"aligncenter\" src=\"http:\/\/ve-global.org\/wp-content\/uploads\/2014\/10\/Postula-Ahora-Button-VE-Global.png\" alt=\"\" width=\"200\" height=\"50\" \/><\/a><\/p>\n<\/div><div class=\"clear\"><\/div>\r\n\r\n<hr \/>\n\r\n<h2 style=\"text-align: left;\"><span style=\"text-decoration: underline;\">Un compromiso m\u00ednimo de 4 meses<\/span><\/h2>\r\n<p style=\"text-align: justify;\">En VE Global los voluntarios se comprometen a una <span style=\"color: #0664a6;\">estad\u00eda m\u00ednima de <strong>4 meses y dos semanas<\/strong><\/span>. VE Global toma su misi\u00f3n y visi\u00f3n muy en serio y cree que a corto plazo las oportunidades de voluntariado con ni\u00f1os en situaci\u00f3n de riesgo social pueden hacer m\u00e1s da\u00f1o que bien. Como una organizaci\u00f3n sin fines de lucro que trabaja con ni\u00f1os que han, en muchos casos, experimentado graves abusos, descuido y abandono, creemos que un compromiso a largo plazo es necesario para romper el ciclo de abandono.<\/p>\r\n\r\n<h2 style=\"text-align: left;\"><span style=\"text-decoration: underline;\">Programa Gratuito<\/span><\/h2>\r\n<p style=\"text-align: justify;\">El programa de VE Global tiene la particularidad de ser un programa <span style=\"color: #0664a6;\"><strong>sin tarifa<\/strong><\/span>. No obstante, su apoyo es fundamental para asegurar que los gastos administrativos y operacionales del programa est\u00e9n cubiertos. As\u00ed, cada voluntario se compromete activamente a la recaudaci\u00f3n de fondos durante su estad\u00eda en Santiago. Aprende m\u00e1s sobre recaudaci\u00f3n de fondos para voluntarios <a href=\"http:\/\/www.ve-global.org\/es\/se-voluntario\/sin-cobros-o-gratis\/\">aqui<\/a>. A cambio, los voluntarios de VE reciben:<\/p>\r\n&nbsp;\r\n<ul class=\"fa-ul\">\r\n \t<li><i class=\"fa fa-book fa-2x fa-fw\"><\/i> M\u00e1s de 100 horas de formaci\u00f3n en 4 meses<\/li>\r\n \t<li><i class=\"fa fa-university fa-2x fa-fw\"><\/i> 10 d\u00edas de orientaci\u00f3n y de formaci\u00f3n inicial en educaci\u00f3n infantil<\/li>\r\n \t<li><i class=\"fa fa-phone fa-2x fa-fw\"><\/i> 24\/7 de apoyo continuo y asistencia en respuesta a emergencias<\/li>\r\n \t<li><i class=\"fa fa-home fa-2x fa-fw\"><\/i> Ayuda en la b\u00fasqueda de alojamiento una vez que llegan a Santiago<\/li>\r\n \t<li><i class=\"fa fa-suitcase fa-2x fa-fw\"><\/i> Dos d\u00edas de vacaciones por mes trabajado<\/li>\r\n \t<li><i class=\"fa fa-users fa-2x fa-fw\"><\/i> Una <i>Jornada<\/i> a mitad del servicio del voluntario, nuestra versi\u00f3n de un retiro corporativo<\/li>\r\n \t<li><i class=\"fa fa-info fa-2x fa-fw\"><\/i> Gu\u00eda y recomendaci\u00f3n importante sobre el ajuste a la vida en Chile y sobre c\u00f3mo administrar el choque cultural<\/li>\r\n \t<li><i class=\"fa fa-globe fa-2x fa-fw\"><\/i> Camiseta y bolsa de VE Global<\/li>\r\n<\/ul>\r\n&nbsp;\r\n<p style=\"text-align: justify;\">Esperamos que nuestros voluntarios prosperen siendo defensores de la justicia social despu\u00e9s de la finalizaci\u00f3n de su compromiso voluntario, dondequiera que la vida pueda llevarlos posteriormente.<\/p>\r\n<div class=\"clear\"><\/div>\r\n<hr \/>\n<h1 class=\"p1\">\u00bfD\u00f3nde Puedo Hacer Voluntariado Con VE?<\/h1>\n<p class=\"p1\" style=\"text-align: justify;\">VE Global colabora con hogares de protecci\u00f3n de ni\u00f1os y ni\u00f1as, centros comunitarios y una colegio para ni\u00f1os con necesidades especiales en Santiago, Chile. \u00a0Actualmente solamente tenemos oportunidades para hacer voluntariado en Santiago.<\/p>\n<h1 class=\"p1\">Requisitos del Programa de Voluntariado<\/h1>\n\r\n<div class=\"column grid_8\"><p class=\"p1\">VE Global est\u00e1 comprometido con la selecci\u00f3n de candidatos que sean apasionados y responsables, con un fuerte deseo de influir positivamente en las vidas de ni\u00f1os, ni\u00f1as y adolescentes en situaci\u00f3n de riesgo social. \u00a0Para proteger a los ni\u00f1os, ni\u00f1as y adolescentes que apoyamos, y asegurar que nuestro programa de voluntariado se ejecute con integridad, nuestro proceso de selecci\u00f3n es bien competitivo. \u00a0Los requisitos b\u00e1sicos para participar en nuestro programa de voluntariado son simples:<\/p>\n<p class=\"p2\">\u2022 <span class=\"s2\">\u00a0\u00a0\u00a0\u00a0 <\/span>Cumplir 18 a\u00f1os antes de la fecha de inicio del programa al que se postula<\/p>\n<p class=\"p2\">\u2022 <span class=\"s2\">\u00a0\u00a0\u00a0\u00a0 <\/span>Comprometerse a un voluntariado de tiempo completo por un m\u00ednimo de 4 meses<\/p>\n<p class=\"p2\">\u2022 <span class=\"s2\">\u00a0\u00a0\u00a0\u00a0 <\/span>Comprometerse a<span class=\"s1\"> <a href=\"http:\/\/www.ve-global.org\/volunteer\/free-fee\/\"><span class=\"s3\">recaudar fondos para VE Global<\/span><\/a> <\/span>adem\u00e1s de cubrir todos sus propios gastos personales incurridos durante toda la duraci\u00f3n del programa de voluntariado<\/p>\n<p class=\"p2\">\u2022 <span class=\"s2\">\u00a0\u00a0\u00a0\u00a0 <\/span>Participar en el Programa de Capacitaci\u00f3n Inicial de 2 semanas antes de comenzar a trabajar en la organizaci\u00f3n colaboradora donde se coloca<\/p>\n<p class=\"p2\">\u2022 <span class=\"s2\">\u00a0\u00a0\u00a0\u00a0 <\/span>Hablar espa\u00f1ol a nivel intermedio, o estar de acuerdo con matricularse y completar un n\u00famero m\u00ednimo de horas de clases de espa\u00f1ol<\/p>\n<p class=\"p3\">\u2022 <span class=\"s2\">\u00a0\u00a0\u00a0\u00a0 <\/span>Presentar una verificaci\u00f3n de antecedentes penales y una verificaci\u00f3n de salud f\u00edsica y mental de su m\u00e9dico antes de llegar<\/p>\n<\/div>\r\n<div class=\"column grid_4 last\"><p style=\"text-align: center;\"><img loading=\"lazy\" decoding=\"async\" class=\"aligncenter wp-image-3682 size-full\" title=\"Voluntario de VE Global Flic en Domingo Savio\" src=\"http:\/\/www.ve-global.org\/wp-content\/uploads\/2014\/10\/Flic-and-Domingo-Savio-VE-Global.png\" alt=\"Voluntario de VE Global Flic en Domingo Savio\" width=\"280\" height=\"470\" \/><\/p>\n<\/div><div class=\"clear\"><\/div>\r\n<div class=\"clear\"><\/div>\r\n<hr \/>\n<h1 class=\"p1\">A\u00a0Tener En Cuenta&#8230;<\/h1>\n<p class=\"p1\" style=\"text-align: justify;\">Aunque los beneficios de hacer un voluntariado son muy especiales, tanto para ti como para los ni\u00f1os y las organizaciones colaboradoras con los que trabajamos, es importante recordar que se trata de un compromiso serio e importante, que tambi\u00e9n se ve m\u00e1s complejo y demandante por radicarte por un tiempo fuera de tu pa\u00eds de origen y, quiz\u00e1s adem\u00e1s exigiendo comunicaci\u00f3n en una lengua que no sea tu lengua materna.<\/p>\n<p><\/p>\n<h2 class=\"p1\" style=\"text-align: center;\">He aqu\u00ed algunas cosas para tomar en cuenta antes de comprometerse con un voluntariado con VE Global:<\/h2>\n\r\n<div class=\"column grid_6\"><h3 class=\"p1\">Hacer un voluntariado con VE es un compromiso de trabajo.<\/h3>\n<p class=\"p2\" style=\"text-align: justify;\">VE Global tiene expectativas muy altas del comportamiento y el compromiso de nuestros voluntarios. Los voluntarios son nuestra fuerza de vida principal como organizaci\u00f3n, y su energ\u00eda, iniciativa y creatividad influyen todos los d\u00edas en las vidas de los ni\u00f1os, ni\u00f1as y adolescentes con quienes trabajamos. Cuando un voluntario se compromete con VE Global y con nuestras organizaciones colaboradoras, es un compromiso serio. El compromiso de tiempo completo y la estad\u00eda m\u00ednima de cuatro meses aseguran que nuestras organizaciones colaboradoras reciban apoyo continuo, y que nuestros programas sigan creciendo y expandi\u00e9ndose. Nuestros voluntarios reciben dos d\u00edas de vacaciones por cada mes servido y tienen que pedirlos con dos semanas de anticipaci\u00f3n, por lo que podemos informar a su ubicaci\u00f3n en una de nuestras organizaciones asociadas dentro de un mont\u00f3n de tiempo.<\/p>\n<p style=\"text-align: justify;\"><img loading=\"lazy\" decoding=\"async\" class=\"aligncenter wp-image-3684 size-full\" title=\"Los voluntarios de VE Global trabajan en Santiago de Chile\" src=\"http:\/\/www.ve-global.org\/wp-content\/uploads\/2014\/10\/Santiago-Metropolitan-VE-Global.png\" alt=\"Los voluntarios de VE Global trabajan en Santiago de Chile\" width=\"435\" height=\"142\" srcset=\"http:\/\/www.ve-global.org\/wp-content\/uploads\/2014\/10\/Santiago-Metropolitan-VE-Global.png 435w, http:\/\/www.ve-global.org\/wp-content\/uploads\/2014\/10\/Santiago-Metropolitan-VE-Global-300x97.png 300w, http:\/\/www.ve-global.org\/wp-content\/uploads\/2014\/10\/Santiago-Metropolitan-VE-Global-195x63.png 195w\" sizes=\"auto, (max-width: 435px) 100vw, 435px\" \/><\/p>\n<\/div>\r\n<div class=\"column grid_6 last\"><h3 class=\"p1\">Un compromiso m\u00ednimo de cuatro meses.<\/h3>\n<p class=\"p2\" style=\"text-align: justify;\">Al principio, pensar en cuatro meses pueden parecer una estad\u00eda muy larga, pero una vez que llegues a Chile, te dar\u00e1s cuenta de que se requiere de mucho tiempo para sentirte c\u00f3modo en la organizaci\u00f3n colaboradora donde vas a trabajar. Al principio, todo es nuevo: la ciudad, la cultura, el voluntariado con VE y tambi\u00e9n todas tus experiencias con los ni\u00f1os y ni\u00f1as. Se requiere de tiempo para adaptarte y aprender el idioma. Incluso si ya hablas espa\u00f1ol, encontrar\u00e1s varias diferencias con el espa\u00f1ol chileno!<\/p>\n<p class=\"p2\" style=\"text-align: justify;\">Lo m\u00e1s importante de tu trabajo voluntario con VE Global es tu tiempo con los ni\u00f1os y las ni\u00f1as. Nuestros voluntarios desarrollan e implementan proyectos educativos y recreativos con los ni\u00f1os y ni\u00f1as, pero lo m\u00e1s importante es simplemente estar con ellos, ya sea en un momento de ense\u00f1ar algo de matem\u00e1ticas, o s\u00f3lo hablar con ellos sobre su d\u00eda en el colegio.Vas a pasar muchas horas con ellos como un modelo de vida, ayud\u00e1ndoles con sus tareas escolares, con ir al parque, o quiz\u00e1s con llevarlos al m\u00e9dico. Quedarse durante al menos cuatro meses, o por seis meses como recomendamos nosotros, te permite generar v\u00ednculos de confianza y cari\u00f1o con los ni\u00f1os y las ni\u00f1as, y te ofrece la oportunidad de desarrollar proyectos eficaces basados en las necesidades espec\u00edficas de los ni\u00f1os.<\/p>\n<\/div><div class=\"clear\"><\/div>\r\n<div class=\"clear\"><\/div>\r\n\r\n<div class=\"column grid_6\"><h3 class=\"p1\">Santiago es una gran ciudad metropolitana.<\/h3>\n<p class=\"p2\" style=\"text-align: justify;\">El costo de vida en Santiago est\u00e1 a la par con cualquier ciudad importante del mundo. Si bien es posible vivir de forma econ\u00f3mica, casi todos los voluntarios que vienen quieren aprovechar adem\u00e1s de todo lo que la ciudad ofrece. VE Global no cobra ning\u00fan fee para hacer voluntariado, sin embargo, los voluntarios s\u00ed son responsables de todos sus gastos personales. Estos gastos personales incluyen alojamiento, alimentaci\u00f3n, transporte, viajes, recreaci\u00f3n, etc.. VE har\u00e1 todos los esfuerzos posibles para ayudar al voluntario encontrar alojamiento econ\u00f3mico, pero en todo caso, voluntarios potenciales deber\u00edan considerar seriamente el compromiso financiero que un voluntariado de este \u00edndole requiere. La mayor\u00eda han encontrado que es \u00fatil para hacer un presupuesto y atenerse a \u00e9l durante su estad\u00eda. A veces, los voluntarios aprovechan de oportunidades de ense\u00f1ar ingl\u00e9s para ayudar con su estad\u00eda; sin embargo, esto no deber\u00eda entrar en conflicto con su compromiso de voluntariado con VE Global.<\/p>\n<h3><span style=\"font-size: 13px;\"><\/p>\n<\/div><\/span><\/h3>\r\n<div class=\"column grid_6 last\"><h3 class=\"p1\">\u00a1Vas a querer viajar!<\/h3>\n<p class=\"p2\" style=\"text-align: justify;\">A los voluntarios les encanta viajar. Adem\u00e1s de sus propios atractivos, desde el desierto de Atacama en el norte hasta el Parque Nacional Torres del Paine en el sur, la proximidad de Chile a pa\u00edses como Argentina y Per\u00fa les dan a los voluntarios la posibilidad de viajes a Buenos Aires y Macchu Picchu. Con tantas cosas interesantes para ver y hacer, vale la pena planificar momentos de viaje y vacaciones antes o despu\u00e9s de tu compromiso con VE. Muchas personas reservan unas cuatro a seis semanas despu\u00e9s de su compromiso en Santiago para tener tiempo adecuado para recorrer el continente andino. Por supuesto, nuestros voluntarios a largo plazo (los antiguos) est\u00e1n disponibles con consejos y sugerencias para los viajes, y tal vez un saco de dormir extra para prestar.<\/p>\n<\/div><div class=\"clear\"><\/div>\r\n<div class=\"clear\"><\/div>\r\n\r\n<div class=\"column grid_4\"><p><a href=\"http:\/\/www.ve-global.org\/es\/se-voluntario\/postula-ya\/\"><img loading=\"lazy\" decoding=\"async\" class=\"aligncenter wp-image-3857 size-full\" title=\"Postula ahora para ser voluntario de VE Global\" src=\"http:\/\/www.ve-global.org\/wp-content\/uploads\/2014\/10\/Postula-Ahora-Button-VE-Global1.png\" alt=\"Postula ahora para ser voluntario de VE Global\" width=\"200\" height=\"50\" srcset=\"http:\/\/www.ve-global.org\/wp-content\/uploads\/2014\/10\/Postula-Ahora-Button-VE-Global1.png 200w, http:\/\/www.ve-global.org\/wp-content\/uploads\/2014\/10\/Postula-Ahora-Button-VE-Global1-195x48.png 195w\" sizes=\"auto, (max-width: 200px) 100vw, 200px\" \/><\/a><\/p>\n<\/div>\r\n<div class=\"column grid_4\"><p><a href=\"http:\/\/www.ve-global.org\/es\/se-voluntario\/preguntas-frecuentes\/\"><img loading=\"lazy\" decoding=\"async\" class=\"aligncenter wp-image-3859 size-full\" title=\"Quieres ser voluntario de VE Global? Aprende m\u00e1s aqu\u00ed\" src=\"http:\/\/www.ve-global.org\/wp-content\/uploads\/2014\/10\/Mas-Informacion-Button-ES.png\" alt=\"Quieres ser voluntario de VE Global? Aprende m\u00e1s aqu\u00ed\" width=\"200\" height=\"50\" srcset=\"http:\/\/www.ve-global.org\/wp-content\/uploads\/2014\/10\/Mas-Informacion-Button-ES.png 200w, http:\/\/www.ve-global.org\/wp-content\/uploads\/2014\/10\/Mas-Informacion-Button-ES-195x48.png 195w\" sizes=\"auto, (max-width: 200px) 100vw, 200px\" \/><\/a><\/p>\n<\/div>\r\n<div class=\"column grid_4 last\"><p><a href=\"http:\/\/ve-global.org\/newsletter\/\"><img loading=\"lazy\" decoding=\"async\" class=\"aligncenter wp-image-3860 size-full\" title=\"Haz clic aqu\u00ed para recibir nuestro bolet\u00edn mensual de voluntario\" src=\"http:\/\/www.ve-global.org\/wp-content\/uploads\/2014\/10\/Boletin-Mensual-VE-Global-Button.png\" alt=\"Haz clic aqu\u00ed para recibir nuestro bolet\u00edn mensual de voluntario\" width=\"200\" height=\"50\" srcset=\"http:\/\/www.ve-global.org\/wp-content\/uploads\/2014\/10\/Boletin-Mensual-VE-Global-Button.png 200w, http:\/\/www.ve-global.org\/wp-content\/uploads\/2014\/10\/Boletin-Mensual-VE-Global-Button-195x48.png 195w\" sizes=\"auto, (max-width: 200px) 100vw, 200px\" \/><\/a><\/p>\n<\/div><div class=\"clear\"><\/div>\r\n<div class=\"clear\"><\/div>\r\n","protected":false},"excerpt":{"rendered":"<p>Un compromiso m\u00ednimo de 4 meses En VE Global los voluntarios se comprometen a una estad\u00eda m\u00ednima de 4 meses y dos semanas. VE Global toma su misi\u00f3n y visi\u00f3n muy en serio y cree que a corto plazo las oportunidades de voluntariado con ni\u00f1os en situaci\u00f3n de riesgo social pueden hacer m\u00e1s da\u00f1o que [&hellip;]<\/p>\n","protected":false},"author":4,"featured_media":0,"parent":118,"menu_order":0,"comment_status":"open","ping_status":"open","template":"","meta":{"footnotes":""},"class_list":["post-3852","page","type-page","status-publish","hentry"],"_links":{"self":[{"href":"http:\/\/www.ve-global.org\/es\/wp-json\/wp\/v2\/pages\/3852","targetHints":{"allow":["GET"]}}],"collection":[{"href":"http:\/\/www.ve-global.org\/es\/wp-json\/wp\/v2\/pages"}],"about":[{"href":"http:\/\/www.ve-global.org\/es\/wp-json\/wp\/v2\/types\/page"}],"author":[{"embeddable":true,"href":"http:\/\/www.ve-global.org\/es\/wp-json\/wp\/v2\/users\/4"}],"replies":[{"embeddable":true,"href":"http:\/\/www.ve-global.org\/es\/wp-json\/wp\/v2\/comments?post=3852"}],"version-history":[{"count":20,"href":"http:\/\/www.ve-global.org\/es\/wp-json\/wp\/v2\/pages\/3852\/revisions"}],"predecessor-version":[{"id":6519,"href":"http:\/\/www.ve-global.org\/es\/wp-json\/wp\/v2\/pages\/3852\/revisions\/6519"}],"up":[{"embeddable":true,"href":"http:\/\/www.ve-global.org\/es\/wp-json\/wp\/v2\/pages\/118"}],"wp:attachment":[{"href":"http:\/\/www.ve-global.org\/es\/wp-json\/wp\/v2\/media?parent=3852"}],"curies":[{"name":"wp","href":"https:\/\/api.w.org\/{rel}","templated":true}]}}