{"id":3846,"date":"2014-10-23T19:28:28","date_gmt":"2014-10-23T22:28:28","guid":{"rendered":"http:\/\/ve-global.org\/se-voluntario\/free-fee\/"},"modified":"2016-10-17T15:32:52","modified_gmt":"2016-10-17T18:32:52","slug":"sin-cobros-o-gratis","status":"publish","type":"page","link":"http:\/\/www.ve-global.org\/es\/se-voluntario\/sin-cobros-o-gratis\/","title":{"rendered":"\u00bfGratis o Sin Cobros?"},"content":{"rendered":"\r\n<div class=\"column grid_4\"><h2 class=\"p1\" style=\"text-align: center;\">La filosof\u00eda VE de no cobrar<\/h2>\n<p class=\"p1\" style=\"text-align: justify;\">Los voluntarios internacionales no s\u00f3lo donan su tiempo, sino que tambi\u00e9n invierten econ\u00f3micamente en su experiencia ahorrando para pagar sus gastos durante el voluntariado. Es por eso que VE \u00a0<span class=\"s2\"><b><i>no cobra ning\u00fan cargo<\/i><\/b><\/span><i>.\u00a0<\/i>Y, queremos seguir operando as\u00ed.<\/p>\n<p style=\"text-align: justify;\"><div class=\"divider divider-solid\"><\/div><\/p>\n<p class=\"p1\" style=\"text-align: justify;\">Hacer un voluntariado con VE no es <span class=\"s2\"><b><i>gratis<\/i><\/b><\/span> - es s\u00f3lo <span class=\"s2\"><b><i>sin cargos<\/i><\/b><\/span><i>.\u00a0<\/i>A pesar de que nos gustar\u00eda pagarles a nuestros voluntarios o cubrir algunos gastos suyos, como peque\u00f1a organizaci\u00f3n sin fines de lucro no es factible en este momento cubrir los costos directos de los voluntarios, por ejemplo, los gastos de alojamiento y la comida, viajes internacionales, transporte local y otros gastos imprevistos.<\/p>\n<p style=\"text-align: justify;\">\n<\/div><div class=\"column grid_4\"><\/p>\n<p class=\"p1\" style=\"text-align: justify;\">Nuestra filosof\u00eda como peque\u00f1a organizaci\u00f3n sin fines de lucro es seguir siendo un programa de voluntariado <span class=\"s2\"><b><i>sin <\/i><\/b><\/span>cobro al voluntario. Pero para lograr eso, necesitamos que nuestros voluntarios se involucren tambi\u00e9n en buscar recursos financieros.<\/p>\n<h2 class=\"p1\" style=\"text-align: center;\">\u00bfCu\u00e1nto cuesta?<\/h2>\n<p class=\"p1\" style=\"text-align: justify;\">Actualmente, VE ha estimado que gastamos $US 2.500 por cada voluntario que apoyamos por a\u00f1o para gestionar nuestro trabajo como lo hacemos actualmente. \u00a0Si nuestros voluntarios logran recaudar, incluso, s\u00f3lo una parte de esa cifra, es una gran contribuci\u00f3n al hacer que nuestros programas sean un \u00e9xito. Entendemos que la situaci\u00f3n personal de cada voluntario es diferente, pero creemos que eso no es un obst\u00e1culo mientras que nos reunamos como comunidad colaboradora para siempre hacer nuestro mejor esfuerzo para lograr nuestras metas colectivas.<\/p>\n<p style=\"text-align: justify;\">\n<\/div><div class=\"column grid_4 last\"><\/p>\n<h2 class=\"p1\" style=\"text-align: center;\">\u00a1Entre m\u00e1s recaudas, m\u00e1s beneficios te llegan directamente!<\/h2>\n<p class=\"p1\" style=\"text-align: justify;\">Como voluntario de VE, la recaudaci\u00f3n de fondos se beneficia tanto a VE como a ti mismo, porque entre m\u00e1s fondos recaudas, m\u00e1s recibes directamente de esta plata para cubrir tus propios gastos de voluntariado tambi\u00e9n!VE Global recompensa de manera directa al voluntario en su proyecto de recaudaci\u00f3n de fondos - y, mientras m\u00e1s recaudas, m\u00e1s beneficios directos recibes.<\/p>\n<p style=\"text-align: justify;\"><div class=\"divider divider-solid\"><\/div><\/p>\n<p class=\"p1\" style=\"text-align: justify;\">La recaudaci\u00f3n de fondos te hace invertir a\u00fan m\u00e1s en tu propia experiencia de voluntariado internacional. \u00a0Es por eso que hemos creado esta oportunidad para que los voluntarios se beneficien directamente de sus propias iniciativas de recaudaci\u00f3n de fondos.<\/p>\n<p style=\"text-align: justify;\">\n<\/div><div class=\"clear\"><\/div><div class=\"clear\"><\/div><\/p>\n<div class=\"divider divider-solid\"><\/div>\n<h2>\u00a0<a href=\"http:\/\/www.ve-global.org\/wp-content\/uploads\/2014\/10\/Fundraising-Chart-141027-ESv4.png\"><img loading=\"lazy\" decoding=\"async\" class=\"aligncenter size-full wp-image-5322\" src=\"http:\/\/www.ve-global.org\/wp-content\/uploads\/2014\/10\/Fundraising-Chart-141027-ESv4.png\" alt=\"Fundraising Chart 141027 ESv4\" width=\"740\" height=\"420\" srcset=\"http:\/\/www.ve-global.org\/wp-content\/uploads\/2014\/10\/Fundraising-Chart-141027-ESv4.png 740w, http:\/\/www.ve-global.org\/wp-content\/uploads\/2014\/10\/Fundraising-Chart-141027-ESv4-300x170.png 300w, http:\/\/www.ve-global.org\/wp-content\/uploads\/2014\/10\/Fundraising-Chart-141027-ESv4-620x352.png 620w, http:\/\/www.ve-global.org\/wp-content\/uploads\/2014\/10\/Fundraising-Chart-141027-ESv4-195x111.png 195w\" sizes=\"auto, (max-width: 740px) 100vw, 740px\" \/><\/a><\/h2>\n\r\n<div class=\"column grid_6\"><h2 class=\"p1\">Recaudaci\u00f3n de Fondos<br \/>\ndel Voluntario VE<\/h2>\n<p class=\"p1\" style=\"text-align: justify;\">Cuando uno piensa <i>en un programa de voluntariado internacional,<\/i> obviamente hay gastos involucrados.\u00a0Para desarrollar y gestionar un programa de voluntariado de alta calidad que realmente logra nuestra misi\u00f3n de apoyar a los ni\u00f1os y j\u00f3venes en situaci\u00f3n de riesgo en Santiago, tenemos que comprar insumos, pagar el arriendo y las otras facturas de gastos importantes, adem\u00e1s de tener, por lo menos un equipo peque\u00f1o, para ejecutar un programa permanente que selecciona y capacita a nuestros voluntarios y que apoya y construye relaciones con los socios locales en Chile.\u00a0VE s\u00f3lo tiene dos empleados de tiempo completo pagados: el Director Ejecutivo y el Director del Programa. Afortunadamente, nuestros voluntarios y practicantes trabajan con mucha pasi\u00f3n y dedicaci\u00f3n para apoyar el trabajo de nuestro equipo peque\u00f1o.<\/p>\n<p class=\"p1\" style=\"text-align: justify;\"><b><span style=\"color: #3366ff;\">VE Global puede ejecutar sus programas sin cobrar ning\u00fan fee de programa o postulaci\u00f3n, pero para sobrevivir as\u00ed de esta manera, necesitamos que ayuden y colaboren tambi\u00e9n nuestros voluntarios en la recaudaci\u00f3n de fondos<\/span>. N<\/b>uestros voluntarios deben entender que, a pesar de no pagar un fee de programa de forma directa, ellos tienen la obligaci\u00f3n de participar en la recaudaci\u00f3n de fondos para que VE pueda pagar lo que sea necesario para proporcionar capacitaci\u00f3n y apoyo de calidad en Chile para que todos nuestros voluntarios tengan \u00e9xito en el trabajo voluntario desafiante que hacen.<\/p>\n<p style=\"text-align: justify;\"><span style=\"color: #95ba21;\"><div class=\"divider divider-solid\"><\/div><\/span><\/p>\n<p class=\"p1\" style=\"text-align: justify;\">Ya aceptado el voluntario, el Director Ejecutivo y el equipo de Desarrollo y Comunicaciones trabajan con cada voluntario para establecer objetivos y metas personales para la recaudaci\u00f3n de fondos. \u00a0La recaudaci\u00f3n de fondos no tiene que ser complejo ni dif\u00edcil, y es una gran manera de involucrar a tus redes personales y profesionales en tu experiencia internacional.<\/p>\n<\/div>\r\n<div class=\"column grid_6 last\"><h2 class=\"p1\">\u00bfCu\u00e1les son los Gastos Administrativos de VE Global? \u00a0\u00bfEs Transparante VE?<\/h2>\n<p class=\"p1\" style=\"text-align: justify;\">Todo el mundo siempre quiere saber: <i>\u00bfcu\u00e1les son los gastos administrativos de una organizaci\u00f3n sin fines de lucro?\u00bfCu\u00e1nto gasta en administraci\u00f3n? \u00a0\u00bfCu\u00e1nto va directamente a los ni\u00f1os y a las ni\u00f1as? \u00a0\u00bfPor qu\u00e9 no es posible recibir todos los servicios necesarios para mantener a la organizaci\u00f3n de forma gratuita y donada? \u00a0\u00bfCu\u00e1nto paga VE Global en los salarios del personal? \u00a0<\/i>Creemos que estas no son las mejores preguntas que podemos hacer, gracias a un TEDTalk interesante de Dan Pallotta, que se llama <i>The Way We Think About Charity Is Dead Wrong.<\/i><em>\u00a0\u00a0<\/em><\/p>\n<p><iframe loading=\"lazy\" src=\"\/\/www.youtube.com\/embed\/bfAzi6D5FpM?rel=0\" width=\"433\" height=\"243\" frameborder=\"0\" allowfullscreen=\"allowfullscreen\"><\/iframe><\/p>\n<p>&nbsp;<\/p>\n<p class=\"p1\" style=\"text-align: justify;\">Animamos a todos los miembros de la comunidad VE - <span class=\"s2\">desde el voluntario potencial hasta todos los miembros de nuestros directorios<\/span> - a ver este video para reflexionar sobre una perspectiva interesante de por qu\u00e9 hacer esa pregunta famosa no es la m\u00e1s indicada.<\/p>\n<\/div><div class=\"clear\"><\/div>\r\n<div class=\"clear\"><\/div>\r\n<div class=\"divider divider-solid\"><\/div>\n\r\n\r\n<div class=\"column grid_6\"><h3>\u00bfC\u00f3mo se cancelar\u00e1n los pagos que VE me dar\u00e1 de arriendo y transporte si alcanzo mis metas de recaudaci\u00f3n de fondos?<\/h3>\n<p>VE le dar\u00e1 al voluntario una tarjeta Bip! del sistema de Transantiago con el saldo correspondiente en pesos chilenos para uso en el sistema de transporte integrado de micros y metro en Santiago. \u00a0Los pagos de arriendo ser\u00e1n por transferencia directa al arrendador donde vive el voluntario.<\/p>\n<\/div>\r\n<div class=\"column grid_6 last\"><h3>\u00bfC\u00f3mo me paga VE y qu\u00e9 cosas puedo comprar con el 33% si recaudo m\u00e1s de<br \/>\n$US 2500?<\/h3>\n<p>VE cubrir\u00eda cualquier gastos incurrido por el voluntario que pueda justificarse como un gasto directo de programa de voluntariado de VE Global. \u00a0Eso puede incluir gastos de transporte local, arriendo, alimentos, materiales e insumos para talleres. \u00a0Cuando posible, VE har\u00e1 el compro directo de estas cosas por el voluntario, pero en casos apropiados, tambi\u00e9n VE podr\u00e1 reembolsarle al voluntario con boletas y facturas apropiadas.<\/p>\n<\/div><div class=\"clear\"><\/div>\r\n\r\n<div class=\"clear\"><\/div>\r\n<div class=\"divider divider-solid\"><\/div>\n\r\n<div class=\"column grid_4\"><p><a href=\"http:\/\/www.ve-global.org\/es\/se-voluntario\/postula-ya\/\"><img loading=\"lazy\" decoding=\"async\" class=\"aligncenter\" src=\"http:\/\/ve-global.org\/wp-content\/uploads\/2014\/10\/Postula-Ahora-Button-VE-Global.png\" alt=\"\" width=\"200\" height=\"50\" \/><\/a><\/p>\n<\/div>\r\n<div class=\"column grid_4\"><p><a href=\"http:\/\/www.ve-global.org\/es\/se-voluntario\/preguntas-frecuentes\/\"><img loading=\"lazy\" decoding=\"async\" class=\"aligncenter\" src=\"http:\/\/ve-global.org\/wp-content\/uploads\/2014\/10\/Mas-Informacion-Button-ES.png\" alt=\"\" width=\"200\" height=\"50\" \/><\/a><\/p>\n<\/div>\r\n<div class=\"column grid_4 last\"><p><a href=\"http:\/\/ve-global.org\/newsletter\/\"><img loading=\"lazy\" decoding=\"async\" class=\"aligncenter\" src=\"http:\/\/ve-global.org\/wp-content\/uploads\/2014\/10\/Boletin-Mensual-VE-Global-Button.png\" alt=\"\" width=\"200\" height=\"50\" \/><\/a><\/p>\n<\/div><div class=\"clear\"><\/div>\r\n<div class=\"clear\"><\/div>\r\n<div class=\"divider divider-solid\"><\/div>\n<p>&nbsp;<\/p>\n<p>&nbsp;<br \/>\n<div class=\"column grid_4\"><\/p>\n<p>\n<\/div><br \/>\n<div class=\"column grid_4\"><\/p>\n<p>\n<\/div><br \/>\n<div class=\"column grid_4 last\"><\/p>\n<p>\n<\/div><div class=\"clear\"><\/div><br \/>\n<div class=\"clear\"><\/div><\/p>\n","protected":false},"excerpt":{"rendered":"<p>\u00a0 &nbsp; &nbsp;<\/p>\n","protected":false},"author":4,"featured_media":0,"parent":118,"menu_order":0,"comment_status":"open","ping_status":"open","template":"","meta":{"footnotes":""},"class_list":["post-3846","page","type-page","status-publish","hentry"],"_links":{"self":[{"href":"http:\/\/www.ve-global.org\/es\/wp-json\/wp\/v2\/pages\/3846","targetHints":{"allow":["GET"]}}],"collection":[{"href":"http:\/\/www.ve-global.org\/es\/wp-json\/wp\/v2\/pages"}],"about":[{"href":"http:\/\/www.ve-global.org\/es\/wp-json\/wp\/v2\/types\/page"}],"author":[{"embeddable":true,"href":"http:\/\/www.ve-global.org\/es\/wp-json\/wp\/v2\/users\/4"}],"replies":[{"embeddable":true,"href":"http:\/\/www.ve-global.org\/es\/wp-json\/wp\/v2\/comments?post=3846"}],"version-history":[{"count":23,"href":"http:\/\/www.ve-global.org\/es\/wp-json\/wp\/v2\/pages\/3846\/revisions"}],"predecessor-version":[{"id":6901,"href":"http:\/\/www.ve-global.org\/es\/wp-json\/wp\/v2\/pages\/3846\/revisions\/6901"}],"up":[{"embeddable":true,"href":"http:\/\/www.ve-global.org\/es\/wp-json\/wp\/v2\/pages\/118"}],"wp:attachment":[{"href":"http:\/\/www.ve-global.org\/es\/wp-json\/wp\/v2\/media?parent=3846"}],"curies":[{"name":"wp","href":"https:\/\/api.w.org\/{rel}","templated":true}]}}