{"id":3523,"date":"2014-10-08T14:49:00","date_gmt":"2014-10-08T17:49:00","guid":{"rendered":"http:\/\/ve-global.org\/?page_id=3523"},"modified":"2017-10-26T14:56:49","modified_gmt":"2017-10-26T17:56:49","slug":"practicas","status":"publish","type":"page","link":"http:\/\/www.ve-global.org\/es\/se-voluntario\/practicas\/","title":{"rendered":"Pr\u00e1cticas Profesionales"},"content":{"rendered":"<h2 style=\"text-align: justify;\">Pr\u00e1cticas Profesionales<\/h2>\n\r\n<div class=\"column grid_6\"><h3 style=\"text-align: justify;\">VE actualmente ofrece cinco pr\u00e1cticas profesionales:<\/h3>\n<p>Elige uno de los puestos nombrados a continuaci\u00f3n para aprender m\u00e1s:<\/p>\n<p><i class=\"fa fa-angle-double-right\" style=\"font-size: 1.5em;color: #95ba21;\"><\/i> \u00a0<span style=\"font-size: 1.2em; color: #094574;\"><a style=\"color: #094574;\" href=\"#Programs\">Practicante - Equipo Programa Voluntariado<\/a><\/span><br \/>\n<i class=\"fa fa-angle-double-right\" style=\"font-size: 1.5em;color: #95ba21;\"><\/i> \u00a0<span style=\"font-size: 1.2em; color: #094574;\"><a style=\"color: #094574;\" href=\"#DevRes\">Practicante -Reclutamiento y Relaciones \u00a0 \u00a0 \u00a0 \u00a0 \u00a0 \u00a0 \u00a0 \u00a0 \u00a0 \u00a0Internacionales<\/a>\u00a0<\/span><br \/>\n<i class=\"fa fa-angle-double-right\" style=\"font-size: 1.5em;color: #95ba21;\"><\/i> \u00a0<span style=\"font-size: 1.2em; color: #094574;\"><a style=\"color: #094574;\" href=\"#ComSoc\">Practicante - Desarrollo y Alianzas Comerciales<\/a><\/span><br \/>\n<i class=\"fa fa-angle-double-right\" style=\"font-size: 1.5em;color: #95ba21;\"><\/i> \u00a0<span style=\"font-size: 1.2em; color: #094574;\"><a style=\"color: #094574;\" href=\"#Fund\">Practicante - Recaudaci\u00f3n de Fondos y Alianzas <\/a><\/span><br \/>\n<i class=\"fa fa-angle-double-right\" style=\"font-size: 1.5em;color: #95ba21;\"><\/i> \u00a0<span style=\"font-size: 1.2em; color: #094574;\"><a style=\"color: #094574;\" href=\"#ComMar\">Practicante - Comunicaciones y Marketing <\/a><\/span><\/p>\n<p>Los puestos de practicante son limitados y el proceso de postulaci\u00f3n es competitivo. \u00a0Los candidatos deben poder comprometerse con una pr\u00e1ctica profesional de\u00a0<span style=\"color: #094574; font-size: 1.15em;\">un m\u00ednimo de 3 meses.\u00a0<\/span><\/p>\n<p>Las pr\u00e1cticas profesionales pueden ser de tiempo completo o tiempo parcial, con<span style=\"color: #094574; font-size: 1.15em;\">\u00a0compromiso m\u00ednimo semanal de por lo menos 20 horas<\/span>.<\/p>\n<\/div>\r\n<div class=\"column grid_6 last\"><h3>C\u00f3mo Postular<\/h3>\n<p style=\"text-align: justify;\">La postulaci\u00f3n completa para una pr\u00e1ctica profesional con VE Global consiste en una Carta de Presentaci\u00f3n y un CV\/Curriculum, juntos con\u00a0un breve formulario de postulaci\u00f3n que se encuentra a trav\u00e9s del bot\u00f3n de postulaci\u00f3n a continuaci\u00f3n. \u00a0Se reciben las postulaciones de manera continua y la selecci\u00f3n de candidatos se har\u00e1 dependiendo de las necesidades y disponibilidad de puestos.<\/p>\n<p>&nbsp;<\/p>\n<p><a href=\"http:\/\/www.ve-global.org\/es\/se-voluntario\/practicas\/formulario-de-postulacion\/\"><img loading=\"lazy\" decoding=\"async\" class=\"aligncenter wp-image-5165 size-full\" title=\"Pr\u00e1cticas Profesionales de VE Global - Postula Aqu\u00ed\" src=\"http:\/\/www.ve-global.org\/wp-content\/uploads\/2015\/05\/VE-Global-Practicas-Postula-Aqui.png\" alt=\"Pr\u00e1cticas Profesionales de VE Global - Postula Aqu\u00ed\" width=\"200\" height=\"50\" srcset=\"http:\/\/www.ve-global.org\/wp-content\/uploads\/2015\/05\/VE-Global-Practicas-Postula-Aqui.png 200w, http:\/\/www.ve-global.org\/wp-content\/uploads\/2015\/05\/VE-Global-Practicas-Postula-Aqui-195x49.png 195w\" sizes=\"auto, (max-width: 200px) 100vw, 200px\" \/><\/a><\/p>\n<\/div><div class=\"clear\"><\/div>\r\n<div class=\"divider divider-shadow\"><\/div>\n<p style=\"text-align: justify;\">La inversi\u00f3n de VE Global en su recurso humano es un factor clave para la ejecuci\u00f3n exitosa de su misi\u00f3n y visi\u00f3n. Los practicantes apoyan al Director Ejecutivo y al Director de Programas en el logro de los m\u00e1s altos est\u00e1ndares en la selecci\u00f3n, reclutamiento, capacitaci\u00f3n, gesti\u00f3n de programas y desarrollo de recursos. Adicionalmente, proveen apoyo directo al equipo de VE Global en aspectos log\u00edsticos, estrat\u00e9gicos y operacionales de las iniciativas de VE Global.<\/p>\n<p style=\"text-align: justify;\">Los candidatos tienen la oportunidad de tener una visi\u00f3n integral de una organizaci\u00f3n internacional sin fines de lucro que se enfoca en proveer servicios sociales a ni\u00f1os y j\u00f3venes en riesgo social a trav\u00e9s de su programa de voluntariado. T\u00fa ganar\u00e1s una visi\u00f3n \u00fanica de las operaciones de una organizaci\u00f3n din\u00e1mica que valora el empoderamiento, la comunidad, el ser positivo, la integridad y la responsabilidad.<\/p>\n<p style=\"text-align: justify;\"><a name=\"Programs\"><\/a><div class=\"divider divider-shadow\"><\/div><\/p>\n<h2 style=\"text-align: justify;\">Practicante &#8211; <strong>Programa\u00a0 Voluntariado<\/strong><\/h2>\n<p style=\"text-align: justify;\">\n\r\n<div class=\"column grid_6\"><\/p>\n<h3 style=\"text-align: justify;\">Responsabilidades y Tareas Espec\u00edficas:<\/h3>\n<ul style=\"text-align: justify;\">\n<li>Trabajar con el director de Programas en supervisar y gestionar la implementaci\u00f3n de los programas de VE tales como <em>\u00a1Vamos a Leer!<\/em>, <em>English in Motion<\/em>, <em>Liga de Deportes<\/em>, <em>Festival de Arte<\/em>; gestionar y ampliar el inventario de materiales de educaci\u00f3n, deportes y arte y comunicarse con todos los voluntarios de VE Global acerca de los detalles y sus responsabilidades durante los eventos.<\/li>\n<li>Ayudar al Director de Programas en temas de liderazgo y coordinaci\u00f3n de los voluntarios y su trabajo en los programas y en sus talleres, incluyendo la delegaci\u00f3n de responsabilidades.<\/li>\n<li>Asegurar y proveer reportes peri\u00f3dicos y an\u00e1lisis de los programas para ser presentados al Director de Programas y al Director Ejecutivo.<\/li>\n<li>Apoyar al Director de Programas en la selecci\u00f3n de voluntarios y proceso de reclutamiento, desde el contacto inicial (informativo y consultas de inter\u00e9s) hasta las llegadas de los nuevos voluntarios al pa\u00eds.<\/li>\n<li>Apoyar al Director de Programas en la administraci\u00f3n y comunicaci\u00f3n con los stakeholders (voluntarios, donantes, etc.) respondiendo sus consultas desde las cuentas de correo info@ y apply@ de VE Global.<\/li>\n<li>Ayudar al Director de Programas en la coordinaci\u00f3n de la comunicaci\u00f3n previa con los voluntarios antes de su llegada adem\u00e1s de ayudar con la log\u00edstica de su llegada y estad\u00eda, incluyendo la b\u00fasqueda de alojamiento inicial para ellos.<\/li>\n<li>Ayudar a mantener la limpieza y organizaci\u00f3n de la oficina.<\/li>\n<li>Colaborar y ayudar a otros equipos y a los voluntarios, apoy\u00e1ndolos en las necesidades actuales y espec\u00edficas que puedan aparecer.<\/li>\n<li>Promover las relaciones s\u00f3lidas con los voluntarios y otros miembros en la comunidad de VE.<\/li>\n<li>Asegurar que todos los miembros de la comunidad de VE reciban el apropiado reconocimiento por su trabajo.<\/li>\n<\/ul>\n<p style=\"text-align: justify;\">\n<\/div>\r\n<div class=\"column grid_6 last\"><\/p>\n<h3 style=\"text-align: justify;\">Calificaciones preferidas:<\/h3>\n<ul style=\"text-align: justify;\">\n<li>Formaci\u00f3n acad\u00e9mica en Trabajo Social, Psicolog\u00eda, Educaci\u00f3n, Recursos Humanos, Comunicaciones, Pol\u00edticas P\u00fablicas o campos relacionados.<\/li>\n<li>Experiencia en liderazgo y gesti\u00f3n.<\/li>\n<li>S\u00f3lido trabajo en equipo y habilidades en relaciones interpersonales.<\/li>\n<li>Excelentes habilidades en organizaci\u00f3n, comunicaci\u00f3n y pensamiento cr\u00edtico.<\/li>\n<li>Habilidades s\u00f3lidas en comunicaci\u00f3n oral y escrita tanto en ingl\u00e9s como en espa\u00f1ol.<\/li>\n<li>Entusiasmo y pasi\u00f3n por el trabajo de VE.<\/li>\n<li>Dominio de Microsoft Office Suite, GoogleApps, manejo de base de datos y otras habilidades computacionales (experiencia en HTML es una ventaja)<\/li>\n<\/ul>\n<p>&nbsp;<\/p>\n<p style=\"text-align: center;\"><a href=\"http:\/\/www.ve-global.org\/wp-content\/uploads\/2015\/05\/150518-Practicante-de-Programas-Descripcion-del-puesto.pdf\"><img loading=\"lazy\" decoding=\"async\" class=\"aligncenter wp-image-4100 size-full\" title=\"Descripci\u00f3n de Puesto de Pr\u00e1ctica Profesional de VE Global\" src=\"http:\/\/www.ve-global.org\/wp-content\/uploads\/2015\/05\/VE-Global-Descripcion-Practica-Profesional.png\" alt=\"Descripci\u00f3n de Puesto de Pr\u00e1ctica Profesional de VE Global\" width=\"200\" height=\"50\" \/><\/a><\/p>\n<p style=\"text-align: center;\">\n<\/div><div class=\"clear\"><\/div>\r\n<div class=\"clear\"><\/div>\r\n<\/p>\n<p style=\"text-align: justify;\"><a name=\"DevRes\"><\/a><div class=\"divider divider-shadow\"><\/div><\/p>\n<h2 style=\"text-align: justify;\">Practicante &#8211; <strong>Reclutamiento y Relaciones Internacionales<\/strong><\/h2>\n<p style=\"text-align: justify;\">\n\r\n<div class=\"column grid_6\"><\/p>\n<h3 style=\"text-align: justify;\">Responsabilidades y Tareas espec\u00edficas:<\/h3>\n<ul>\n<li>Ayudar al DE y a la CPV a responder a las consultas generales a trav\u00e9s de las cuentas de e-mail info@ y pr@ de VE Global<\/li>\n<li>Conectarse con universidades y reclutar localmente e internacionalmente<\/li>\n<li>Continuar las relaciones con las universidades en Europa y Am\u00e9rica Latina, y ampliarlas<\/li>\n<li>Dise\u00f1ar un calendario de acciones para apoyar las comunicaciones con las universidades y promover posiciones: correos electr\u00f3nicos masivos<\/li>\n<li>Dise\u00f1ar y ofrecer productos y apoyo a universidades para su comercializaci\u00f3n<\/li>\n<li>Actualizar sitios de reclutamiento externos y explorar nuevas oportunidades<\/li>\n<li>Crear un enlace con voluntarios antiguos, para posibles donaciones y \/ o colaboraciones<\/li>\n<li>Brindar apoyo al personal en la ejecuci\u00f3n de actividades del programa de voluntariado, como Orientaci\u00f3n, Jornada, VEpalooza, eventos de recaudaci\u00f3n de fondos, campa\u00f1as de sensibilizaci\u00f3n, etc.<\/li>\n<li>Realizar tareas generales de oficina y administrativas seg\u00fan lo asignado<\/li>\n<li>Asistir con la gesti\u00f3n de bases de datos de Salesforce y las comunicaciones en ingl\u00e9s y espa\u00f1ol, para asegurar, organizar y registrar donaciones<\/li>\n<\/ul>\n<p style=\"text-align: justify;\">\n<\/div>\r\n<div class=\"column grid_6 last\"><\/p>\n<h3 style=\"text-align: justify;\">Calificaciones preferidas:<\/h3>\n<ul style=\"text-align: justify;\">\n<li>Formaci\u00f3n acad\u00e9mica (o experiencia equivalente) en Marketing y Comunicaciones, Administraci\u00f3n de negocios, Desarrollo\/Recaudaci\u00f3n de Fondos, <strong>Pol\u00edticas P\u00fablicas o campos relacionados<\/strong>.<\/li>\n<li>Excelentes habilidades de comunicaci\u00f3n verbal y de escucha activa.<\/li>\n<li>Experiencia en liderazgo y gesti\u00f3n.<\/li>\n<li>Profesional, confiable y trabajo impulsado con un esp\u00edritu competitivo.<\/li>\n<li>S\u00f3lido trabajo en equipo y habilidades en relaciones interpersonales.<\/li>\n<li>Habilidad para trabajar en forma independiente con poca o ninguna supervisi\u00f3n.<\/li>\n<li>Excelentes habilidades en organizaci\u00f3n, comunicaci\u00f3n y pensamiento cr\u00edtico.<\/li>\n<li><strong>Habilidades s\u00f3lidas en comunicaci\u00f3n oral y escrita tanto en ingl\u00e9s como en espa\u00f1ol.<\/strong><\/li>\n<li>Entusiasmo y pasi\u00f3n por el trabajo de VE.<\/li>\n<li>Dominio de Office, GoogleApps, Salesforce (u otro programas de manejo de base de datos\/CRM) y otras habilidades computacionales (experiencia en HTML es una ventaja)<\/li>\n<\/ul>\n<p>&nbsp;<\/p>\n<p><a href=\"http:\/\/www.ve-global.org\/wp-content\/uploads\/2014\/10\/Pr\u00e1ctica-Desarrollo-de-Recursos.docx.pdf\"><img loading=\"lazy\" decoding=\"async\" class=\"aligncenter wp-image-4100 size-full\" title=\"Descripci\u00f3n de Puesto de Pr\u00e1ctica Profesional de VE Global\" src=\"http:\/\/www.ve-global.org\/wp-content\/uploads\/2015\/05\/VE-Global-Descripcion-Practica-Profesional.png\" alt=\"Descripci\u00f3n de Puesto de Pr\u00e1ctica Profesional de VE Global\" width=\"200\" height=\"50\" \/><\/a><\/p>\n<\/div><div class=\"clear\"><\/div>\r\n<div class=\"clear\"><\/div>\r\n<p style=\"text-align: justify;\"><a name=\"ComSoc\"><\/a><div class=\"divider divider-shadow\"><\/div><\/p>\n<h2 style=\"text-align: justify;\">Practicante &#8211; <strong>Desarrollo y Alianzas Comerciales<\/strong><\/h2>\n<p style=\"text-align: justify;\">\n\r\n<div class=\"column grid_6\"><\/p>\n<h3 style=\"text-align: justify;\">Responsabilidades y Tareas espec\u00edficas<\/h3>\n<ul>\n<li>Conectar y explorar posibles alianzas con empresas - voluntariado corporativo<\/li>\n<li>Asistir al Director Ejecutivo con iniciativas de desarrollo de recursos, b\u00fasqueda de fondos y postulaciones<\/li>\n<li>Explorar oportunidades de financiaci\u00f3n \/ subvenciones a nivel local e internacional<\/li>\n<li>Aprender de postulaciones pasadas y crear calendario<\/li>\n<li>Aprender y apoyar alianzas creadas; mantenerse en contacto y expandir el compromiso a trav\u00e9s de campa\u00f1as espec\u00edficas, escribir cartas de agradecimiento e informes constantes (ideas de voluntariado corporativo)<\/li>\n<li>Encontrar nuevas l\u00edneas para alianzas dentro de empresas u otras fuentes de financiaci\u00f3n (escuelas, gobierno, universidades, etc.)<\/li>\n<li>Atraer nuevos partidarios a trav\u00e9s de ideas de proyectos y acciones espec\u00edficas que puedan interesarles (campa\u00f1as de nivel individual y campa\u00f1as comerciales)<\/li>\n<li>Aumentar los donantes recurrentes: partidarios frecuentes, internacionales y nacionales, a trav\u00e9s de ideas de campa\u00f1a<\/li>\n<li>Brindar apoyo al personal en la ejecuci\u00f3n de actividades del programa de voluntariado, como Orientaci\u00f3n, Jornada, VEpalooza, eventos de recaudaci\u00f3n de fondos, campa\u00f1as de sensibilizaci\u00f3n, etc.<\/li>\n<li>Realizar tareas generales de oficina y administrativas seg\u00fan lo asignado<\/li>\n<\/ul>\n<p style=\"text-align: justify;\">\n<\/div>\r\n<div class=\"column grid_6 last\"><\/p>\n<h3 style=\"text-align: justify;\">Calificaciones preferidas:<\/h3>\n<ul>\n<li>Formaci\u00f3n acad\u00e9mica (o experiencia equivalente) en Marketing y Comunicaciones, <strong>Administraci\u00f3n de negocios<\/strong>, Desarrollo\/Recaudaci\u00f3n de Fondos, Pol\u00edticas P\u00fablicas o campos relacionados.<\/li>\n<li>Excelentes habilidades de comunicaci\u00f3n verbal y de escucha activa.<\/li>\n<li>Experiencia en liderazgo y gesti\u00f3n.<\/li>\n<li>Profesional, confiable y trabajo impulsado con un esp\u00edritu competitivo.<\/li>\n<li>S\u00f3lido trabajo en equipo y habilidades en relaciones interpersonales.<\/li>\n<li>Habilidad para trabajar en forma independiente con poca o ninguna supervisi\u00f3n.<\/li>\n<li>Excelentes habilidades en organizaci\u00f3n, comunicaci\u00f3n y pensamiento cr\u00edtico.<\/li>\n<li><strong>Habilidades s\u00f3lidas en comunicaci\u00f3n oral y escrita tanto en ingl\u00e9s como en espa\u00f1ol.<\/strong><\/li>\n<li>Entusiasmo y pasi\u00f3n por el trabajo de VE.<\/li>\n<li>Dominio de Office, GoogleApps, Salesforce (u otro programas de manejo de base de datos\/CRM) y otras habilidades computacionales (experiencia en HTML es una ventaja)<\/li>\n<\/ul>\n<p>&nbsp;<\/p>\n<p><a href=\"http:\/\/www.ve-global.org\/wp-content\/uploads\/2014\/10\/Pr\u00e1ctica-Comunicaciones-y-Redes-sociales.docx.pdf\"><img loading=\"lazy\" decoding=\"async\" class=\"aligncenter wp-image-4100 size-full\" title=\"Descripci\u00f3n de Puesto de Pr\u00e1ctica Profesional de VE Global\" src=\"http:\/\/www.ve-global.org\/wp-content\/uploads\/2015\/05\/VE-Global-Descripcion-Practica-Profesional.png\" alt=\"Descripci\u00f3n de Puesto de Pr\u00e1ctica Profesional de VE Global\" width=\"200\" height=\"50\" \/><\/a><\/p>\n<\/div><div class=\"clear\"><\/div>\r\n<div class=\"clear\"><\/div>\r\n<p style=\"text-align: justify;\"><a name=\"Fund\"><\/a><div class=\"divider divider-shadow\"><\/div><\/p>\n<h2 style=\"text-align: justify;\">Practicante &#8211; <strong>Recaudaci\u00f3n de Fondos y Alianzas<\/strong><\/h2>\n\r\n<div class=\"column grid_6\"><h3>Responsabilidades y tareas<\/h3>\n<ul>\n<li>Asistir al Director Ejecutivo con iniciativas de desarrollo de recursos, como recaudaci\u00f3n de fondos<\/li>\n<li>Coordinar eventos \/ recaudaci\u00f3n de fondos voluntarios, con alianzas internacionales y locales<\/li>\n<li>Coordinar los esfuerzos de recaudaci\u00f3n de fondos de la clase, incluidas las reuniones del grupo de dise\u00f1o de campa\u00f1a y la planificaci\u00f3n del d\u00eda D.<\/li>\n<li>Ser el representante para el evento de recaudaci\u00f3n de fondos; planificar, dise\u00f1ar, coordinar y desarrollar.<\/li>\n<li>Aprender de los eventos de recaudaci\u00f3n de fondos anteriores y sugerir mejoras.<\/li>\n<li>Revisar las plataformas de recaudaci\u00f3n de fondos: donaciones globales, crowdrise, amazon smile, etc.<\/li>\n<li>Conectar y explorar asociaciones potenciales con ONGs y otros tipos de organizaciones<\/li>\n<li>Dise\u00f1ar presentaciones impactantes (iff, ubir al sur, am solidaria, futbol mas, etc.)<\/li>\n<li>Proporcionar apoyo al personal en la ejecuci\u00f3n de actividades del programa de voluntariado, tales como Orientaci\u00f3n, Jornada, VEpalooza, eventos de recaudaci\u00f3n de fondos, campa\u00f1as de sensibilizaci\u00f3n, etc.<\/li>\n<li>Realizar tareas generales de oficina y administrativas seg\u00fan lo asignado<\/li>\n<\/ul>\n<\/div>\r\n<div class=\"column grid_6 last\"><h3>Calificaciones preferidas:<\/h3>\n<ul>\n<li>Formaci\u00f3n acad\u00e9mica (o experiencia equivalente) en Marketing y Comunicaciones, Administraci\u00f3n de negocios, <strong>Desarrollo\/Recaudaci\u00f3n de Fondos<\/strong>, Pol\u00edticas P\u00fablicas o campos relacionados.<\/li>\n<li>Excelentes habilidades de comunicaci\u00f3n verbal y de escucha activa.<\/li>\n<li>Experiencia en liderazgo y gesti\u00f3n.<\/li>\n<li>Profesional, confiable y trabajo impulsado con un esp\u00edritu competitivo.<\/li>\n<li>S\u00f3lido trabajo en equipo y habilidades en relaciones interpersonales.<\/li>\n<li>Habilidad para trabajar en forma independiente con poca o ninguna supervisi\u00f3n.<\/li>\n<li>Excelentes habilidades en organizaci\u00f3n, comunicaci\u00f3n y pensamiento cr\u00edtico.<\/li>\n<li><strong>Habilidades s\u00f3lidas en comunicaci\u00f3n oral y escrita tanto en ingl\u00e9s como en espa\u00f1ol.<\/strong><\/li>\n<li>Entusiasmo y pasi\u00f3n por el trabajo de VE.<\/li>\n<li>Dominio de Office, GoogleApps, Salesforce (u otro programas de manejo de base de datos\/CRM) y otras habilidades computacionales (experiencia en HTML es una ventaja)<\/li>\n<\/ul>\n<p>&nbsp;<\/p>\n<p><a href=\"http:\/\/www.ve-global.org\/wp-content\/uploads\/2014\/10\/Pr\u00e1ctica-Comunicaciones-y-Redes-sociales.docx.pdf\"><img loading=\"lazy\" decoding=\"async\" class=\"aligncenter wp-image-4100 size-full\" title=\"Descripci\u00f3n de Puesto de Pr\u00e1ctica Profesional de VE Global\" src=\"http:\/\/www.ve-global.org\/wp-content\/uploads\/2015\/05\/VE-Global-Descripcion-Practica-Profesional.png\" alt=\"Descripci\u00f3n de Puesto de Pr\u00e1ctica Profesional de VE Global\" width=\"200\" height=\"50\" \/><\/a><\/p>\n<p>&nbsp;<\/p>\n<\/div><div class=\"clear\"><\/div>\r\n<div class=\"clear\"><\/div>\r\n<p style=\"text-align: justify;\"><a name=\"ComMar\"><\/a><div class=\"divider divider-shadow\"><\/div><\/p>\n<h2 style=\"text-align: justify;\">Practicante &#8211; <strong>Comunicaciones y Marketing<\/strong><\/h2>\n<p style=\"text-align: justify;\">\n\r\n<div class=\"column grid_6\"><\/p>\n<h3>Responsabilidades y tareas<\/h3>\n<ul>\n<li>Asistir al Director Ejecutivo con iniciativas de desarrollo de recursos, como marketing y comunicaciones<\/li>\n<li>Ayudar con la actualizaci\u00f3n del contenido de la comunicaci\u00f3n actual y materiales de marketing<\/li>\n<li>Producir video y material multimedia para el sitio web y campa\u00f1as publicitarias<\/li>\n<li>Mantener la base de datos de fotos de VE Global<\/li>\n<li>Administrar registros y generar informes sobre detalles del programa, an\u00e1lisis y necesidades operativas<\/li>\n<li>Asistir con la gesti\u00f3n de bases de datos de Salesforce y las comunicaciones, en ingl\u00e9s y espa\u00f1ol<\/li>\n<li>Revisar y mejorar la p\u00e1gina web vinculada a los objetivos y la imagen que queremos comunicar.<\/li>\n<li>Revisar, mejorar y planificar contenido y dise\u00f1o para el bolet\u00edn.<\/li>\n<li>Expandir el n\u00famero de destinatarios del bolet\u00edn, especialmente a nivel local.<\/li>\n<li>Publicaciones en las redes sociales, involucrando al p\u00fablico.<\/li>\n<li>Planificar estrategias de comunicaci\u00f3n: hacernos conocidos en todo Chile, dise\u00f1ar mensajes de campa\u00f1a e im\u00e1genes a trav\u00e9s de videos, fotos y otros dise\u00f1os y material de marketing.<\/li>\n<li>Explorar medios y oportunidades para comunicar nuestra marca (eventos de la comunidad, peri\u00f3dicos, radio, metro, tv, sociedad an\u00f3nima, idealista, bolet\u00edn Colunga, etc.)<\/li>\n<li>Proporcionar apoyo al personal en la ejecuci\u00f3n de actividades del programa de voluntariado, tales como Orientaci\u00f3n, Jornada, VEpalooza, eventos de recaudaci\u00f3n de fondos, campa\u00f1as de sensibilizaci\u00f3n, etc.<\/li>\n<li>Realizar tareas generales de oficina y administrativas seg\u00fan lo asignado<\/li>\n<\/ul>\n<\/div>\r\n<div class=\"column grid_6 last\"><h3>Calificaciones preferidas:<\/h3>\n<ul>\n<li>Formaci\u00f3n acad\u00e9mica (o experiencia equivalente) en <strong>Marketing y Comunicaciones<\/strong>, Administraci\u00f3n de negocios, Desarrollo\/Recaudaci\u00f3n de Fondos, Pol\u00edticas P\u00fablicas o campos relacionados.<\/li>\n<li>Excelentes habilidades de comunicaci\u00f3n verbal y de escucha activa.<\/li>\n<li>Experiencia en liderazgo y gesti\u00f3n.<\/li>\n<li>Profesional, confiable y trabajo impulsado con un esp\u00edritu competitivo.<\/li>\n<li>S\u00f3lido trabajo en equipo y habilidades en relaciones interpersonales.<\/li>\n<li>Habilidad para trabajar en forma independiente con poca o ninguna supervisi\u00f3n.<\/li>\n<li>Excelentes habilidades en organizaci\u00f3n, comunicaci\u00f3n y pensamiento cr\u00edtico.<\/li>\n<li><strong>Habilidades s\u00f3lidas en comunicaci\u00f3n oral y escrita tanto en ingl\u00e9s como en espa\u00f1ol.<\/strong><\/li>\n<li>Entusiasmo y pasi\u00f3n por el trabajo de VE.<\/li>\n<li>Dominio de Office, GoogleApps, Salesforce (u otro programas de manejo de base de datos\/CRM) y otras habilidades computacionales (experiencia en HTML es una ventaja)<\/li>\n<\/ul>\n<p><a href=\"http:\/\/www.ve-global.org\/wp-content\/uploads\/2014\/10\/Pr\u00e1ctica-Comunicaciones-y-Redes-sociales.docx.pdf\"><img loading=\"lazy\" decoding=\"async\" class=\"aligncenter wp-image-4100 size-full\" title=\"Descripci\u00f3n de Puesto de Pr\u00e1ctica Profesional de VE Global\" src=\"http:\/\/www.ve-global.org\/wp-content\/uploads\/2015\/05\/VE-Global-Descripcion-Practica-Profesional.png\" alt=\"Descripci\u00f3n de Puesto de Pr\u00e1ctica Profesional de VE Global\" width=\"200\" height=\"50\" \/><\/a><\/p>\n<p>&nbsp;<\/p>\n<\/div><div class=\"clear\"><\/div>\r\n<div class=\"clear\"><\/div>\r\n<div class=\"clear\"><\/div>\n<p style=\"text-align: justify;\"><a name=\"EAI\"><\/a><div class=\"divider divider-shadow\"><\/div><\/p>\n","protected":false},"excerpt":{"rendered":"<p>Pr\u00e1cticas Profesionales La inversi\u00f3n de VE Global en su recurso humano es un factor clave para la ejecuci\u00f3n exitosa de su misi\u00f3n y visi\u00f3n. Los practicantes apoyan al Director Ejecutivo y al Director de Programas en el logro de los m\u00e1s altos est\u00e1ndares en la selecci\u00f3n, reclutamiento, capacitaci\u00f3n, gesti\u00f3n de programas y desarrollo de recursos. [&hellip;]<\/p>\n","protected":false},"author":8,"featured_media":0,"parent":118,"menu_order":0,"comment_status":"open","ping_status":"open","template":"","meta":{"footnotes":""},"class_list":["post-3523","page","type-page","status-publish","hentry"],"_links":{"self":[{"href":"http:\/\/www.ve-global.org\/es\/wp-json\/wp\/v2\/pages\/3523","targetHints":{"allow":["GET"]}}],"collection":[{"href":"http:\/\/www.ve-global.org\/es\/wp-json\/wp\/v2\/pages"}],"about":[{"href":"http:\/\/www.ve-global.org\/es\/wp-json\/wp\/v2\/types\/page"}],"author":[{"embeddable":true,"href":"http:\/\/www.ve-global.org\/es\/wp-json\/wp\/v2\/users\/8"}],"replies":[{"embeddable":true,"href":"http:\/\/www.ve-global.org\/es\/wp-json\/wp\/v2\/comments?post=3523"}],"version-history":[{"count":38,"href":"http:\/\/www.ve-global.org\/es\/wp-json\/wp\/v2\/pages\/3523\/revisions"}],"predecessor-version":[{"id":8392,"href":"http:\/\/www.ve-global.org\/es\/wp-json\/wp\/v2\/pages\/3523\/revisions\/8392"}],"up":[{"embeddable":true,"href":"http:\/\/www.ve-global.org\/es\/wp-json\/wp\/v2\/pages\/118"}],"wp:attachment":[{"href":"http:\/\/www.ve-global.org\/es\/wp-json\/wp\/v2\/media?parent=3523"}],"curies":[{"name":"wp","href":"https:\/\/api.w.org\/{rel}","templated":true}]}}