{"id":34,"date":"2012-08-22T13:03:18","date_gmt":"2012-08-22T17:03:18","guid":{"rendered":"http:\/\/new.voluntariosesperanza.org\/?page_id=34"},"modified":"2017-05-30T23:00:59","modified_gmt":"2017-05-31T03:00:59","slug":"pagina-principal","status":"publish","type":"page","link":"http:\/\/www.ve-global.org\/es\/","title":{"rendered":"P\u00e1gina Principal"},"content":{"rendered":"<div id=\"fb-root\"><\/div>\n<p><script>\/\/ < ![CDATA[\n\/\/ < ![CDATA[ (function(d, s, id) { var js, fjs = d.getElementsByTagName(s)[0]; if (d.getElementById(id)) return; js = d.createElement(s); js.id = id; js.src = \"\/\/connect.facebook.net\/en_US\/sdk.js#xfbml=1&#038;version=v2.7\"; fjs.parentNode.insertBefore(js, fjs); }(document, 'script', 'facebook-jssdk')); \/\/ ]]><\/script><\/p>\n\r\n\r\n<div aria-live=\"polite\" id=\"soliloquy-container-7776\" class=\"soliloquy-container soliloquy-transition-fade  soliloquy-theme-base\" style=\"max-width:900px;max-height:350px;\"><ul id=\"soliloquy-7776\" class=\"soliloquy-slider soliloquy-slides soliloquy-wrap soliloquy-clear\"><li aria-hidden=\"true\" class=\"soliloquy-item soliloquy-item-1 soliloquy-image-slide\" draggable=\"false\" style=\"list-style:none\"><a href=\"http:\/\/www.ve-global.org\/es\/quienes-somos\/\" class=\"soliloquy-link\" title=\"1\" target=\"_blank\"><img decoding=\"async\" id=\"soliloquy-image-7785\" class=\"soliloquy-image soliloquy-image-1\" src=\"http:\/\/www.ve-global.org\/wp-content\/uploads\/2017\/03\/1-2.png\" alt=\"1\" \/><\/a><\/li><li aria-hidden=\"true\" class=\"soliloquy-item soliloquy-item-2 soliloquy-image-slide\" draggable=\"false\" style=\"list-style:none\"><a href=\"http:\/\/www.ve-global.org\/es\/se-voluntario\/detalles-y-requisitos-del-programa\/\" class=\"soliloquy-link\" title=\"2\" target=\"_blank\"><img decoding=\"async\" id=\"soliloquy-image-7786\" class=\"soliloquy-image soliloquy-image-2\" src=\"http:\/\/www.ve-global.org\/wp-content\/uploads\/2017\/03\/2-3.png\" alt=\"2\" \/><\/a><\/li><li aria-hidden=\"true\" class=\"soliloquy-item soliloquy-item-3 soliloquy-image-slide\" draggable=\"false\" style=\"list-style:none\"><a href=\"http:\/\/www.ve-global.org\/es\/se-voluntario\/practicas\/\" class=\"soliloquy-link\" title=\"3\" target=\"_blank\"><img decoding=\"async\" id=\"soliloquy-image-7787\" class=\"soliloquy-image soliloquy-image-3\" src=\"http:\/\/www.ve-global.org\/wp-content\/uploads\/2017\/03\/3-3.png\" alt=\"3\" \/><\/a><\/li><\/ul><\/div><noscript><style type=\"text\/css\">#soliloquy-container-7776{opacity:1}<\/style><\/noscript>\r\n\r\n<a href=\"http:\/\/www.ve-global.org\/es\/voluntariado-corporativo\/\"><img loading=\"lazy\" decoding=\"async\" class=\"wp-image-7632 alignleft\" src=\"http:\/\/www.ve-global.org\/wp-content\/uploads\/2012\/08\/Apoyo-corporativo-2.png\" alt=\"\" width=\"204\" height=\"71\" srcset=\"http:\/\/www.ve-global.org\/wp-content\/uploads\/2012\/08\/Apoyo-corporativo-2.png 325w, http:\/\/www.ve-global.org\/wp-content\/uploads\/2012\/08\/Apoyo-corporativo-2-300x104.png 300w, http:\/\/www.ve-global.org\/wp-content\/uploads\/2012\/08\/Apoyo-corporativo-2-195x68.png 195w, http:\/\/www.ve-global.org\/wp-content\/uploads\/2012\/08\/Apoyo-corporativo-2-320x113.png 320w\" sizes=\"auto, (max-width: 204px) 100vw, 204px\" \/><\/a>\r\n\r\n<a href=\"http:\/\/www.ve-global.org\/es\/quienes-somos\/donde-trabajamos-2\/\"><img loading=\"lazy\" decoding=\"async\" class=\"wp-image-7633 alignleft\" src=\"http:\/\/www.ve-global.org\/wp-content\/uploads\/2012\/08\/Organizaciones-colaboradoras.png\" alt=\"\" width=\"205\" height=\"71\" srcset=\"http:\/\/www.ve-global.org\/wp-content\/uploads\/2012\/08\/Organizaciones-colaboradoras.png 325w, http:\/\/www.ve-global.org\/wp-content\/uploads\/2012\/08\/Organizaciones-colaboradoras-300x103.png 300w, http:\/\/www.ve-global.org\/wp-content\/uploads\/2012\/08\/Organizaciones-colaboradoras-195x67.png 195w, http:\/\/www.ve-global.org\/wp-content\/uploads\/2012\/08\/Organizaciones-colaboradoras-320x112.png 320w\" sizes=\"auto, (max-width: 205px) 100vw, 205px\" \/><\/a>\r\n\r\n<a href=\"http:\/\/www.ve-global.org\/es\/donar\/quienes-apoyan-a-ve-global\/\"><img loading=\"lazy\" decoding=\"async\" class=\"wp-image-7631 alignleft\" src=\"http:\/\/www.ve-global.org\/wp-content\/uploads\/2012\/08\/Alianzas-y-ong.png\" alt=\"\" width=\"202\" height=\"70\" srcset=\"http:\/\/www.ve-global.org\/wp-content\/uploads\/2012\/08\/Alianzas-y-ong.png 325w, http:\/\/www.ve-global.org\/wp-content\/uploads\/2012\/08\/Alianzas-y-ong-300x104.png 300w, http:\/\/www.ve-global.org\/wp-content\/uploads\/2012\/08\/Alianzas-y-ong-195x68.png 195w, http:\/\/www.ve-global.org\/wp-content\/uploads\/2012\/08\/Alianzas-y-ong-320x113.png 320w\" sizes=\"auto, (max-width: 202px) 100vw, 202px\" \/><\/a>\r\n\r\n<a href=\"http:\/\/www.ve-global.org\/es\/donar\/\"><img loading=\"lazy\" decoding=\"async\" class=\" wp-image-7628 alignleft\" src=\"http:\/\/www.ve-global.org\/wp-content\/uploads\/2012\/08\/Donar.png\" alt=\"\" width=\"206\" height=\"71\" srcset=\"http:\/\/www.ve-global.org\/wp-content\/uploads\/2012\/08\/Donar.png 325w, http:\/\/www.ve-global.org\/wp-content\/uploads\/2012\/08\/Donar-300x103.png 300w, http:\/\/www.ve-global.org\/wp-content\/uploads\/2012\/08\/Donar-195x67.png 195w, http:\/\/www.ve-global.org\/wp-content\/uploads\/2012\/08\/Donar-320x112.png 320w\" sizes=\"auto, (max-width: 206px) 100vw, 206px\" \/><\/a>\r\n\r\n&nbsp;\r\n\r\n&nbsp;\r\n\r\n&nbsp;\r\n\r\n&nbsp;\r\n\r\n&nbsp;\r\n\r\n&nbsp;\r\n\r\n<div class=\"divider divider-solid\"><\/div>\n<p style=\"text-align: justify;\"><div class=\"column grid_6\"><\/p>\n<h2>\u00bfQui\u00e9nes somos?<\/h2>\n<p style=\"text-align: justify;\"><strong>VE<\/strong> <strong>Global (VE)<\/strong> recluta, capacita y organiza voluntarios alrededor del mundo a fin de lograr nuestra misi\u00f3n, la cual es fomentar el desarrollo positivo de ni\u00f1os en situaciones de riesgo social en Santiago de Chile. VE ha logrado integrar cerca de 450 voluntarios desde m\u00e1s de 35 pa\u00edses y con un compromiso de tiempo completo, a nuestra red de seis centros de asistencia social, incluyendo hogares para ni\u00f1os, centros comunitarios y escuelas de las comunas m\u00e1s vulnerables de Santiago.<\/p>\n<p>\n<\/div><br \/>\n<div class=\"column grid_6 last\"><\/p>\n<h2>\u00bfQu\u00e9 hacemos?<\/h2>\n<p style=\"text-align: justify;\">Con un promedio de 15 voluntarios de tiempo completo en terreno y dos miembros del equipo administrativo, VE ofrece mas de 40.000 horas de apoyo voluntario anualmente, y servimos a m\u00e1s de 200 ni\u00f1os diarios. VE se esfuerza en contribuir a formar un futuro m\u00e1s brillante tanto para los ni\u00f1os como para los voluntarios que trabajan con ellos, una meta alcanzada a trav\u00e9s de la capacitaci\u00f3n profesional de los voluntarios que los convierte en en educadores y modelos de conducta en el presente y futuro.<\/p>\n<p>\n<\/div><div class=\"clear\"><\/div><div class=\"clear\"><\/div>[\/raw]<br \/>\n<div class=\"divider divider-solid\"><\/div><br \/>\n<div class=\"column grid_6\"><p><a href=\"http:\/\/www.ve-global.org\/es\/wine-burgers-evento-beneficio\/\"><br \/>\n<\/a><\/p>\n<h2>Nuestro Video 2017!<\/h2>\n<div class=\"themeblvd-video-wrapper\">\n<div class=\"video-inner\"><iframe loading=\"lazy\" width=\"940\" height=\"529\" src=\"https:\/\/www.youtube.com\/embed\/CjoLrutmfqo?feature=oembed&#038;wmode=transparent\" frameborder=\"0\" allowfullscreen><\/iframe><\/div>\n<\/div>\n<p>\n<\/div><br \/>\n<div class=\"column grid_6 last\"><p>\n<a href=\"https:\/\/www.paypal.com\/cgi-bin\/webscr?cmd=_s-xclick&amp;hosted_button_id=4BNSAS3HPQF2A\"><img loading=\"lazy\" decoding=\"async\" class=\"aligncenter wp-image-7451\" src=\"http:\/\/www.ve-global.org\/wp-content\/uploads\/2012\/08\/Hazte-socio.png\" alt=\"\" width=\"309\" height=\"329\" srcset=\"http:\/\/www.ve-global.org\/wp-content\/uploads\/2012\/08\/Hazte-socio.png 450w, http:\/\/www.ve-global.org\/wp-content\/uploads\/2012\/08\/Hazte-socio-281x300.png 281w, http:\/\/www.ve-global.org\/wp-content\/uploads\/2012\/08\/Hazte-socio-183x195.png 183w\" sizes=\"auto, (max-width: 309px) 100vw, 309px\" \/><\/a><\/p>\n<p>\n<\/div><div class=\"clear\"><\/div><div class=\"clear\"><\/div><br \/>\n<div class=\"divider divider-solid\"><\/div><\/p>\n<div class=\"column grid_6\"><h2>Modelos de Vida. Educadores. Justicia Social.<\/h2>\n<h4>La escaladora profesional, Paige Claassen, viaj\u00f3 por el mundo un a\u00f1o entero, colaborando con varias causas sociales gracias al patrocinio y apoyo de Marmot. En Chile, Paige apoy\u00f3 a VE Global.<\/h4>\n<h4>Ve a Paige y Josh Pilz, Ex Director Ejecutivo de VE, explicar el trabajo de VE Global gracias a su giro por Chile en el tour LeadNow.<\/h4>\n<\/div><div class=\"column grid_6 last\"><p><iframe loading=\"lazy\" src=\"\/\/player.vimeo.com\/video\/90340387?title=0&amp;byline=0&amp;portrait=0&amp;color=ff9933\" width=\"450\" height=\"253\" frameborder=\"0\" allowfullscreen=\"allowfullscreen\" data-mce-fragment=\"1\"><\/iframe><\/p>\n<\/div><div class=\"clear\"><\/div><div class=\"clear\"><\/div>\r\n<div class=\"column grid_3\"><h3>D\u00f3nde Trabajamos<\/h3>\n<p><img loading=\"lazy\" decoding=\"async\" class=\"pretty aligncenter\" title=\"Voluntarios de VE Global Ayudan\" src=\"http:\/\/ve-global.org\/wp-content\/uploads\/2012\/08\/Magnifying-Glass-VE-Global.jpg\" alt=\"Voluntarios de VE Global Ayudan\" width=\"240\" height=\"150\" \/><\/p>\n<p>Colaboramos con una red de 6 hogares de ni\u00f1os y ni\u00f1as, centros comunitarios, escuelas y jardines infantiles.<br \/>\n<a href=\"http:\/\/ve-global.org\/es\/quienes-somos\/donde-trabajamos\/ \" title=\"Aprende m\u00e1s\" class=\"btn blue btn-sm btn-shortcode\" target=\"_self\">Aprende m\u00e1s<\/a><\/p>\n<\/div>\r\n\r\n<div class=\"column grid_3\"><h3>Listo para comenzar<\/h3>\n<p><img loading=\"lazy\" decoding=\"async\" class=\"pretty aligncenter\" title=\"\u00bfListo para ser voluntario de VE Global?\" src=\"http:\/\/ve-global.org\/wp-content\/uploads\/2012\/08\/Bushra-VE-Global.jpg\" alt=\"\u00bfListo para ser voluntario de VE Global?\" width=\"240\" height=\"150\" \/><\/p>\n<p style=\"text-align: justify;\">Nuestros voluntarios tienen un compromiso m\u00ednimo de 4 meses \u00bfTe animas a marcar una diferencia en la vida de ni\u00f1os en Santiago? Empieza ahora con tu postulaci\u00f3n en l\u00ednea.<\/p>\n<p><a href=\"http:\/\/ve-global.org\/es\/se-voluntario\/detalles-y-requisitos-del-programa\/\" title=\"\u00a1Comienza Ya!\" class=\"btn blue btn-sm btn-shortcode\" target=\"_self\">\u00a1Comienza Ya!<\/a><\/p>\n<\/div>\r\n<div class=\"column grid_3\"><h3>\u00a1Ap\u00f3yanos!<\/h3>\n<p><img loading=\"lazy\" decoding=\"async\" class=\"pretty aligncenter\" title=\"Puedes ayudar a VE Global\" src=\"http:\/\/ve-global.org\/wp-content\/uploads\/2012\/08\/Michelle-Domingo-Savio.jpg\" alt=\"Puedes ayudar a VE Global\" width=\"240\" height=\"150\" \/><\/p>\n<p style=\"text-align: justify;\">Nuestros voluntarios y los ni\u00f1os con los que\u00a0trabajamos necesitan tu apoyo. Ay\u00fadenos a capacitar a los nuevos voluntarios y entregarles las herramientas que necesitan para tener \u00e9xito con los ni\u00f1os.<\/p>\n<p><a href=\"http:\/\/ve-global.org\/es\/donar\/dona-a-ve-global\/ \" title=\"\u00a1Dona Ahora!\" class=\"btn blue btn-sm btn-shortcode\" target=\"_self\">\u00a1Dona Ahora!<\/a><\/p>\n<\/div>\r\n<div class=\"column grid_3 last\"><h3>S\u00edguenos<\/h3>\n<p><img loading=\"lazy\" decoding=\"async\" class=\"pretty aligncenter\" title=\"Follow VE Global\" src=\"http:\/\/www.ve-global.org\/wp-content\/uploads\/2016\/08\/IMG_1683-e1470761395535.jpg\" alt=\"Volunteer with Children\" width=\"243\" height=\"150\" \/><\/p>\n<p style=\"text-align: justify;\">Want to know more about our day-to-day operations? Follow us on Social Media!<\/p>\n<form style=\"display: inline-block;\"><a class=\"twitter-follow-button broken_link\" href=\"https:\/\/twitter.com\/VE_Global\" count=\"false\">Follow @VE_Global<\/a><script src=\"\/\/platform.twitter.com\/widgets.js\" async=\"\" charset=\"utf-8\"><\/script><\/form>\n<p><script src=\"\/\/platform.linkedin.com\/in.js\" type=\"text\/javascript\"><\/script><br \/>\n<script type=\"IN\/FollowCompany\" data-id=\"1049644\"><\/script><\/p>\n<div class=\"fb-follow\" data-href=\"https:\/\/www.facebook.com\/veglobal\" data-layout=\"button\" data-size=\"small\" data-show-faces=\"false\"><\/div>\n<form style=\"display: inline-block;\"><a class=\"ig-b- ig-b-24 broken_link\" href=\"https:\/\/www.instagram.com\/ve_global\/?ref=badge\"><img decoding=\"async\" src=\"\/\/badges.instagram.com\/static\/images\/ig-badge-24.png\" alt=\"Instagram\" \/><\/a><\/form>\n<\/div><div class=\"clear\"><\/div>\r\n<div class=\"clear\"><\/div>\r\n<div class=\"divider divider-solid\"><\/div>\n<h1>Organizaciones Aliadas<\/h1>\n<ul class=\"kiwi-logo-carousel kiwi-logo-carousel-alianzas-y-ongs grayhovercolor align-top col4\"><li style=\"height:75px;\"><a target=\"_blank\" href=\"http:\/\/www.oneworld365.org\/\"><div class=\"helper\" style=\"height:75px; width:100px;\" ><img decoding=\"async\" src=\"http:\/\/www.ve-global.org\/wp-content\/uploads\/2018\/01\/oneworld365_partner_9.jpg\" alt=\"OneWorld365\" title=\"OneWorld365\"><\/div><\/a><\/li><li style=\"height:75px;\" ><div class=\"helper\" style=\"height:75px; width:100px;\" ><img decoding=\"async\" src=\"http:\/\/www.ve-global.org\/wp-content\/uploads\/2017\/06\/imgres.png\" alt=\"ps voluntarios\" title=\"ps voluntarios\" style=\"max-width:100px; padding-left: 1px; padding-right:1px\" ><\/div><\/li><li style=\"height:75px;\"><a target=\"_blank\" href=\"http:\/\/www.fundaciontrascender.cl\/\"><div class=\"helper\" style=\"height:75px; width:100px;\" ><img decoding=\"async\" src=\"http:\/\/www.ve-global.org\/wp-content\/uploads\/2018\/04\/Fundaci\u00f3n-Trascender.png\" alt=\"\" title=\"\"><\/div><\/a><\/li><li style=\"height:75px;\"><a target=\"_blank\" href=\"http:\/\/www.volunteersouthamerica.net\/\"><div class=\"helper\" style=\"height:75px; width:100px;\" ><img decoding=\"async\" src=\"http:\/\/www.ve-global.org\/wp-content\/uploads\/2018\/07\/vsa_logo_trans.png\" alt=\"Volunteer South America\" title=\"Volunteer South America\"><\/div><\/a><\/li><li style=\"height:75px;\" ><div class=\"helper\" style=\"height:75px; width:100px;\" ><img decoding=\"async\" src=\"http:\/\/www.ve-global.org\/wp-content\/uploads\/2017\/04\/imgres.png\" alt=\"\" title=\"\" style=\"max-width:100px; padding-left: 1px; padding-right:1px\" ><\/div><\/li><li style=\"height:75px;\"><a target=\"_blank\" href=\"http:\/\/www.fundacioncolunga.org\/\"><div class=\"helper\" style=\"height:75px; width:100px;\" ><img decoding=\"async\" src=\"http:\/\/www.ve-global.org\/wp-content\/uploads\/2017\/02\/COlunga.jpg\" alt=\"Logo 2\" title=\"Logo 2\"><\/div><\/a><\/li><li style=\"height:75px;\"><a target=\"_blank\" href=\"http:\/\/www.chilevoluntario.cl\/\"><div class=\"helper\" style=\"height:75px; width:100px;\" ><img decoding=\"async\" src=\"http:\/\/www.ve-global.org\/wp-content\/uploads\/2017\/02\/Voluntarios-de-chile.jpg\" alt=\"Logo 3\" title=\"Logo 3\"><\/div><\/a><\/li><li style=\"height:75px;\"><a target=\"_blank\" href=\"http:\/\/www.proyectob.cl\/\"><div class=\"helper\" style=\"height:75px; width:100px;\" ><img decoding=\"async\" src=\"http:\/\/www.ve-global.org\/wp-content\/uploads\/2017\/02\/images.jpg\" alt=\"Logo 4\" title=\"Logo 4\"><\/div><\/a><\/li><li style=\"height:75px;\"><a target=\"_blank\" href=\"https:\/\/www.chile-central.com\/es\/\"><div class=\"helper\" style=\"height:75px; width:100px;\" ><img decoding=\"async\" src=\"http:\/\/www.ve-global.org\/wp-content\/uploads\/2017\/02\/Chile-Central.png\" alt=\"Logo 6\" title=\"Logo 6\"><\/div><\/a><\/li><li style=\"height:75px;\"><a target=\"_blank\" href=\"http:\/\/www.orphanedstarfish.org\/\"><div class=\"helper\" style=\"height:75px; width:100px;\" ><img decoding=\"async\" src=\"http:\/\/www.ve-global.org\/wp-content\/uploads\/2017\/02\/The-orphaned.png\" alt=\"Logo 7\" title=\"Logo 7\"><\/div><\/a><\/li><li style=\"height:75px;\"><a target=\"_blank\" href=\"http:\/\/www.duoc.cl\/adm\/\"><div class=\"helper\" style=\"height:75px; width:100px;\" ><img decoding=\"async\" src=\"http:\/\/www.ve-global.org\/wp-content\/uploads\/2017\/02\/Duoc-UC.jpg\" alt=\"Logo 8\" title=\"Logo 8\"><\/div><\/a><\/li><li style=\"height:75px;\"><a target=\"_blank\" href=\"http:\/\/www.uc.cl\/\"><div class=\"helper\" style=\"height:75px; width:100px;\" ><img decoding=\"async\" src=\"http:\/\/www.ve-global.org\/wp-content\/uploads\/2017\/02\/PUC.jpg\" alt=\"Logo 9\" title=\"Logo 9\"><\/div><\/a><\/li><li style=\"height:75px;\"><a target=\"_blank\" href=\"http:\/\/www.uniacc.cl\/\"><div class=\"helper\" style=\"height:75px; width:100px;\" ><img decoding=\"async\" src=\"http:\/\/www.ve-global.org\/wp-content\/uploads\/2017\/02\/uniacc.jpg\" alt=\"Logo 10\" title=\"Logo 10\"><\/div><\/a><\/li><li style=\"height:75px;\"><a target=\"_blank\" href=\"http:\/\/www.ideasparalainfancia.com\/\"><div class=\"helper\" style=\"height:75px; width:100px;\" ><img decoding=\"async\" src=\"http:\/\/www.ve-global.org\/wp-content\/uploads\/2017\/02\/Ideas-para-la-infancia.png\" alt=\"Logo 11\" title=\"Logo 11\"><\/div><\/a><\/li><li style=\"height:75px;\"><a target=\"_blank\" href=\"http:\/\/www.inacap.cl\/portal\"><div class=\"helper\" style=\"height:75px; width:100px;\" ><img decoding=\"async\" src=\"http:\/\/www.ve-global.org\/wp-content\/uploads\/2017\/02\/Inacap.png\" alt=\"Logo 12\" title=\"Logo 12\"><\/div><\/a><\/li><li style=\"height:75px;\"><a target=\"_blank\" href=\"http:\/\/www.crearte.cl\/\"><div class=\"helper\" style=\"height:75px; width:100px;\" ><img decoding=\"async\" src=\"http:\/\/www.ve-global.org\/wp-content\/uploads\/2017\/02\/Crearte.png\" alt=\"Logo 13\" title=\"Logo 13\"><\/div><\/a><\/li><\/ul>\n<p>&nbsp;<\/p>\n<h1>Socios Corporativos<\/h1>\n<ul class=\"kiwi-logo-carousel kiwi-logo-carousel-apoyo-corporativo grayhovercolor align-top col4\"><li style=\"height:75px;\"><a target=\"_blank\" href=\"http:\/\/www.musicflowteaching.com\/\"><div class=\"helper\" style=\"height:75px; width:100px;\" ><img decoding=\"async\" src=\"http:\/\/www.ve-global.org\/wp-content\/uploads\/2017\/02\/Music-FLow.jpg\" alt=\"Logo 3 empresas\" title=\"Logo 3 empresas\"><\/div><\/a><\/li><li style=\"height:75px;\"><a target=\"_blank\" href=\"https:\/\/www.pengwine.com\/\"><div class=\"helper\" style=\"height:75px; width:100px;\" ><img decoding=\"async\" src=\"http:\/\/www.ve-global.org\/wp-content\/uploads\/2012\/09\/Pengwine-Logo.jpg\" alt=\"Logo 4 empresa\" title=\"Logo 4 empresa\"><\/div><\/a><\/li><li style=\"height:75px;\"><a target=\"_blank\" href=\"https:\/\/www.facebook.com\/Espacio-Vegano-1499307557031266\/\"><div class=\"helper\" style=\"height:75px; width:100px;\" ><img decoding=\"async\" src=\"http:\/\/www.ve-global.org\/wp-content\/uploads\/2016\/07\/espacio-vegano.jpg\" alt=\"Logo 5 empresa\" title=\"Logo 5 empresa\"><\/div><\/a><\/li><li style=\"height:75px;\"><a target=\"_blank\" href=\"https:\/\/www.facebook.com\/lamanzanaconfitada\/\"><div class=\"helper\" style=\"height:75px; width:100px;\" ><img decoding=\"async\" src=\"http:\/\/www.ve-global.org\/wp-content\/uploads\/2012\/08\/manzana-confitada_logo.png\" alt=\"Logo 6 empresas\" title=\"Logo 6 empresas\"><\/div><\/a><\/li><li style=\"height:75px;\"><a target=\"_blank\" href=\"http:\/\/www.lalaleelu.cl\/\"><div class=\"helper\" style=\"height:75px; width:100px;\" ><img decoding=\"async\" src=\"http:\/\/www.ve-global.org\/wp-content\/uploads\/2016\/07\/lala-leelu.png\" alt=\"Logo 7 empresas\" title=\"Logo 7 empresas\"><\/div><\/a><\/li><li style=\"height:75px;\"><a target=\"_blank\" href=\"http:\/\/www.tandemsantiago.cl\/\"><div class=\"helper\" style=\"height:75px; width:100px;\" ><img decoding=\"async\" src=\"http:\/\/www.ve-global.org\/wp-content\/uploads\/2012\/05\/tandem.jpg\" alt=\"Logo 8 empresas\" title=\"Logo 8 empresas\"><\/div><\/a><\/li><li style=\"height:75px;\"><a target=\"_blank\" href=\"https:\/\/www.keteka.com\/\"><div class=\"helper\" style=\"height:75px; width:100px;\" ><img decoding=\"async\" src=\"http:\/\/www.ve-global.org\/wp-content\/uploads\/2012\/08\/keteka_logo.png\" alt=\"Logo 9 empresas\" title=\"Logo 9 empresas\"><\/div><\/a><\/li><li style=\"height:75px;\"><a target=\"_blank\" href=\"http:\/\/www.coloranimal.cl\/\"><div class=\"helper\" style=\"height:75px; width:100px;\" ><img decoding=\"async\" src=\"http:\/\/www.ve-global.org\/wp-content\/uploads\/2016\/09\/color-animal.jpg\" alt=\"Logo 10 empresas\" title=\"Logo 10 empresas\"><\/div><\/a><\/li><li style=\"height:75px;\"><a target=\"_blank\" href=\"http:\/\/www.americantower.cl\/es\/index.htm\"><div class=\"helper\" style=\"height:75px; width:100px;\" ><img decoding=\"async\" src=\"http:\/\/www.ve-global.org\/wp-content\/uploads\/2017\/02\/descarga.png\" alt=\"Logo 11 empresas\" title=\"Logo 11 empresas\"><\/div><\/a><\/li><li style=\"height:75px;\"><a target=\"_blank\" href=\"https:\/\/www.ibm.com\/cl-es\/\"><div class=\"helper\" style=\"height:75px; width:100px;\" ><img decoding=\"async\" src=\"http:\/\/www.ve-global.org\/wp-content\/uploads\/2012\/08\/2000px-IBM_logo.svg_.png\" alt=\"logo 12 empresas\" title=\"logo 12 empresas\"><\/div><\/a><\/li><li style=\"height:75px;\"><a target=\"_blank\" href=\"http:\/\/www.samsung.com\/cl\/\"><div class=\"helper\" style=\"height:75px; width:100px;\" ><img decoding=\"async\" src=\"http:\/\/www.ve-global.org\/wp-content\/uploads\/2012\/08\/samsung-logo-wordmark-rgb.png\" alt=\"logo 13 empresas\" title=\"logo 13 empresas\"><\/div><\/a><\/li><li style=\"height:75px;\"><a target=\"_blank\" href=\"http:\/\/www.mbabogados.eu\/tag\/mb-abogados\/\"><div class=\"helper\" style=\"height:75px; width:100px;\" ><img decoding=\"async\" src=\"http:\/\/www.ve-global.org\/wp-content\/uploads\/2017\/02\/LOGO_MB_ABOGADOS_72dpi.png\" alt=\"Logo 14 empresas\" title=\"Logo 14 empresas\"><\/div><\/a><\/li><li style=\"height:75px;\"><a target=\"_blank\" href=\"http:\/\/likepint.cl\/\"><div class=\"helper\" style=\"height:75px; width:100px;\" ><img decoding=\"async\" src=\"http:\/\/www.ve-global.org\/wp-content\/uploads\/2012\/08\/LIKEPINT.png\" alt=\"Logo 15 empresas\" title=\"Logo 15 empresas\"><\/div><\/a><\/li><li style=\"height:75px;\"><a target=\"_blank\" href=\"https:\/\/upload.wikimedia.org\/wikipedia\/commons\/9\/99\/DNB_ASA.png\"><div class=\"helper\" style=\"height:75px; width:100px;\" ><img decoding=\"async\" src=\"http:\/\/www.ve-global.org\/wp-content\/uploads\/2017\/06\/imgres.jpg\" alt=\"dnb\" title=\"dnb\"><\/div><\/a><\/li><li style=\"height:75px;\"><a target=\"_blank\" href=\"http:\/\/hostalprovidencia.com\/es\/\"><div class=\"helper\" style=\"height:75px; width:100px;\" ><img decoding=\"async\" src=\"http:\/\/www.ve-global.org\/wp-content\/uploads\/2017\/03\/Hostal-providencia.png\" alt=\"Hostal Providencia\" title=\"Hostal Providencia\"><\/div><\/a><\/li><li style=\"height:75px;\"><a target=\"_blank\" href=\"http:\/\/www.hostalforestal.com\/\"><div class=\"helper\" style=\"height:75px; width:100px;\" ><img decoding=\"async\" src=\"http:\/\/www.ve-global.org\/wp-content\/uploads\/2017\/03\/LogoForestal_Final.png\" alt=\"Hostal Forestal\" title=\"Hostal Forestal\"><\/div><\/a><\/li><li style=\"height:75px;\" ><div class=\"helper\" style=\"height:75px; width:100px;\" ><img decoding=\"async\" src=\"http:\/\/www.ve-global.org\/wp-content\/uploads\/2017\/04\/recent-godrej-logo-design.png\" alt=\"\" title=\"\" style=\"max-width:100px; padding-left: 1px; padding-right:1px\" ><\/div><\/li><li style=\"height:75px;\" ><div class=\"helper\" style=\"height:75px; width:100px;\" ><img decoding=\"async\" src=\"http:\/\/www.ve-global.org\/wp-content\/uploads\/2017\/04\/turbus-logo.png\" alt=\"\" title=\"\" style=\"max-width:100px; padding-left: 1px; padding-right:1px\" ><\/div><\/li><li style=\"height:75px;\"><a target=\"_blank\" href=\"http:\/\/www.erickayser.cl\/\"><div class=\"helper\" style=\"height:75px; width:100px;\" ><img decoding=\"async\" src=\"http:\/\/www.ve-global.org\/wp-content\/uploads\/2017\/02\/eric-kayser.jpg\" alt=\"Logo 1 empresas\" title=\"Logo 1 empresas\"><\/div><\/a><\/li><li style=\"height:75px;\"><a target=\"_blank\" href=\"http:\/\/www.tallereslumen.cl\/\"><div class=\"helper\" style=\"height:75px; width:100px;\" ><img decoding=\"async\" src=\"http:\/\/www.ve-global.org\/wp-content\/uploads\/2017\/02\/logo-lumen.jpg\" alt=\"Logo 2 empresas\" title=\"Logo 2 empresas\"><\/div><\/a><\/li><\/ul>\n<p>&nbsp;<\/p>\n","protected":false},"excerpt":{"rendered":"<p>&nbsp; &nbsp; &nbsp; &nbsp; &nbsp; &nbsp; [\/raw] Organizaciones Aliadas &nbsp; Socios Corporativos &nbsp;<\/p>\n","protected":false},"author":8,"featured_media":0,"parent":0,"menu_order":0,"comment_status":"open","ping_status":"closed","template":"template_builder.php","meta":{"footnotes":""},"class_list":["post-34","page","type-page","status-publish","hentry"],"_links":{"self":[{"href":"http:\/\/www.ve-global.org\/es\/wp-json\/wp\/v2\/pages\/34","targetHints":{"allow":["GET"]}}],"collection":[{"href":"http:\/\/www.ve-global.org\/es\/wp-json\/wp\/v2\/pages"}],"about":[{"href":"http:\/\/www.ve-global.org\/es\/wp-json\/wp\/v2\/types\/page"}],"author":[{"embeddable":true,"href":"http:\/\/www.ve-global.org\/es\/wp-json\/wp\/v2\/users\/8"}],"replies":[{"embeddable":true,"href":"http:\/\/www.ve-global.org\/es\/wp-json\/wp\/v2\/comments?post=34"}],"version-history":[{"count":135,"href":"http:\/\/www.ve-global.org\/es\/wp-json\/wp\/v2\/pages\/34\/revisions"}],"predecessor-version":[{"id":8250,"href":"http:\/\/www.ve-global.org\/es\/wp-json\/wp\/v2\/pages\/34\/revisions\/8250"}],"wp:attachment":[{"href":"http:\/\/www.ve-global.org\/es\/wp-json\/wp\/v2\/media?parent=34"}],"curies":[{"name":"wp","href":"https:\/\/api.w.org\/{rel}","templated":true}]}}