{"id":124,"date":"2012-08-24T11:25:31","date_gmt":"2012-08-24T15:25:31","guid":{"rendered":"http:\/\/new.voluntariosesperanza.org\/?page_id=124"},"modified":"2017-10-17T16:00:40","modified_gmt":"2017-10-17T19:00:40","slug":"mision","status":"publish","type":"page","link":"http:\/\/www.ve-global.org\/es\/quienes-somos\/mision\/","title":{"rendered":"Misi\u00f3n"},"content":{"rendered":"<h1>Misi\u00f3n<\/h1>\n<p>Promovemos el desarrollo de ni\u00f1os en situaci\u00f3n de riesgo social en Chile, mediante la preparaci\u00f3n de voluntarios para que sean modelos positivos de vida, cumplan un rol formativo y aboguen por la justicia social.<\/p>\n<h2>Para lograr nuestra misi\u00f3n, nosotros:<\/h2>\n<p><i class=\"fa fa-asterisk\" style=\"font-size: 2em;color: #95ba21;\"><\/i>Creamos e implementamos programas educativos y recreativos para los ni\u00f1os, ni\u00f1as y adolescentes con los cuales trabajamos.<\/p>\n<p><i class=\"fa fa-asterisk\" style=\"font-size: 2em;color: #95ba21;\"><\/i>Desarrollamos en los voluntarios habilidades de liderazgo y tutorado durante el compromiso a largo plazo que asumen.<\/p>\n<p><i class=\"fa fa-asterisk\" style=\"font-size: 2em;color: #95ba21;\"><\/i>Colaboramos con las organizaciones que brindan servicios a los ni\u00f1os, ofreciendo programas complementarios, mostrando nuevas oportunidades, apoyando la recaudaci\u00f3n de fondos y el desarrollo de capital social.<\/p>\n<p><i class=\"fa fa-asterisk\" style=\"font-size: 2em;color: #95ba21;\"><\/i>Motivamos la creaci\u00f3n de una red mundial de antiguos voluntarios para que comprometan a sus comunidades locales en el trabajo por la justicia social de los ni\u00f1os.<\/p>\n<div class=\"divider divider-shadow\"><\/div>\n<h1>Valores<\/h1>\n<p><i class=\"fa fa-dot-circle-o\" style=\"font-size: 2em;color: #95ba21;\"><\/i> <strong>Comunidad:<\/strong> Construimos una familia global proactiva, de mentalidad social a trav\u00e9s del respeto, el apoyo y la inclusi\u00f3n.<\/p>\n<p><i class=\"fa fa-dot-circle-o\" style=\"font-size: 2em;color: #95ba21;\"><\/i> <strong>Potenciamiento:<\/strong> Creamos oportunidades para todos dentro de nuestra comunidad para aprender, crecer y desafiarse a s\u00ed mismos. Proporcionamos herramientas y conocimiento para fomentar y maximizar el potencial.<\/p>\n<p><i class=\"fa fa-dot-circle-o\" style=\"font-size: 2em;color: #95ba21;\"><\/i> <strong>Positividad:<\/strong> Cultivamos el cambio con previsi\u00f3n, optimismo y \u00e1nimo.<\/p>\n<p><i class=\"fa fa-dot-circle-o\" style=\"font-size: 2em;color: #95ba21;\"><\/i> <strong>Responsabilidad:<\/strong> Gestionamos nuestros recursos de manera eficiente para asegurar un impacto social sostenible.<\/p>\n<p><i class=\"fa fa-dot-circle-o\" style=\"font-size: 2em;color: #95ba21;\"><\/i> <strong>Integridad:<\/strong> Creemos en la sinceridad, la honestidad y el poder de nuestras palabras y acciones.<\/p>\n<div class=\"divider divider-shadow\"><\/div>\n<p><a href=\"http:\/\/www.globalgoals.org\/\"><img loading=\"lazy\" decoding=\"async\" class=\"alignleft size-full wp-image-6825\" src=\"http:\/\/www.ve-global.org\/wp-content\/uploads\/2012\/08\/Ve_global_goals.gif\" alt=\"global goals\" width=\"150\" height=\"150\" \/><\/a><\/p>\n<p align=\"center\"><a href=\"http:\/\/www.ve-global.org\/es\/donar\/dona-a-ve-global\/\"><img loading=\"lazy\" decoding=\"async\" class=\"alignnone\" src=\"http:\/\/ve-global.org\/wp-content\/uploads\/2014\/09\/Dona-Ahora-Button.png\" alt=\"\" width=\"200\" height=\"50\" \/><\/a>\u00a0 \u00a0 \u00a0<a href=\"http:\/\/ve-global.org\/newsletter\/\"><img loading=\"lazy\" decoding=\"async\" class=\"alignnone wp-image-3860 size-full\" src=\"http:\/\/ve-global.org\/wp-content\/uploads\/2014\/10\/Boletin-Mensual-VE-Global-Button.png\" alt=\"Boletin-Mensual-VE-Global-Button\" width=\"200\" height=\"50\" srcset=\"http:\/\/www.ve-global.org\/wp-content\/uploads\/2014\/10\/Boletin-Mensual-VE-Global-Button.png 200w, http:\/\/www.ve-global.org\/wp-content\/uploads\/2014\/10\/Boletin-Mensual-VE-Global-Button-195x48.png 195w\" sizes=\"auto, (max-width: 200px) 100vw, 200px\" \/><\/a><\/p>\n","protected":false},"excerpt":{"rendered":"<p>Misi\u00f3n Promovemos el desarrollo de ni\u00f1os en situaci\u00f3n de riesgo social en Chile, mediante la preparaci\u00f3n de voluntarios para que sean modelos positivos de vida, cumplan un rol formativo y aboguen por la justicia social. Para lograr nuestra misi\u00f3n, nosotros: Creamos e implementamos programas educativos y recreativos para los ni\u00f1os, ni\u00f1as y adolescentes con los [&hellip;]<\/p>\n","protected":false},"author":4,"featured_media":0,"parent":114,"menu_order":0,"comment_status":"open","ping_status":"open","template":"template_builder.php","meta":{"footnotes":""},"class_list":["post-124","page","type-page","status-publish","hentry"],"_links":{"self":[{"href":"http:\/\/www.ve-global.org\/es\/wp-json\/wp\/v2\/pages\/124","targetHints":{"allow":["GET"]}}],"collection":[{"href":"http:\/\/www.ve-global.org\/es\/wp-json\/wp\/v2\/pages"}],"about":[{"href":"http:\/\/www.ve-global.org\/es\/wp-json\/wp\/v2\/types\/page"}],"author":[{"embeddable":true,"href":"http:\/\/www.ve-global.org\/es\/wp-json\/wp\/v2\/users\/4"}],"replies":[{"embeddable":true,"href":"http:\/\/www.ve-global.org\/es\/wp-json\/wp\/v2\/comments?post=124"}],"version-history":[{"count":26,"href":"http:\/\/www.ve-global.org\/es\/wp-json\/wp\/v2\/pages\/124\/revisions"}],"predecessor-version":[{"id":8349,"href":"http:\/\/www.ve-global.org\/es\/wp-json\/wp\/v2\/pages\/124\/revisions\/8349"}],"up":[{"embeddable":true,"href":"http:\/\/www.ve-global.org\/es\/wp-json\/wp\/v2\/pages\/114"}],"wp:attachment":[{"href":"http:\/\/www.ve-global.org\/es\/wp-json\/wp\/v2\/media?parent=124"}],"curies":[{"name":"wp","href":"https:\/\/api.w.org\/{rel}","templated":true}]}}