{"id":118,"date":"2012-08-24T11:06:29","date_gmt":"2012-08-24T15:06:29","guid":{"rendered":"http:\/\/new.voluntariosesperanza.org\/?page_id=118"},"modified":"2017-10-31T11:57:50","modified_gmt":"2017-10-31T14:57:50","slug":"se-voluntario","status":"publish","type":"page","link":"http:\/\/www.ve-global.org\/es\/se-voluntario\/","title":{"rendered":"Voluntariado y Pr\u00e1cticas"},"content":{"rendered":"<h1 style=\"text-align: center;\">\u00bfPor qu\u00e9 postular a VE?<\/h1>\n<p><img loading=\"lazy\" decoding=\"async\" class=\"wp-image-8303 aligncenter\" src=\"http:\/\/www.ve-global.org\/wp-content\/uploads\/2012\/08\/VE-1024x688.jpeg\" alt=\"\" width=\"334\" height=\"224\" srcset=\"http:\/\/www.ve-global.org\/wp-content\/uploads\/2012\/08\/VE-1024x688.jpeg 1024w, http:\/\/www.ve-global.org\/wp-content\/uploads\/2012\/08\/VE-300x202.jpeg 300w, http:\/\/www.ve-global.org\/wp-content\/uploads\/2012\/08\/VE-768x516.jpeg 768w, http:\/\/www.ve-global.org\/wp-content\/uploads\/2012\/08\/VE-940x632.jpeg 940w, http:\/\/www.ve-global.org\/wp-content\/uploads\/2012\/08\/VE-620x417.jpeg 620w, http:\/\/www.ve-global.org\/wp-content\/uploads\/2012\/08\/VE-195x131.jpeg 195w, http:\/\/www.ve-global.org\/wp-content\/uploads\/2012\/08\/VE.jpeg 1280w\" sizes=\"auto, (max-width: 334px) 100vw, 334px\" \/><\/p>\n<p>&nbsp;<\/p>\n<p>El programa de VE Global tiene la particularidad de ser un programa\u00a0<strong>sin tarifa<\/strong>. Cada voluntario recibe:<\/p>\n<p>? M\u00e1s de 100 horas de formaci\u00f3n en 4 meses<\/p>\n<p>? 10 d\u00edas de orientaci\u00f3n y de formaci\u00f3n inicial en educaci\u00f3n infantil<\/p>\n<p>\u260e\ufe0f24\/7 de apoyo continuo y asistencia en respuesta a emergencias<\/p>\n<p>?Ayuda en la b\u00fasqueda de alojamiento una vez que llegan a Santiago<\/p>\n<p>?Dos d\u00edas de vacaciones por mes trabajado<\/p>\n<p>?Una\u00a0<i>Jornada<\/i>\u00a0a mitad del servicio del voluntario, nuestra versi\u00f3n de un retiro corporativo<\/p>\n<p>?Gu\u00eda y recomendaci\u00f3n importante sobre el ajuste a la vida en Chile y sobre c\u00f3mo administrar el choque cultural<\/p>\n<p>?Camiseta y bolsa de VE Global<\/p>\n<p>&nbsp;<\/p>\n<p>Los voluntarios apoyan activamente a VE en generar recursos recaudando fondos.\u00a0 Aprende m\u00e1s sobre recaudaci\u00f3n de fondos para voluntarios\u00a0<a href=\"http:\/\/www.ve-global.org\/es\/se-voluntario\/sin-cobros-o-gratis\/\">aqui<\/a>.<\/p>\n<p>Esperamos que nuestros voluntarios prosperen siendo defensores de la justicia social despu\u00e9s de la finalizaci\u00f3n de su compromiso voluntario, dondequiera que la vida pueda llevarlos posteriormente.<\/p>\n<p>&nbsp;<\/p>\n<p><a href=\"http:\/\/www.ve-global.org\/es\/se-voluntario\/postula-ya\/formulario-de-postulacion\/\"><img loading=\"lazy\" decoding=\"async\" class=\"aligncenter\" src=\"http:\/\/ve-global.org\/wp-content\/uploads\/2014\/10\/Postula-Ahora-Button-VE-Global.png\" alt=\"\" width=\"200\" height=\"50\" \/><\/a><\/p>\n<p style=\"text-align: justify;\">\n","protected":false},"excerpt":{"rendered":"<p>\u00bfPor qu\u00e9 postular a VE? &nbsp; El programa de VE Global tiene la particularidad de ser un programa\u00a0sin tarifa. Cada voluntario recibe: ? M\u00e1s de 100 horas de formaci\u00f3n en 4 meses ? 10 d\u00edas de orientaci\u00f3n y de formaci\u00f3n inicial en educaci\u00f3n infantil \u260e\ufe0f24\/7 de apoyo continuo y asistencia en respuesta a emergencias ?Ayuda [&hellip;]<\/p>\n","protected":false},"author":4,"featured_media":0,"parent":0,"menu_order":0,"comment_status":"open","ping_status":"open","template":"template_builder.php","meta":{"footnotes":""},"class_list":["post-118","page","type-page","status-publish","hentry"],"_links":{"self":[{"href":"http:\/\/www.ve-global.org\/es\/wp-json\/wp\/v2\/pages\/118","targetHints":{"allow":["GET"]}}],"collection":[{"href":"http:\/\/www.ve-global.org\/es\/wp-json\/wp\/v2\/pages"}],"about":[{"href":"http:\/\/www.ve-global.org\/es\/wp-json\/wp\/v2\/types\/page"}],"author":[{"embeddable":true,"href":"http:\/\/www.ve-global.org\/es\/wp-json\/wp\/v2\/users\/4"}],"replies":[{"embeddable":true,"href":"http:\/\/www.ve-global.org\/es\/wp-json\/wp\/v2\/comments?post=118"}],"version-history":[{"count":18,"href":"http:\/\/www.ve-global.org\/es\/wp-json\/wp\/v2\/pages\/118\/revisions"}],"predecessor-version":[{"id":8396,"href":"http:\/\/www.ve-global.org\/es\/wp-json\/wp\/v2\/pages\/118\/revisions\/8396"}],"wp:attachment":[{"href":"http:\/\/www.ve-global.org\/es\/wp-json\/wp\/v2\/media?parent=118"}],"curies":[{"name":"wp","href":"https:\/\/api.w.org\/{rel}","templated":true}]}}