{"id":114,"date":"2012-08-24T10:59:05","date_gmt":"2012-08-24T14:59:05","guid":{"rendered":"http:\/\/new.voluntariosesperanza.org\/?page_id=114"},"modified":"2017-10-17T15:40:23","modified_gmt":"2017-10-17T18:40:23","slug":"quienes-somos","status":"publish","type":"page","link":"http:\/\/www.ve-global.org\/es\/quienes-somos\/","title":{"rendered":"\u00bfQui\u00e9nes Somos?"},"content":{"rendered":"<h1>Qui\u00e9nes Somos<\/h1>\n<p><a href=\"http:\/\/new.voluntariosesperanza.org\/wp-content\/uploads\/2012\/08\/IMG_6621-2web.jpg\"><img loading=\"lazy\" decoding=\"async\" class=\"size-medium wp-image-1268 alignleft\" title=\"Voluntario de VE con una ni\u00f1a.\" src=\"http:\/\/new.voluntariosesperanza.org\/wp-content\/uploads\/2012\/08\/IMG_6621-2web-199x300.jpg\" alt=\"\" width=\"199\" height=\"300\" srcset=\"http:\/\/www.ve-global.org\/wp-content\/uploads\/2012\/08\/IMG_6621-2web-199x300.jpg 199w, http:\/\/www.ve-global.org\/wp-content\/uploads\/2012\/08\/IMG_6621-2web-129x195.jpg 129w, http:\/\/www.ve-global.org\/wp-content\/uploads\/2012\/08\/IMG_6621-2web.jpg 426w\" sizes=\"auto, (max-width: 199px) 100vw, 199px\" \/><\/a><\/p>\n<p style=\"text-align: justify;\"><em>VE Global (VE) recluta, capacita y organiza voluntarios alrededor del mundo a fin de lograr nuestra misi\u00f3n, la cual es fomentar el desarrollo positivo de ni\u00f1os en situaciones de riesgo social en Santiago de Chile. VE ha logrado integrar cerca de 450 voluntarios desde m\u00e1s de 35 pa\u00edses a nuestra red de seis centros de asistencia social, incluyendo residencias para ni\u00f1os, centros comunitarios y escuelas de las comunas m\u00e1s vulnerables de Santiago. <\/em><\/p>\n<p style=\"text-align: justify;\">Con un promedio de 15 voluntarios de tiempo completo y dos miembros del equipo administrativo, VE ofrece m\u00e1s de 40.000 horas de apoyo voluntario anualmente, y servimos a m\u00e1s de 200 ni\u00f1os diarios.<\/p>\n<p style=\"text-align: justify;\">VE se esfuerza en contribuir a formar un futuro m\u00e1s brillante tanto para los ni\u00f1os como para los voluntarios que trabajan con ellos, una meta alcanzada a trav\u00e9s de la capacitaci\u00f3n profesional de los voluntarios que los convierte en educadores y modelos de conducta.<\/p>\n<div class=\"divider divider-shadow\"><\/div>\n<h2><span style=\"color: #7cc500;\">VE Apoya\u00a0los SDGs<\/span><\/h2>\n<p><img loading=\"lazy\" decoding=\"async\" class=\"alignleft wp-image-7969\" src=\"http:\/\/www.ve-global.org\/wp-content\/uploads\/2012\/08\/Screen-Shot-2017-05-19-at-10.11.59-AM-1.png\" alt=\"\" width=\"510\" height=\"76\" srcset=\"http:\/\/www.ve-global.org\/wp-content\/uploads\/2012\/08\/Screen-Shot-2017-05-19-at-10.11.59-AM-1.png 604w, http:\/\/www.ve-global.org\/wp-content\/uploads\/2012\/08\/Screen-Shot-2017-05-19-at-10.11.59-AM-1-300x45.png 300w, http:\/\/www.ve-global.org\/wp-content\/uploads\/2012\/08\/Screen-Shot-2017-05-19-at-10.11.59-AM-1-600x90.png 600w, http:\/\/www.ve-global.org\/wp-content\/uploads\/2012\/08\/Screen-Shot-2017-05-19-at-10.11.59-AM-1-195x29.png 195w\" sizes=\"auto, (max-width: 510px) 100vw, 510px\" \/><\/p>\n<p>&nbsp;<\/p>\n<p>&nbsp;<\/p>\n<p><img loading=\"lazy\" decoding=\"async\" class=\"alignleft wp-image-7959\" src=\"http:\/\/www.ve-global.org\/wp-content\/uploads\/2012\/08\/S_SDG-goals_icons-individual-rgb-01.png\" alt=\"\" width=\"114\" height=\"114\" srcset=\"http:\/\/www.ve-global.org\/wp-content\/uploads\/2012\/08\/S_SDG-goals_icons-individual-rgb-01.png 300w, http:\/\/www.ve-global.org\/wp-content\/uploads\/2012\/08\/S_SDG-goals_icons-individual-rgb-01-150x150.png 150w, http:\/\/www.ve-global.org\/wp-content\/uploads\/2012\/08\/S_SDG-goals_icons-individual-rgb-01-180x180.png 180w, http:\/\/www.ve-global.org\/wp-content\/uploads\/2012\/08\/S_SDG-goals_icons-individual-rgb-01-195x195.png 195w, http:\/\/www.ve-global.org\/wp-content\/uploads\/2012\/08\/S_SDG-goals_icons-individual-rgb-01-130x130.png 130w, http:\/\/www.ve-global.org\/wp-content\/uploads\/2012\/08\/S_SDG-goals_icons-individual-rgb-01-70x70.png 70w, http:\/\/www.ve-global.org\/wp-content\/uploads\/2012\/08\/S_SDG-goals_icons-individual-rgb-01-45x45.png 45w\" sizes=\"auto, (max-width: 114px) 100vw, 114px\" \/><\/p>\n<p><img loading=\"lazy\" decoding=\"async\" class=\"alignleft wp-image-7961\" src=\"http:\/\/www.ve-global.org\/wp-content\/uploads\/2012\/08\/S_SDG_Icons-01-03.jpg\" alt=\"\" width=\"114\" height=\"114\" srcset=\"http:\/\/www.ve-global.org\/wp-content\/uploads\/2012\/08\/S_SDG_Icons-01-03.jpg 466w, http:\/\/www.ve-global.org\/wp-content\/uploads\/2012\/08\/S_SDG_Icons-01-03-150x150.jpg 150w, http:\/\/www.ve-global.org\/wp-content\/uploads\/2012\/08\/S_SDG_Icons-01-03-300x300.jpg 300w, http:\/\/www.ve-global.org\/wp-content\/uploads\/2012\/08\/S_SDG_Icons-01-03-180x180.jpg 180w, http:\/\/www.ve-global.org\/wp-content\/uploads\/2012\/08\/S_SDG_Icons-01-03-195x195.jpg 195w, http:\/\/www.ve-global.org\/wp-content\/uploads\/2012\/08\/S_SDG_Icons-01-03-130x130.jpg 130w, http:\/\/www.ve-global.org\/wp-content\/uploads\/2012\/08\/S_SDG_Icons-01-03-70x70.jpg 70w, http:\/\/www.ve-global.org\/wp-content\/uploads\/2012\/08\/S_SDG_Icons-01-03-45x45.jpg 45w\" sizes=\"auto, (max-width: 114px) 100vw, 114px\" \/><\/p>\n<p><img loading=\"lazy\" decoding=\"async\" class=\"alignleft wp-image-7962\" src=\"http:\/\/www.ve-global.org\/wp-content\/uploads\/2012\/08\/S_SDG_Icons-01-04.jpg\" alt=\"\" width=\"114\" height=\"114\" srcset=\"http:\/\/www.ve-global.org\/wp-content\/uploads\/2012\/08\/S_SDG_Icons-01-04.jpg 466w, http:\/\/www.ve-global.org\/wp-content\/uploads\/2012\/08\/S_SDG_Icons-01-04-150x150.jpg 150w, http:\/\/www.ve-global.org\/wp-content\/uploads\/2012\/08\/S_SDG_Icons-01-04-300x300.jpg 300w, http:\/\/www.ve-global.org\/wp-content\/uploads\/2012\/08\/S_SDG_Icons-01-04-180x180.jpg 180w, http:\/\/www.ve-global.org\/wp-content\/uploads\/2012\/08\/S_SDG_Icons-01-04-195x195.jpg 195w, http:\/\/www.ve-global.org\/wp-content\/uploads\/2012\/08\/S_SDG_Icons-01-04-130x130.jpg 130w, http:\/\/www.ve-global.org\/wp-content\/uploads\/2012\/08\/S_SDG_Icons-01-04-70x70.jpg 70w, http:\/\/www.ve-global.org\/wp-content\/uploads\/2012\/08\/S_SDG_Icons-01-04-45x45.jpg 45w\" sizes=\"auto, (max-width: 114px) 100vw, 114px\" \/><\/p>\n<p><img loading=\"lazy\" decoding=\"async\" class=\"alignleft wp-image-7963\" src=\"http:\/\/www.ve-global.org\/wp-content\/uploads\/2012\/08\/S_SDG_Icons-01-09.jpg\" alt=\"\" width=\"114\" height=\"114\" srcset=\"http:\/\/www.ve-global.org\/wp-content\/uploads\/2012\/08\/S_SDG_Icons-01-09.jpg 466w, http:\/\/www.ve-global.org\/wp-content\/uploads\/2012\/08\/S_SDG_Icons-01-09-150x150.jpg 150w, http:\/\/www.ve-global.org\/wp-content\/uploads\/2012\/08\/S_SDG_Icons-01-09-300x300.jpg 300w, http:\/\/www.ve-global.org\/wp-content\/uploads\/2012\/08\/S_SDG_Icons-01-09-180x180.jpg 180w, http:\/\/www.ve-global.org\/wp-content\/uploads\/2012\/08\/S_SDG_Icons-01-09-195x195.jpg 195w, http:\/\/www.ve-global.org\/wp-content\/uploads\/2012\/08\/S_SDG_Icons-01-09-130x130.jpg 130w, http:\/\/www.ve-global.org\/wp-content\/uploads\/2012\/08\/S_SDG_Icons-01-09-70x70.jpg 70w, http:\/\/www.ve-global.org\/wp-content\/uploads\/2012\/08\/S_SDG_Icons-01-09-45x45.jpg 45w\" sizes=\"auto, (max-width: 114px) 100vw, 114px\" \/><\/p>\n<p><img loading=\"lazy\" decoding=\"async\" class=\"alignleft wp-image-7964\" src=\"http:\/\/www.ve-global.org\/wp-content\/uploads\/2012\/08\/S_SDG_Icons-01-10-1.jpg\" alt=\"\" width=\"114\" height=\"114\" srcset=\"http:\/\/www.ve-global.org\/wp-content\/uploads\/2012\/08\/S_SDG_Icons-01-10-1.jpg 466w, http:\/\/www.ve-global.org\/wp-content\/uploads\/2012\/08\/S_SDG_Icons-01-10-1-150x150.jpg 150w, http:\/\/www.ve-global.org\/wp-content\/uploads\/2012\/08\/S_SDG_Icons-01-10-1-300x300.jpg 300w, http:\/\/www.ve-global.org\/wp-content\/uploads\/2012\/08\/S_SDG_Icons-01-10-1-180x180.jpg 180w, http:\/\/www.ve-global.org\/wp-content\/uploads\/2012\/08\/S_SDG_Icons-01-10-1-195x195.jpg 195w, http:\/\/www.ve-global.org\/wp-content\/uploads\/2012\/08\/S_SDG_Icons-01-10-1-130x130.jpg 130w, http:\/\/www.ve-global.org\/wp-content\/uploads\/2012\/08\/S_SDG_Icons-01-10-1-70x70.jpg 70w, http:\/\/www.ve-global.org\/wp-content\/uploads\/2012\/08\/S_SDG_Icons-01-10-1-45x45.jpg 45w\" sizes=\"auto, (max-width: 114px) 100vw, 114px\" \/><img loading=\"lazy\" decoding=\"async\" class=\"alignleft wp-image-7965\" src=\"http:\/\/www.ve-global.org\/wp-content\/uploads\/2012\/08\/S_SDG_Icons-01-11-1.jpg\" alt=\"\" width=\"114\" height=\"114\" srcset=\"http:\/\/www.ve-global.org\/wp-content\/uploads\/2012\/08\/S_SDG_Icons-01-11-1.jpg 466w, http:\/\/www.ve-global.org\/wp-content\/uploads\/2012\/08\/S_SDG_Icons-01-11-1-150x150.jpg 150w, http:\/\/www.ve-global.org\/wp-content\/uploads\/2012\/08\/S_SDG_Icons-01-11-1-300x300.jpg 300w, http:\/\/www.ve-global.org\/wp-content\/uploads\/2012\/08\/S_SDG_Icons-01-11-1-180x180.jpg 180w, http:\/\/www.ve-global.org\/wp-content\/uploads\/2012\/08\/S_SDG_Icons-01-11-1-195x195.jpg 195w, http:\/\/www.ve-global.org\/wp-content\/uploads\/2012\/08\/S_SDG_Icons-01-11-1-130x130.jpg 130w, http:\/\/www.ve-global.org\/wp-content\/uploads\/2012\/08\/S_SDG_Icons-01-11-1-70x70.jpg 70w, http:\/\/www.ve-global.org\/wp-content\/uploads\/2012\/08\/S_SDG_Icons-01-11-1-45x45.jpg 45w\" sizes=\"auto, (max-width: 114px) 100vw, 114px\" \/><\/p>\n<p><img loading=\"lazy\" decoding=\"async\" class=\"alignleft wp-image-7966\" src=\"http:\/\/www.ve-global.org\/wp-content\/uploads\/2012\/08\/S_SDG_Icons-01-16.jpg\" alt=\"\" width=\"114\" height=\"114\" srcset=\"http:\/\/www.ve-global.org\/wp-content\/uploads\/2012\/08\/S_SDG_Icons-01-16.jpg 466w, http:\/\/www.ve-global.org\/wp-content\/uploads\/2012\/08\/S_SDG_Icons-01-16-150x150.jpg 150w, http:\/\/www.ve-global.org\/wp-content\/uploads\/2012\/08\/S_SDG_Icons-01-16-300x300.jpg 300w, http:\/\/www.ve-global.org\/wp-content\/uploads\/2012\/08\/S_SDG_Icons-01-16-180x180.jpg 180w, http:\/\/www.ve-global.org\/wp-content\/uploads\/2012\/08\/S_SDG_Icons-01-16-195x195.jpg 195w, http:\/\/www.ve-global.org\/wp-content\/uploads\/2012\/08\/S_SDG_Icons-01-16-130x130.jpg 130w, http:\/\/www.ve-global.org\/wp-content\/uploads\/2012\/08\/S_SDG_Icons-01-16-70x70.jpg 70w, http:\/\/www.ve-global.org\/wp-content\/uploads\/2012\/08\/S_SDG_Icons-01-16-45x45.jpg 45w\" sizes=\"auto, (max-width: 114px) 100vw, 114px\" \/><\/p>\n<p><img loading=\"lazy\" decoding=\"async\" class=\"alignleft wp-image-7967\" src=\"http:\/\/www.ve-global.org\/wp-content\/uploads\/2012\/08\/S_SDG_Icons-01-17.jpg\" alt=\"\" width=\"114\" height=\"114\" srcset=\"http:\/\/www.ve-global.org\/wp-content\/uploads\/2012\/08\/S_SDG_Icons-01-17.jpg 466w, http:\/\/www.ve-global.org\/wp-content\/uploads\/2012\/08\/S_SDG_Icons-01-17-150x150.jpg 150w, http:\/\/www.ve-global.org\/wp-content\/uploads\/2012\/08\/S_SDG_Icons-01-17-300x300.jpg 300w, http:\/\/www.ve-global.org\/wp-content\/uploads\/2012\/08\/S_SDG_Icons-01-17-180x180.jpg 180w, http:\/\/www.ve-global.org\/wp-content\/uploads\/2012\/08\/S_SDG_Icons-01-17-195x195.jpg 195w, http:\/\/www.ve-global.org\/wp-content\/uploads\/2012\/08\/S_SDG_Icons-01-17-130x130.jpg 130w, http:\/\/www.ve-global.org\/wp-content\/uploads\/2012\/08\/S_SDG_Icons-01-17-70x70.jpg 70w, http:\/\/www.ve-global.org\/wp-content\/uploads\/2012\/08\/S_SDG_Icons-01-17-45x45.jpg 45w\" sizes=\"auto, (max-width: 114px) 100vw, 114px\" \/><\/p>\n<p>&nbsp;<\/p>\n<p>&nbsp;<\/p>\n<p>&nbsp;<\/p>\n<p>&nbsp;<\/p>\n<p>&nbsp;<\/p>\n<p>&nbsp;<\/p>\n<p>&nbsp;<\/p>\n<p>&nbsp;<\/p>\n<p>&nbsp;<\/p>\n<p>&nbsp;<\/p>\n\n\t        <div class=\"tb-panel panel panel-default\">\n\t            <div class=\"panel-heading\">\n\t                <a class=\"panel-title\" data-toggle=\"collapse\" data-parent=\"\" href=\"#toggle_203810699869f627f1486c5\">\n\t                    <i class=\"fa fa-plus-circle switch-me\"><\/i> Como apoyamos los SDGs\n\t                <\/a>\n\t            <\/div><!-- .panel-heading (end) -->\n\t            <div id=\"toggle_203810699869f627f1486c5\" class=\"panel-collapse collapse\">\n\t                <div class=\"panel-body\">\n\t                    <p><strong>1.<\/strong>\u00a0La pobreza es c\u00edclica. Ambos programas de VE trabajan para intervenir el c\u00edrculo al entregar a los ni\u00f1os y ni\u00f1as el apoyo emocional y los recursos necesarios para establecer la autoestima y alcanzar su potencial. Cuando ni\u00f1os reciben este tipo de apoyo son menos probables de caer en pobreza.<br \/>\n<strong>3.<\/strong>\u00a0 Cada mes de marzo a noviembre VE organiza la Liga de Deportes para los ni\u00f1os y ni\u00f1as, con el fin de entregarles un espacio donde moverse y promover mensajes de salud y bienestar.\u00a0 Cada Liga se enfoca en un tema diferente, por ejemplo en c\u00f3mo ser un buen amigo o c\u00f3mo proteger el medio ambiente. Adicionalmente, los talleres de voluntarios en las residencias suelen centrarse en temas relacionados a la salud y el bienestar.<br \/>\n<strong>4.<\/strong>\u00a0 Gracias al programa de VE \u00a1Soy Independiente!, adolescentes reciben clases sobre diferentes temas: desde como gestionar los recursos econ\u00f3micos hasta como tener \u00e9xitos en entrevistas de trabajo. Los voluntarios tambi\u00e9n establecen dos iniciativas educativas principales: \u00a1Vamos a Leer! y\u00a0 English in Motion.<br \/>\n<strong>9.<\/strong>\u00a0 VE crea espacios donde las personas de todos los g\u00e9neros son incluidas y tratas indistintamente. Una gran parte de lo que hacen los voluntarios es aumentar la autoestima en los ni\u00f1os con los que trabajan diariamente, lo cual incluye ense\u00f1arles a amar y respetar a si mismo, tanto como a los dem\u00e1s.<br \/>\n<strong>10.<\/strong>\u00a0Hoy en d\u00eda Chile es uno de los pa\u00edses con mayor desigualdad social, lo cual hace nuestro trabajo m\u00e1s importante, ya que entregamos a los ni\u00f1os en riesgo social las herramientas necesarias para tener \u00e9xito en los estudios y en el trabajo.<br \/>\n<strong>11.<\/strong>\u00a0Para que cambio sea sostenible,\u00a0 es necesario que sea iniciado dentro de la comunidad misma. Por lo tanto, VE colabora con organizaciones estatales y ministerios, como tambi\u00e9n con organizaciones locales privadas y p\u00fablicas, para implementar nuestros programas.\u00a0 VE recibe la mayor\u00eda de sus recursos y suplementos de la comunidad.<br \/>\n<strong>16.<\/strong>\u00a0 El trabajo de VE busca promover la efectividad y calidad del sistema de residencias en Santiago. Tambi\u00e9n priorizamos la preparaci\u00f3n de nuestros voluntarios para que est\u00e9n preparados a manejar y reportar situaciones problem\u00e1ticas que podr\u00edan enfrentar con los ni\u00f1os.<br \/>\n<strong>17<\/strong>.\u00a0 Trabajamos con m\u00e1s de 37 diferentes colaboradores para implementar nuestros programas. Tambi\u00e9n\u00a0 evaluamos el \u00e9xito de nuestro trabajo tanto con los ni\u00f1os como con los voluntarios para constantemente poder mejorar la calidad de nuestro trabajo<\/p>\n\n\t                <\/div><!-- .panel-body (end) -->\n\t            <\/div><!-- .panel-collapse (end) -->\n\t        <\/div><!-- .panel (end) -->\n<div class=\"divider divider-shadow\"><\/div>\n<p><a href=\"http:\/\/new.voluntariosesperanza.org\/wp-content\/uploads\/2012\/08\/jarrod2web.jpg\"><img loading=\"lazy\" decoding=\"async\" class=\"size-medium wp-image-1171 alignright\" title=\"VE Volunteer with child.\" src=\"http:\/\/new.voluntariosesperanza.org\/wp-content\/uploads\/2012\/08\/jarrod2web-199x300.jpg\" alt=\"VE Volunteer with child.\" width=\"199\" height=\"300\" srcset=\"http:\/\/www.ve-global.org\/wp-content\/uploads\/2012\/08\/jarrod2web-199x300.jpg 199w, http:\/\/www.ve-global.org\/wp-content\/uploads\/2012\/08\/jarrod2web-129x195.jpg 129w, http:\/\/www.ve-global.org\/wp-content\/uploads\/2012\/08\/jarrod2web.jpg 426w\" sizes=\"auto, (max-width: 199px) 100vw, 199px\" \/><\/a><\/p>\n<p>&nbsp;<\/p>\n<h1>Visi\u00f3n<\/h1>\n<p>Anhelamos una comunidad global que asegure la igualdad de oportunidades para todos los ni\u00f1os.<\/p>\n<h1>Misi\u00f3n<\/h1>\n<p>Promovemos el desarrollo de ni\u00f1os en situaci\u00f3n de riesgo social en Chile, mediante la preparaci\u00f3n de voluntarios para que sean modelos positivos de vida, cumplan un rol formativo y aboguen por la justicia social.<\/p>\n<h2>Para lograr nuestra misi\u00f3n, nosotros:<\/h2>\n<p><i class=\"fa fa-asterisk\" style=\"font-size: 2em;color: #95ba21;\"><\/i>Creamos e implementamos programas educativos y recreativos para los ni\u00f1os, ni\u00f1as y adolescentes con los cuales trabajamos.<\/p>\n<p><i class=\"fa fa-asterisk\" style=\"font-size: 2em;color: #95ba21;\"><\/i>Desarrollamos en los voluntarios habilidades de liderazgo y tutorado durante el compromiso a largo plazo que asumen.<\/p>\n<p><i class=\"fa fa-asterisk\" style=\"font-size: 2em;color: #95ba21;\"><\/i>Colaboramos con las organizaciones que brindan servicios a los ni\u00f1os, ofreciendo programas complementarios, mostrando nuevas oportunidades, apoyando la recaudaci\u00f3n de fondos y el desarrollo de capital social.<\/p>\n<p><i class=\"fa fa-asterisk\" style=\"font-size: 2em;color: #95ba21;\"><\/i>Motivamos la creaci\u00f3n de una red mundial de antiguos voluntarios para que comprometan a sus comunidades locales en el trabajo por la justicia social de los ni\u00f1os.<\/p>\n<div class=\"divider divider-shadow\"><\/div>\n<p>VE Global se gu\u00eda por un conjunto de principios que sigue toda nuestra comunidad para asegurarse de que somos capaces de ayudar a los ni\u00f1os, ni\u00f1as y adolescentes que atendemos en Chile.<\/p>\n<h1>Valores<\/h1>\n<p><i class=\"fa fa-dot-circle-o\" style=\"font-size: 2em;color: #95ba21;\"><\/i> <strong>Comunidad:<\/strong> Construimos una familia global proactiva, de mentalidad social a trav\u00e9s del respeto, el apoyo y la inclusi\u00f3n.<\/p>\n<p><i class=\"fa fa-dot-circle-o\" style=\"font-size: 2em;color: #95ba21;\"><\/i> <strong>Potenciamiento:<\/strong> Creamos oportunidades para todos dentro de nuestra comunidad para aprender, crecer y desafiarse a s\u00ed mismos. Proporcionamos herramientas y conocimiento para fomentar y maximizar el potencial.<\/p>\n<p><i class=\"fa fa-dot-circle-o\" style=\"font-size: 2em;color: #95ba21;\"><\/i> <strong>Positividad:<\/strong> Cultivamos el cambio con previsi\u00f3n, optimismo y \u00e1nimo.<\/p>\n<p><i class=\"fa fa-dot-circle-o\" style=\"font-size: 2em;color: #95ba21;\"><\/i> <strong>Responsabilidad:<\/strong> Gestionamos nuestros recursos de manera eficiente para asegurar un impacto social sostenible.<\/p>\n<p><i class=\"fa fa-dot-circle-o\" style=\"font-size: 2em;color: #95ba21;\"><\/i> <strong>Integridad:<\/strong> Creemos en la sinceridad, la honestidad y el poder de nuestras palabras y acciones.<\/p>\n<div class=\"divider divider-shadow\"><\/div>\n<p align=\"center\"><a href=\"http:\/\/www.ve-global.org\/es\/donar\/dona-a-ve-global\/\"><img loading=\"lazy\" decoding=\"async\" class=\"alignnone\" src=\"http:\/\/ve-global.org\/wp-content\/uploads\/2014\/09\/Dona-Ahora-Button.png\" alt=\"\" width=\"200\" height=\"50\" \/><\/a>\u00a0 \u00a0 \u00a0<a href=\"http:\/\/ve-global.org\/newsletter\/\"><img loading=\"lazy\" decoding=\"async\" class=\"alignnone wp-image-3860 size-full\" src=\"http:\/\/ve-global.org\/wp-content\/uploads\/2014\/10\/Boletin-Mensual-VE-Global-Button.png\" alt=\"Boletin-Mensual-VE-Global-Button\" width=\"200\" height=\"50\" srcset=\"http:\/\/www.ve-global.org\/wp-content\/uploads\/2014\/10\/Boletin-Mensual-VE-Global-Button.png 200w, http:\/\/www.ve-global.org\/wp-content\/uploads\/2014\/10\/Boletin-Mensual-VE-Global-Button-195x48.png 195w\" sizes=\"auto, (max-width: 200px) 100vw, 200px\" \/><\/a><\/p>\n","protected":false},"excerpt":{"rendered":"<p>Qui\u00e9nes Somos VE Global (VE) recluta, capacita y organiza voluntarios alrededor del mundo a fin de lograr nuestra misi\u00f3n, la cual es fomentar el desarrollo positivo de ni\u00f1os en situaciones de riesgo social en Santiago de Chile. VE ha logrado integrar cerca de 450 voluntarios desde m\u00e1s de 35 pa\u00edses a nuestra red de seis [&hellip;]<\/p>\n","protected":false},"author":4,"featured_media":0,"parent":0,"menu_order":0,"comment_status":"open","ping_status":"closed","template":"template_builder.php","meta":{"footnotes":""},"class_list":["post-114","page","type-page","status-publish","hentry"],"_links":{"self":[{"href":"http:\/\/www.ve-global.org\/es\/wp-json\/wp\/v2\/pages\/114","targetHints":{"allow":["GET"]}}],"collection":[{"href":"http:\/\/www.ve-global.org\/es\/wp-json\/wp\/v2\/pages"}],"about":[{"href":"http:\/\/www.ve-global.org\/es\/wp-json\/wp\/v2\/types\/page"}],"author":[{"embeddable":true,"href":"http:\/\/www.ve-global.org\/es\/wp-json\/wp\/v2\/users\/4"}],"replies":[{"embeddable":true,"href":"http:\/\/www.ve-global.org\/es\/wp-json\/wp\/v2\/comments?post=114"}],"version-history":[{"count":32,"href":"http:\/\/www.ve-global.org\/es\/wp-json\/wp\/v2\/pages\/114\/revisions"}],"predecessor-version":[{"id":8348,"href":"http:\/\/www.ve-global.org\/es\/wp-json\/wp\/v2\/pages\/114\/revisions\/8348"}],"wp:attachment":[{"href":"http:\/\/www.ve-global.org\/es\/wp-json\/wp\/v2\/media?parent=114"}],"curies":[{"name":"wp","href":"https:\/\/api.w.org\/{rel}","templated":true}]}}