{"id":1134,"date":"2012-09-26T11:39:10","date_gmt":"2012-09-26T14:39:10","guid":{"rendered":"http:\/\/new.voluntariosesperanza.org\/donar\/dona-a-ve-global\/"},"modified":"2017-12-04T17:56:43","modified_gmt":"2017-12-04T20:56:43","slug":"dona-a-ve-global","status":"publish","type":"page","link":"http:\/\/www.ve-global.org\/es\/donar\/dona-a-ve-global\/","title":{"rendered":"Dona a VE Global"},"content":{"rendered":"<h1 class=\"entry-title\">\u00a1Haz una Donaci\u00f3n!<\/h1>\n\r\nA continuaci\u00f3n hay algunos\u00a0ejemplos de lo que podemos hacer con tu donaci\u00f3n:\r\n\r\n<img loading=\"lazy\" decoding=\"async\" class=\"alignleft size-full wp-image-7816\" src=\"http:\/\/www.ve-global.org\/wp-content\/uploads\/2012\/09\/Donaciones.png\" alt=\"\" width=\"900\" height=\"400\" srcset=\"http:\/\/www.ve-global.org\/wp-content\/uploads\/2012\/09\/Donaciones.png 900w, http:\/\/www.ve-global.org\/wp-content\/uploads\/2012\/09\/Donaciones-300x133.png 300w, http:\/\/www.ve-global.org\/wp-content\/uploads\/2012\/09\/Donaciones-768x341.png 768w, http:\/\/www.ve-global.org\/wp-content\/uploads\/2012\/09\/Donaciones-620x276.png 620w, http:\/\/www.ve-global.org\/wp-content\/uploads\/2012\/09\/Donaciones-195x87.png 195w\" sizes=\"auto, (max-width: 900px) 100vw, 900px\" \/>\r\n\r\n<div class=\"column grid_4\"><p>Tu generosa colaboraci\u00f3n nos ayudar\u00e1 a financiar nuestros programas y apoyar a los ni\u00f1os con los que trabajamos.<\/p>\n<p><img decoding=\"async\" class=\"aligncenter\" src=\"http:\/\/www.ve-global.org\/wp-content\/uploads\/2017\/05\/Screen-Shot-2017-05-30-at-10.19.45-AM-e1512420795604.png\" \/><\/p>\n<p>Puedes apoyar nuestro trabajo donando <em>online<\/em> usando uno de los siguientes servicios y una tarjeta de cr\u00e9dito:<\/p>\n<h2 style=\"text-align: center;\">Donaci\u00f3n<\/h2>\n<form action=\"https:\/\/www.paypal.com\/cgi-bin\/webscr\" method=\"post\">\n<p style=\"text-align: center;\"><input name=\"cmd\" type=\"hidden\" value=\"_s-xclick\" \/><br \/>\n<input name=\"hosted_button_id\" type=\"hidden\" value=\"GRGBAGWAUX22W\" \/><br \/>\n<input alt=\"PayPal. La forma r\u00e1pida y segura de pagar en Internet.\" name=\"submit\" src=\"https:\/\/www.paypalobjects.com\/es_ES\/ES\/i\/btn\/btn_donateCC_LG.gif\" type=\"image\" \/><br \/>\n<img loading=\"lazy\" decoding=\"async\" class=\"aligncenter\" src=\"https:\/\/www.paypalobjects.com\/en_US\/i\/scr\/pixel.gif\" alt=\"\" width=\"1\" height=\"1\" border=\"0\" \/><\/p>\n<\/form>\n<h2 style=\"text-align: center;\">Donaci\u00f3n Recurrente<\/h2>\n<form action=\"https:\/\/www.paypal.com\/cgi-bin\/webscr\" method=\"post\" target=\"_top\"><input name=\"cmd\" type=\"hidden\" value=\"_s-xclick\" \/><\/p>\n<div><\/div>\n<p><input name=\"hosted_button_id\" type=\"hidden\" value=\"EDU3CZZAJSDHW\" \/><\/p>\n<table>\n<tbody>\n<tr>\n<td><input name=\"on0\" type=\"hidden\" value=\"Monthly Donation\" \/>Donaci\u00f3n Mensual<\/td>\n<\/tr>\n<tr>\n<td><select name=\"os0\"><option value=\"Option 1\">Option 1 : $5,00 USD - mensual<\/option><option value=\"Option 2\">Option 2 : $10,00 USD - mensual<\/option><option value=\"Option 3\">Option 3 : $15,00 USD - mensual<\/option><option value=\"Option 4\">Option 4 : $20,00 USD - mensual<\/option><option value=\"Option 5\">Option 5 : $25,00 USD - mensual<\/option><\/select><\/td>\n<\/tr>\n<\/tbody>\n<\/table>\n<p><input name=\"currency_code\" type=\"hidden\" value=\"USD\" \/><br \/>\n<input class=\"aligncenter\" alt=\"PayPal - The safer, easier way to pay online!\" name=\"submit\" src=\"https:\/\/www.paypalobjects.com\/en_US\/i\/btn\/btn_subscribeCC_LG.gif\" type=\"image\" \/><br \/>\n<img loading=\"lazy\" decoding=\"async\" src=\"https:\/\/www.paypalobjects.com\/es_XC\/i\/scr\/pixel.gif\" alt=\"\" width=\"1\" height=\"1\" border=\"0\" \/><\/p>\n<\/div>\r\n<div class=\"column grid_4 last\"><p style=\"text-align: center;\"><a href=\"http:\/\/new.voluntariosesperanza.org\/wp-content\/uploads\/2012\/08\/DSav_November_2011_AP_11.jpg\"><img loading=\"lazy\" decoding=\"async\" class=\"wp-image-1137 aligncenter\" title=\"Mi Club Domingo Savio\" src=\"http:\/\/new.voluntariosesperanza.org\/wp-content\/uploads\/2012\/08\/DSav_November_2011_AP_11-300x199.jpg\" alt=\"\" width=\"300\" height=\"199\" srcset=\"http:\/\/www.ve-global.org\/wp-content\/uploads\/2012\/08\/DSav_November_2011_AP_11-300x199.jpg 300w, http:\/\/www.ve-global.org\/wp-content\/uploads\/2012\/08\/DSav_November_2011_AP_11-940x624.jpg 940w, http:\/\/www.ve-global.org\/wp-content\/uploads\/2012\/08\/DSav_November_2011_AP_11-620x412.jpg 620w, http:\/\/www.ve-global.org\/wp-content\/uploads\/2012\/08\/DSav_November_2011_AP_11-195x129.jpg 195w, http:\/\/www.ve-global.org\/wp-content\/uploads\/2012\/08\/DSav_November_2011_AP_11.jpg 960w\" sizes=\"auto, (max-width: 300px) 100vw, 300px\" \/><\/a><\/p>\n<p><div class=\"info-box info-box-approved\"><p>Si haces una donaci\u00f3n off-line, por favor enviar cheques a nombre de VE Global a:<br \/>\nVE Global<br \/>\nPO Box 390777<br \/>\nCambridge, MA 02139<\/p>\n<\/div><\/p>\n<p>Como VE lleva a cabo la mayor\u00eda de sus servicios fuera de los Estados Unidos, el Servicio de Impuestos Internos (Internal Revenue Service) nos pide que informemos a los contribuyentes que nuestra Junta Directiva tiene la m\u00e1xima autoridad sobre los fondos donados a nosotros.<\/p>\n<\/div><div class=\"clear\"><\/div>\r\n<div class=\"clear\"><\/div>\r\n<div class=\"divider divider-shadow\"><\/div>\n<h2 style=\"text-align: center;\"><em>\u00a1Gracias por tu ayuda!<\/em><\/h2>\n<\/form>\n","protected":false},"excerpt":{"rendered":"<p>\u00a1Haz una Donaci\u00f3n! A continuaci\u00f3n hay algunos\u00a0ejemplos de lo que podemos hacer con tu donaci\u00f3n: \u00a1Gracias por tu ayuda!<\/p>\n","protected":false},"author":8,"featured_media":0,"parent":643,"menu_order":0,"comment_status":"open","ping_status":"open","template":"template_builder.php","meta":{"footnotes":""},"class_list":["post-1134","page","type-page","status-publish","hentry"],"_links":{"self":[{"href":"http:\/\/www.ve-global.org\/es\/wp-json\/wp\/v2\/pages\/1134","targetHints":{"allow":["GET"]}}],"collection":[{"href":"http:\/\/www.ve-global.org\/es\/wp-json\/wp\/v2\/pages"}],"about":[{"href":"http:\/\/www.ve-global.org\/es\/wp-json\/wp\/v2\/types\/page"}],"author":[{"embeddable":true,"href":"http:\/\/www.ve-global.org\/es\/wp-json\/wp\/v2\/users\/8"}],"replies":[{"embeddable":true,"href":"http:\/\/www.ve-global.org\/es\/wp-json\/wp\/v2\/comments?post=1134"}],"version-history":[{"count":34,"href":"http:\/\/www.ve-global.org\/es\/wp-json\/wp\/v2\/pages\/1134\/revisions"}],"predecessor-version":[{"id":1511,"href":"http:\/\/www.ve-global.org\/es\/wp-json\/wp\/v2\/pages\/1134\/revisions\/1511"}],"up":[{"embeddable":true,"href":"http:\/\/www.ve-global.org\/es\/wp-json\/wp\/v2\/pages\/643"}],"wp:attachment":[{"href":"http:\/\/www.ve-global.org\/es\/wp-json\/wp\/v2\/media?parent=1134"}],"curies":[{"name":"wp","href":"https:\/\/api.w.org\/{rel}","templated":true}]}}